{"id":9986,"date":"2023-10-11T11:10:19","date_gmt":"2023-10-11T09:10:19","guid":{"rendered":"https:\/\/ocorpino.org\/ano-santo-mariano\/"},"modified":"2023-10-11T14:50:24","modified_gmt":"2023-10-11T12:50:24","slug":"ano-santo-mariano","status":"publish","type":"page","link":"https:\/\/ocorpino.org\/gl\/ano-santo-mariano\/","title":{"rendered":"A\u00f1o Santo Mariano"},"content":{"rendered":"<div class='clear'><\/div><div id='sub_menu1'  class='av-submenu-container av-lnllexfm-9bacc5dc121cd9e04992ded865ab8126 header_color  avia-builder-el-0  el_before_av_section  avia-builder-el-first  av-sticky-submenu container_wrap fullsize' style='z-index:301' ><div class='container av-menu-mobile-disabled av-submenu-pos-center'><ul id=\"menu-idiomas-gl\" class=\"av-subnav-menu\"><li role=\"menuitem\" id=\"menu-item-wpml-ls-102-es\" class=\"menu-item-language menu-item wpml-ls-slot-102 wpml-ls-item wpml-ls-item-es wpml-ls-menu-item wpml-ls-first-item menu-item-type-wpml_ls_menu_item menu-item-object-wpml_ls_menu_item menu-item-top-level menu-item-top-level-1\"><a href=\"https:\/\/ocorpino.org\/\" itemprop=\"url\" tabindex=\"0\"><span class=\"avia-bullet\"><\/span><span class=\"avia-menu-text\"><img\n            class=\"wpml-ls-flag\"\n            src=\"https:\/\/ocorpino.org\/wp-content\/plugins\/sitepress-multilingual-cms\/res\/flags\/es.png\"\n            alt=\"Spanish\"\n            \n            \n    \/><\/span><span class=\"avia-menu-fx\"><span class=\"avia-arrow-wrap\"><span class=\"avia-arrow\"><\/span><\/span><\/span><\/a><\/li>\n<li role=\"menuitem\" id=\"menu-item-wpml-ls-102-en\" class=\"menu-item-language menu-item wpml-ls-slot-102 wpml-ls-item wpml-ls-item-en wpml-ls-menu-item wpml-ls-last-item menu-item-type-wpml_ls_menu_item menu-item-object-wpml_ls_menu_item menu-item-top-level menu-item-top-level-2\"><a href=\"https:\/\/ocorpino.org\/en\/\" itemprop=\"url\" tabindex=\"0\"><span class=\"avia-bullet\"><\/span><span class=\"avia-menu-text\"><img\n            class=\"wpml-ls-flag\"\n            src=\"https:\/\/ocorpino.org\/wp-content\/plugins\/sitepress-multilingual-cms\/res\/flags\/en.png\"\n            alt=\"English\"\n            \n            \n    \/><\/span><span class=\"avia-menu-fx\"><span class=\"avia-arrow-wrap\"><span class=\"avia-arrow\"><\/span><\/span><\/span><\/a><\/li>\n<\/ul><\/div><\/div><div class='sticky_placeholder'><\/div>\n\n<style type=\"text\/css\" data-created_by=\"avia_inline_auto\" id=\"style-css-av-lnlkk0fy-19adaefff6f9cd498fc1abc496ef2688\">\n.avia-section.av-lnlkk0fy-19adaefff6f9cd498fc1abc496ef2688{\nbackground-repeat:no-repeat;\nbackground-image:url(https:\/\/ocorpino.org\/wp-content\/uploads\/2023\/10\/ano_mariano_back.jpg);\nbackground-position:0% 0%;\nbackground-attachment:scroll;\n}\n<\/style>\n<div id='av_section_1'  class='avia-section av-lnlkk0fy-19adaefff6f9cd498fc1abc496ef2688 main_color avia-section-default avia-no-border-styling  avia-builder-el-1  el_after_av_submenu  avia-builder-el-last  avia-full-stretch avia-bg-style-scroll container_wrap fullsize'  data-section-bg-repeat='stretch'><div class='container av-section-cont-open' ><div class='template-page content  av-content-full alpha units'><div class='post-entry post-entry-type-page post-entry-9986'><div class='entry-content-wrapper clearfix'>\n\n<style type=\"text\/css\" data-created_by=\"avia_inline_auto\" id=\"style-css-av-lnlkrf9a-da67efda0183c7ce57a5fa55b0925219\">\n#top .hr.hr-invisible.av-lnlkrf9a-da67efda0183c7ce57a5fa55b0925219{\nheight:30px;\n}\n<\/style>\n<div  class='hr av-lnlkrf9a-da67efda0183c7ce57a5fa55b0925219 hr-invisible  avia-builder-el-2  el_before_av_one_full  avia-builder-el-first '><span class='hr-inner '><span class=\"hr-inner-style\"><\/span><\/span><\/div>\n\n<style type=\"text\/css\" data-created_by=\"avia_inline_auto\" id=\"style-css-av-784a5u-71fc92aefe7cf8b96675ade0a2fe4bb8\">\n.flex_column.av-784a5u-71fc92aefe7cf8b96675ade0a2fe4bb8{\n-webkit-border-radius:5px 5px 5px 5px;\n-moz-border-radius:5px 5px 5px 5px;\nborder-radius:5px 5px 5px 5px;\npadding:30px 30px 30px 30px;\nbackground-color:#ffffff;\n}\n<\/style>\n<div class='flex_column av-784a5u-71fc92aefe7cf8b96675ade0a2fe4bb8 av_one_full  avia-builder-el-3  el_after_av_hr  el_before_av_hr  first flex_column_div '     ><p>\n<style type=\"text\/css\" data-created_by=\"avia_inline_auto\" id=\"style-css-av-lnlk1axl-1bd4df39906fa7838f90eb0f6269e071\">\n#top .av-special-heading.av-lnlk1axl-1bd4df39906fa7838f90eb0f6269e071{\npadding-bottom:10px;\n}\nbody .av-special-heading.av-lnlk1axl-1bd4df39906fa7838f90eb0f6269e071 .av-special-heading-tag .heading-char{\nfont-size:25px;\n}\n.av-special-heading.av-lnlk1axl-1bd4df39906fa7838f90eb0f6269e071 .av-subheading{\nfont-size:15px;\n}\n<\/style>\n<div  class='av-special-heading av-lnlk1axl-1bd4df39906fa7838f90eb0f6269e071 av-special-heading-h1 custom-color-heading blockquote modern-quote  avia-builder-el-4  el_before_av_textblock  avia-builder-el-first '><h1 class='av-special-heading-tag'  itemprop=\"headline\"  >Ano Santo Mariano<\/h1><div class=\"special-heading-border\"><div class=\"special-heading-inner-border\"><\/div><\/div><\/div><br \/>\n<section  class='av_textblock_section av-lnlocg86-a3bfdb189231d804368a484499b5c3ed'  itemscope=\"itemscope\" itemtype=\"https:\/\/schema.org\/CreativeWork\" ><div class='avia_textblock'  itemprop=\"text\" ><div class='flex_column av-6c539e-f92d674784ef7c9f2dce9e88f6b13630 av_two_third  avia-builder-el-6  el_before_av_one_third  avia-builder-el-first  first flex_column_div '     ><p>O Ano Santo concedido ao Santuario de Ntra. Sra. de Ou Corpi\u00f1o comezou o 24 de xu\u00f1o de 2023 e prol\u00f3ngase ata a mesma data do pr\u00f3ximo ano. Durante todo este tempo, poden conseguir a Indulxencia Plenaria todos os fieis que cumpran cos requisitos propostos pola Santa Nai Iglesia.<\/p><\/div><div class='flex_column av-4e2l2q-404dda0968470ca43e227138000ba7c9 av_one_third  avia-builder-el-7  el_after_av_two_third  avia-builder-el-last  flex_column_div '     ><style type=\"text\/css\" data-created_by=\"avia_inline_auto\" id=\"style-css-av-7n7de-094d5bc9c883c9bf1d85583878159a64\">\n.avia-image-container.av-7n7de-094d5bc9c883c9bf1d85583878159a64 img.avia_image{\nbox-shadow:none;\n}\n.avia-image-container.av-7n7de-094d5bc9c883c9bf1d85583878159a64 .av-image-caption-overlay-center{\ncolor:#ffffff;\n}\n<\/style>\n<div  class='avia-image-container av-7n7de-094d5bc9c883c9bf1d85583878159a64 av-styling- avia-align-center  avia-builder-el-8  avia-builder-el-no-sibling '   itemprop=\"image\" itemscope=\"itemscope\" itemtype=\"https:\/\/schema.org\/ImageObject\" ><div class=\"avia-image-container-inner\"><div class=\"avia-image-overlay-wrap\"><img decoding=\"async\" class='wp-image-9959 avia-img-lazy-loading-not-9959 avia_image ' src=\"https:\/\/ocorpino.org\/wp-content\/uploads\/2023\/10\/corpino-180x180.png\" alt='' title='corpino'  height=\"180\" width=\"180\"  itemprop=\"thumbnailUrl\" srcset=\"https:\/\/ocorpino.org\/wp-content\/uploads\/2023\/10\/corpino-180x180.png 180w, https:\/\/ocorpino.org\/wp-content\/uploads\/2023\/10\/corpino-300x300.png 300w, https:\/\/ocorpino.org\/wp-content\/uploads\/2023\/10\/corpino-80x80.png 80w, https:\/\/ocorpino.org\/wp-content\/uploads\/2023\/10\/corpino-36x36.png 36w, https:\/\/ocorpino.org\/wp-content\/uploads\/2023\/10\/corpino.png 500w\" sizes=\"(max-width: 180px) 100vw, 180px\" \/><\/div><\/div><\/div><\/div><\/p>\n<\/div><\/section><\/p><\/div>\n<style type=\"text\/css\" data-created_by=\"avia_inline_auto\" id=\"style-css-av-7buf6-16af2dbd3a21c9c3770d618f1a4eaa77\">\n#top .hr.hr-invisible.av-7buf6-16af2dbd3a21c9c3770d618f1a4eaa77{\nheight:30px;\n}\n<\/style>\n<div  class='hr av-7buf6-16af2dbd3a21c9c3770d618f1a4eaa77 hr-invisible  avia-builder-el-9  el_after_av_one_full  el_before_av_one_full '><span class='hr-inner '><span class=\"hr-inner-style\"><\/span><\/span><\/div>\n\n<style type=\"text\/css\" data-created_by=\"avia_inline_auto\" id=\"style-css-av-eljbn6-2f7ede0f8f8e0b8f60fa6661a2122bb3\">\n.flex_column.av-eljbn6-2f7ede0f8f8e0b8f60fa6661a2122bb3{\n-webkit-border-radius:5px 5px 5px 5px;\n-moz-border-radius:5px 5px 5px 5px;\nborder-radius:5px 5px 5px 5px;\npadding:30px 30px 30px 30px;\nbackground-color:#ffffff;\n}\n<\/style>\n<div class='flex_column av-eljbn6-2f7ede0f8f8e0b8f60fa6661a2122bb3 av_one_full  avia-builder-el-10  el_after_av_hr  el_before_av_hr  first flex_column_div '     ><p>\n<style type=\"text\/css\" data-created_by=\"avia_inline_auto\" id=\"style-css-av-d0lus2-6d2102f80a5539f2898da229d88c4ac3\">\n#top .av-special-heading.av-d0lus2-6d2102f80a5539f2898da229d88c4ac3{\npadding-bottom:10px;\ncolor:#3f3f3f;\n}\nbody .av-special-heading.av-d0lus2-6d2102f80a5539f2898da229d88c4ac3 .av-special-heading-tag .heading-char{\nfont-size:25px;\n}\n.av-special-heading.av-d0lus2-6d2102f80a5539f2898da229d88c4ac3 .special-heading-inner-border{\nborder-color:#3f3f3f;\n}\n.av-special-heading.av-d0lus2-6d2102f80a5539f2898da229d88c4ac3 .av-subheading{\nfont-size:15px;\n}\n<\/style>\n<div  class='av-special-heading av-d0lus2-6d2102f80a5539f2898da229d88c4ac3 av-special-heading-h3 custom-color-heading blockquote modern-quote  avia-builder-el-11  el_before_av_table  avia-builder-el-first '><h3 class='av-special-heading-tag'  itemprop=\"headline\"  >Horarios de apertura do Santuario<\/h3><div class=\"special-heading-border\"><div class=\"special-heading-inner-border\"><\/div><\/div><\/div><br \/>\n<div  class='avia-table av-b4oide-cee47a5b816b51054397d2256ee85163 main_color avia-pricing-table-container avia_pricing_default  avia-builder-el-12  el_after_av_heading  el_before_av_textblock  avia-table-1'  itemscope=\"itemscope\" itemtype=\"https:\/\/schema.org\/Table\" ><div class=\"pricing-table-wrap\"><ul class='pricing-table '><li class=''><div class='first-table-item'><strong>Todos os d\u00edas laborais do ano:<\/strong><br \/>\nMa\u00f1\u00e1s: 11:00h a 14:00h.<br \/>\nTardes: 16:00h a 20:00h.<br \/><\/div><span class='pricing-extra'><\/span><\/li><\/ul><\/div><div class=\"pricing-table-wrap\"><ul class='pricing-table '><li class=''><div class='first-table-item'><strong>Todos os s\u00e1bados do ano:<\/strong><br \/>\nMa\u00f1\u00e1s: 11:00h a 13:30h.<br \/>\nTardes: 16:00h a 20:00h.<\/div><span class='pricing-extra'><\/span><\/li><\/ul><\/div><div class=\"pricing-table-wrap\"><ul class='pricing-table '><li class=''><div class='first-table-item'><strong>Todos os domingos do ano:<\/strong><br \/>\nMa\u00f1\u00e1s: 09:30h a 13:30h.<br \/>\nTardes: 16:00h a 20:00h.<\/div><span class='pricing-extra'><\/span><\/li><\/ul><\/div><\/div><br \/>\n<section  class='av_textblock_section av-37bnua-113127c7f953202b2241a0f3fdea7062'  itemscope=\"itemscope\" itemtype=\"https:\/\/schema.org\/CreativeWork\" ><div class='avia_textblock'  itemprop=\"text\" ><p><strong><u>NOTA<\/u><\/strong>: Nestes horarios p\u00f3dense adquirir recordos e obxectos de devoci\u00f3n: rosarios, medallas, pulseiras etc. Se non queda xente pechar\u00edase despois da Misa.<\/p>\n<\/div><\/section><\/p><\/div>\n<style type=\"text\/css\" data-created_by=\"avia_inline_auto\" id=\"style-css-av-2qc5ya-cabfc9a53c2a0b50125f433fbfb419e7\">\n#top .hr.hr-invisible.av-2qc5ya-cabfc9a53c2a0b50125f433fbfb419e7{\nheight:30px;\n}\n<\/style>\n<div  class='hr av-2qc5ya-cabfc9a53c2a0b50125f433fbfb419e7 hr-invisible  avia-builder-el-14  el_after_av_one_full  el_before_av_one_full '><span class='hr-inner '><span class=\"hr-inner-style\"><\/span><\/span><\/div>\n\n<style type=\"text\/css\" data-created_by=\"avia_inline_auto\" id=\"style-css-av-72ut6a-6f36bafb817fb24e72cb2fbf192d4e7c\">\n.flex_column.av-72ut6a-6f36bafb817fb24e72cb2fbf192d4e7c{\n-webkit-border-radius:5px 5px 5px 5px;\n-moz-border-radius:5px 5px 5px 5px;\nborder-radius:5px 5px 5px 5px;\npadding:30px 30px 30px 30px;\nbackground-color:#ffffff;\n}\n<\/style>\n<div class='flex_column av-72ut6a-6f36bafb817fb24e72cb2fbf192d4e7c av_one_full  avia-builder-el-15  el_after_av_hr  el_before_av_hr  first flex_column_div '     ><p>\n<style type=\"text\/css\" data-created_by=\"avia_inline_auto\" id=\"style-css-av-5xwm6q-f00eb3715751e1b1a2c194cc239403e2\">\n#top .av-special-heading.av-5xwm6q-f00eb3715751e1b1a2c194cc239403e2{\npadding-bottom:10px;\ncolor:#3f3f3f;\n}\nbody .av-special-heading.av-5xwm6q-f00eb3715751e1b1a2c194cc239403e2 .av-special-heading-tag .heading-char{\nfont-size:25px;\n}\n.av-special-heading.av-5xwm6q-f00eb3715751e1b1a2c194cc239403e2 .special-heading-inner-border{\nborder-color:#3f3f3f;\n}\n.av-special-heading.av-5xwm6q-f00eb3715751e1b1a2c194cc239403e2 .av-subheading{\nfont-size:15px;\n}\n<\/style>\n<div  class='av-special-heading av-5xwm6q-f00eb3715751e1b1a2c194cc239403e2 av-special-heading-h3 custom-color-heading blockquote modern-quote  avia-builder-el-16  el_before_av_textblock  avia-builder-el-first '><h3 class='av-special-heading-tag'  itemprop=\"headline\"  >Horarios da Santa Misa<\/h3><div class=\"special-heading-border\"><div class=\"special-heading-inner-border\"><\/div><\/div><\/div><br \/>\n<section  class='av_textblock_section av-fx4oi-8bd7bb184880f3da8300a3f9f1cd002b'  itemscope=\"itemscope\" itemtype=\"https:\/\/schema.org\/CreativeWork\" ><div class='avia_textblock'  itemprop=\"text\" ><p>Laborais: a las 6 de la tarde.<br \/>\nS\u00e1bados: 12 da ma\u00f1\u00e1 e 6 da tarde.<br \/>\nDomingos e festivos: Ma\u00f1\u00e1s as 10 e as 12 e tardes as 6.<\/p>\n<\/div><\/section><\/p><\/div>\n<style type=\"text\/css\" data-created_by=\"avia_inline_auto\" id=\"style-css-av-7azk2-257544823aa1aa879f2f4f0de4de535e\">\n#top .hr.hr-invisible.av-7azk2-257544823aa1aa879f2f4f0de4de535e{\nheight:30px;\n}\n<\/style>\n<div  class='hr av-7azk2-257544823aa1aa879f2f4f0de4de535e hr-invisible  avia-builder-el-18  el_after_av_one_full  el_before_av_one_full '><span class='hr-inner '><span class=\"hr-inner-style\"><\/span><\/span><\/div>\n\n<style type=\"text\/css\" data-created_by=\"avia_inline_auto\" id=\"style-css-av-5rhzpu-7b6f285cc4f50f682544235b0314ac4f\">\n.flex_column.av-5rhzpu-7b6f285cc4f50f682544235b0314ac4f{\n-webkit-border-radius:5px 5px 5px 5px;\n-moz-border-radius:5px 5px 5px 5px;\nborder-radius:5px 5px 5px 5px;\npadding:30px 30px 30px 30px;\nbackground-color:#ffffff;\n}\n<\/style>\n<div class='flex_column av-5rhzpu-7b6f285cc4f50f682544235b0314ac4f av_one_full  avia-builder-el-19  el_after_av_hr  avia-builder-el-last  first flex_column_div '     ><p>\n<style type=\"text\/css\" data-created_by=\"avia_inline_auto\" id=\"style-css-av-3wad8i-2f714d15aec920e795f2461378db0ff9\">\n#top .av-special-heading.av-3wad8i-2f714d15aec920e795f2461378db0ff9{\npadding-bottom:10px;\ncolor:#3f3f3f;\n}\nbody .av-special-heading.av-3wad8i-2f714d15aec920e795f2461378db0ff9 .av-special-heading-tag .heading-char{\nfont-size:25px;\n}\n.av-special-heading.av-3wad8i-2f714d15aec920e795f2461378db0ff9 .special-heading-inner-border{\nborder-color:#3f3f3f;\n}\n.av-special-heading.av-3wad8i-2f714d15aec920e795f2461378db0ff9 .av-subheading{\nfont-size:15px;\n}\n<\/style>\n<div  class='av-special-heading av-3wad8i-2f714d15aec920e795f2461378db0ff9 av-special-heading-h3 custom-color-heading blockquote modern-quote  avia-builder-el-20  el_before_av_textblock  avia-builder-el-first '><h3 class='av-special-heading-tag'  itemprop=\"headline\"  >Requisitos para ga\u00f1ar a indulxencia plenaria<\/h3><div class=\"special-heading-border\"><div class=\"special-heading-inner-border\"><\/div><\/div><\/div><br \/>\n<section  class='av_textblock_section av-lnllk4pq-d5c0dc697eee74c512dc65c5aa58d8c0'  itemscope=\"itemscope\" itemtype=\"https:\/\/schema.org\/CreativeWork\" ><div class='avia_textblock'  itemprop=\"text\" ><ol>\n<li>Acudir en peregrinaci\u00f3n (polo menos desde a Carballeira) ao Santuario da nosa Se\u00f1ora de Ou Corpi\u00f1o.<\/li>\n<li>Entrar pola Porta Santa.<\/li>\n<li>Acudir ao Sacramento da Reconciliaci\u00f3n ou Confesi\u00f3n, co desexo firme de non pecar m\u00e1is.<\/li>\n<li>Recibir a Sacra Comu\u00f1\u00f3n durante a celebraci\u00f3n da Eucarist\u00eda.<\/li>\n<li>Rezar un Credo diante da imaxe de Ntra. Sra. de O Corpi\u00f1o, as\u00ed como encomendar ao Papa e rezar polas s\u00faas intenci\u00f3ns. Tam\u00e9n se convida a rezar pola perseveranza de cada un na fe, polo aumento de vocaci\u00f3ns e pola familia.<\/li>\n<\/ol>\n<p><strong><u>Nota<\/u><\/strong>: A\u00ednda que non \u00e9 necesario realizar todas estas acci\u00f3ns o mesmo d\u00eda, si que \u00e9 recomendable facelo. Se non fose posible, c\u00f3ntase cun lapso de quince d\u00edas antes ou despois do d\u00eda da Visita ao Santuario para realizalos.<\/p>\n<\/div><\/section><\/p><\/div>\n","protected":false},"excerpt":{"rendered":"","protected":false},"author":1,"featured_media":0,"parent":0,"menu_order":0,"comment_status":"closed","ping_status":"closed","template":"template-blank.php","meta":[],"yoast_head":"<!-- This site is optimized with the Yoast SEO plugin v20.5 - https:\/\/yoast.com\/wordpress\/plugins\/seo\/ -->\n<title>A\u00f1o Santo Mariano - Santuario O Corpi\u00f1o<\/title>\n<meta name=\"robots\" content=\"index, follow, max-snippet:-1, max-image-preview:large, max-video-preview:-1\" \/>\n<link rel=\"canonical\" href=\"https:\/\/ocorpino.org\/gl\/ano-santo-mariano\/\" \/>\n<meta property=\"og:locale\" content=\"gl_ES\" \/>\n<meta property=\"og:type\" content=\"article\" \/>\n<meta property=\"og:title\" content=\"A\u00f1o Santo Mariano - Santuario O Corpi\u00f1o\" \/>\n<meta property=\"og:url\" content=\"https:\/\/ocorpino.org\/gl\/ano-santo-mariano\/\" \/>\n<meta property=\"og:site_name\" content=\"Santuario O Corpi\u00f1o\" \/>\n<meta property=\"article:publisher\" content=\"https:\/\/www.facebook.com\/santuariodeocorpino\" \/>\n<meta property=\"article:modified_time\" content=\"2023-10-11T12:50:24+00:00\" \/>\n<meta name=\"twitter:card\" content=\"summary_large_image\" \/>\n<meta name=\"twitter:site\" content=\"@ocorpino\" \/>\n<meta name=\"twitter:label1\" content=\"Tempo de lectura\" \/>\n\t<meta name=\"twitter:data1\" content=\"8 minutos\" \/>\n<script type=\"application\/ld+json\" class=\"yoast-schema-graph\">{\"@context\":\"https:\/\/schema.org\",\"@graph\":[{\"@type\":\"WebPage\",\"@id\":\"https:\/\/ocorpino.org\/gl\/ano-santo-mariano\/\",\"url\":\"https:\/\/ocorpino.org\/gl\/ano-santo-mariano\/\",\"name\":\"A\u00f1o Santo Mariano - Santuario O Corpi\u00f1o\",\"isPartOf\":{\"@id\":\"https:\/\/ocorpino.org\/#website\"},\"datePublished\":\"2023-10-11T09:10:19+00:00\",\"dateModified\":\"2023-10-11T12:50:24+00:00\",\"breadcrumb\":{\"@id\":\"https:\/\/ocorpino.org\/gl\/ano-santo-mariano\/#breadcrumb\"},\"inLanguage\":\"gl-ES\",\"potentialAction\":[{\"@type\":\"ReadAction\",\"target\":[\"https:\/\/ocorpino.org\/gl\/ano-santo-mariano\/\"]}]},{\"@type\":\"BreadcrumbList\",\"@id\":\"https:\/\/ocorpino.org\/gl\/ano-santo-mariano\/#breadcrumb\",\"itemListElement\":[{\"@type\":\"ListItem\",\"position\":1,\"name\":\"Portada\",\"item\":\"https:\/\/ocorpino.org\/gl\/inicio\/\"},{\"@type\":\"ListItem\",\"position\":2,\"name\":\"A\u00f1o Santo Mariano\"}]},{\"@type\":\"WebSite\",\"@id\":\"https:\/\/ocorpino.org\/#website\",\"url\":\"https:\/\/ocorpino.org\/\",\"name\":\"Santuario O Corpi\u00f1o\",\"description\":\"Web oficial del Santuario\",\"publisher\":{\"@id\":\"https:\/\/ocorpino.org\/#organization\"},\"potentialAction\":[{\"@type\":\"SearchAction\",\"target\":{\"@type\":\"EntryPoint\",\"urlTemplate\":\"https:\/\/ocorpino.org\/?s={search_term_string}\"},\"query-input\":\"required name=search_term_string\"}],\"inLanguage\":\"gl-ES\"},{\"@type\":\"Organization\",\"@id\":\"https:\/\/ocorpino.org\/#organization\",\"name\":\"DIOCESE DE LUGO. SANTUARIO DA NOSA SE\u00d1ORA DO CORPI\u00d1O\",\"url\":\"https:\/\/ocorpino.org\/\",\"logo\":{\"@type\":\"ImageObject\",\"inLanguage\":\"gl-ES\",\"@id\":\"https:\/\/ocorpino.org\/#\/schema\/logo\/image\/\",\"url\":\"https:\/\/dev.ocorpino.org\/wp-content\/uploads\/2017\/06\/logo-completo1.png\",\"contentUrl\":\"https:\/\/dev.ocorpino.org\/wp-content\/uploads\/2017\/06\/logo-completo1.png\",\"width\":535,\"height\":535,\"caption\":\"DIOCESE DE LUGO. SANTUARIO DA NOSA SE\u00d1ORA DO CORPI\u00d1O\"},\"image\":{\"@id\":\"https:\/\/ocorpino.org\/#\/schema\/logo\/image\/\"},\"sameAs\":[\"https:\/\/www.facebook.com\/santuariodeocorpino\",\"https:\/\/twitter.com\/ocorpino\",\"https:\/\/www.instagram.com\/ocorpino\/\",\"https:\/\/www.youtube.com\/user\/Santuariocorpino\"]}]}<\/script>\n<!-- \/ Yoast SEO plugin. -->","yoast_head_json":{"title":"A\u00f1o Santo Mariano - Santuario O Corpi\u00f1o","robots":{"index":"index","follow":"follow","max-snippet":"max-snippet:-1","max-image-preview":"max-image-preview:large","max-video-preview":"max-video-preview:-1"},"canonical":"https:\/\/ocorpino.org\/gl\/ano-santo-mariano\/","og_locale":"gl_ES","og_type":"article","og_title":"A\u00f1o Santo Mariano - Santuario O Corpi\u00f1o","og_url":"https:\/\/ocorpino.org\/gl\/ano-santo-mariano\/","og_site_name":"Santuario O Corpi\u00f1o","article_publisher":"https:\/\/www.facebook.com\/santuariodeocorpino","article_modified_time":"2023-10-11T12:50:24+00:00","twitter_card":"summary_large_image","twitter_site":"@ocorpino","twitter_misc":{"Tempo de lectura":"8 minutos"},"schema":{"@context":"https:\/\/schema.org","@graph":[{"@type":"WebPage","@id":"https:\/\/ocorpino.org\/gl\/ano-santo-mariano\/","url":"https:\/\/ocorpino.org\/gl\/ano-santo-mariano\/","name":"A\u00f1o Santo Mariano - Santuario O Corpi\u00f1o","isPartOf":{"@id":"https:\/\/ocorpino.org\/#website"},"datePublished":"2023-10-11T09:10:19+00:00","dateModified":"2023-10-11T12:50:24+00:00","breadcrumb":{"@id":"https:\/\/ocorpino.org\/gl\/ano-santo-mariano\/#breadcrumb"},"inLanguage":"gl-ES","potentialAction":[{"@type":"ReadAction","target":["https:\/\/ocorpino.org\/gl\/ano-santo-mariano\/"]}]},{"@type":"BreadcrumbList","@id":"https:\/\/ocorpino.org\/gl\/ano-santo-mariano\/#breadcrumb","itemListElement":[{"@type":"ListItem","position":1,"name":"Portada","item":"https:\/\/ocorpino.org\/gl\/inicio\/"},{"@type":"ListItem","position":2,"name":"A\u00f1o Santo Mariano"}]},{"@type":"WebSite","@id":"https:\/\/ocorpino.org\/#website","url":"https:\/\/ocorpino.org\/","name":"Santuario O Corpi\u00f1o","description":"Web oficial del Santuario","publisher":{"@id":"https:\/\/ocorpino.org\/#organization"},"potentialAction":[{"@type":"SearchAction","target":{"@type":"EntryPoint","urlTemplate":"https:\/\/ocorpino.org\/?s={search_term_string}"},"query-input":"required name=search_term_string"}],"inLanguage":"gl-ES"},{"@type":"Organization","@id":"https:\/\/ocorpino.org\/#organization","name":"DIOCESE DE LUGO. SANTUARIO DA NOSA SE\u00d1ORA DO CORPI\u00d1O","url":"https:\/\/ocorpino.org\/","logo":{"@type":"ImageObject","inLanguage":"gl-ES","@id":"https:\/\/ocorpino.org\/#\/schema\/logo\/image\/","url":"https:\/\/dev.ocorpino.org\/wp-content\/uploads\/2017\/06\/logo-completo1.png","contentUrl":"https:\/\/dev.ocorpino.org\/wp-content\/uploads\/2017\/06\/logo-completo1.png","width":535,"height":535,"caption":"DIOCESE DE LUGO. SANTUARIO DA NOSA SE\u00d1ORA DO CORPI\u00d1O"},"image":{"@id":"https:\/\/ocorpino.org\/#\/schema\/logo\/image\/"},"sameAs":["https:\/\/www.facebook.com\/santuariodeocorpino","https:\/\/twitter.com\/ocorpino","https:\/\/www.instagram.com\/ocorpino\/","https:\/\/www.youtube.com\/user\/Santuariocorpino"]}]}},"_links":{"self":[{"href":"https:\/\/ocorpino.org\/gl\/wp-json\/wp\/v2\/pages\/9986"}],"collection":[{"href":"https:\/\/ocorpino.org\/gl\/wp-json\/wp\/v2\/pages"}],"about":[{"href":"https:\/\/ocorpino.org\/gl\/wp-json\/wp\/v2\/types\/page"}],"author":[{"embeddable":true,"href":"https:\/\/ocorpino.org\/gl\/wp-json\/wp\/v2\/users\/1"}],"replies":[{"embeddable":true,"href":"https:\/\/ocorpino.org\/gl\/wp-json\/wp\/v2\/comments?post=9986"}],"version-history":[{"count":9,"href":"https:\/\/ocorpino.org\/gl\/wp-json\/wp\/v2\/pages\/9986\/revisions"}],"predecessor-version":[{"id":10014,"href":"https:\/\/ocorpino.org\/gl\/wp-json\/wp\/v2\/pages\/9986\/revisions\/10014"}],"wp:attachment":[{"href":"https:\/\/ocorpino.org\/gl\/wp-json\/wp\/v2\/media?parent=9986"}],"curies":[{"name":"wp","href":"https:\/\/api.w.org\/{rel}","templated":true}]}}