{"id":2733,"date":"2017-03-24T14:56:03","date_gmt":"2017-03-24T14:56:03","guid":{"rendered":"https:\/\/ocorpino.org\/la-talla-de-la-virgen\/"},"modified":"2022-04-22T18:27:11","modified_gmt":"2022-04-22T16:27:11","slug":"a-talla-da-virgen","status":"publish","type":"page","link":"https:\/\/ocorpino.org\/gl\/a-talla-da-virgen\/","title":{"rendered":"A Talla da Virgen"},"content":{"rendered":"\n<style type=\"text\/css\" data-created_by=\"avia_inline_auto\" id=\"style-css-av-l2anb8t4-535fcb58b6a571b2ea874d77861c20e1\">\n.avia-section.av-l2anb8t4-535fcb58b6a571b2ea874d77861c20e1{\nbackground-color:#f2f6fa;\nbackground-image:unset;\n}\n<\/style>\n<div id='av_section_1'  class='avia-section av-l2anb8t4-535fcb58b6a571b2ea874d77861c20e1 main_color avia-section-default avia-no-shadow  avia-builder-el-0  avia-builder-el-no-sibling  avia-bg-style-scroll container_wrap fullsize'  ><div class='container av-section-cont-open' ><main  role=\"main\" itemprop=\"mainContentOfPage\"  class='template-page content  av-content-full alpha units'><div class='post-entry post-entry-type-page post-entry-2733'><div class='entry-content-wrapper clearfix'>\n<div class='flex_column_table av-av_one_half-34bae625fb626a9293e031b7edab057c sc-av_one_half av-equal-height-column-flextable'>\n<style type=\"text\/css\" data-created_by=\"avia_inline_auto\" id=\"style-css-av-av_one_half-34bae625fb626a9293e031b7edab057c\">\n.flex_column.av-av_one_half-34bae625fb626a9293e031b7edab057c{\n-webkit-border-radius:0px 0px 0px 0px;\n-moz-border-radius:0px 0px 0px 0px;\nborder-radius:0px 0px 0px 0px;\npadding:20px 20px 20px 20px;\nbackground-color:#ffffff;\n}\n<\/style>\n<div class='flex_column av-av_one_half-34bae625fb626a9293e031b7edab057c av_one_half  avia-builder-el-1  el_before_av_one_half  avia-builder-el-first  first flex_column_table_cell av-equal-height-column av-align-top '     ><p>\n<style type=\"text\/css\" data-created_by=\"avia_inline_auto\" id=\"style-css-av-av_heading-c2aeb518aac6cd0ce7b6d3a1e80164af\">\n#top .av-special-heading.av-av_heading-c2aeb518aac6cd0ce7b6d3a1e80164af{\npadding-bottom:10px;\n}\nbody .av-special-heading.av-av_heading-c2aeb518aac6cd0ce7b6d3a1e80164af .av-special-heading-tag .heading-char{\nfont-size:25px;\n}\n.av-special-heading.av-av_heading-c2aeb518aac6cd0ce7b6d3a1e80164af .av-subheading{\nfont-size:15px;\n}\n<\/style>\n<div  class='av-special-heading av-av_heading-c2aeb518aac6cd0ce7b6d3a1e80164af av-special-heading-h2 blockquote modern-quote  avia-builder-el-2  el_before_av_textblock  avia-builder-el-first '><h2 class='av-special-heading-tag'  itemprop=\"headline\"  >A Talla da Virxe<\/h2><div class=\"special-heading-border\"><div class=\"special-heading-inner-border\"><\/div><\/div><\/div><br \/>\n<section  class='av_textblock_section av-av_textblock-396ddf1f42196ca838231e61a4602801'  itemscope=\"itemscope\" itemtype=\"https:\/\/schema.org\/CreativeWork\" ><div class='avia_textblock'  itemprop=\"text\" ><p>A Imaxe da <strong>nosa Se\u00f1ora de O Corpi\u00f1o<\/strong>, por tantas xeraci\u00f3ns venerada, \u00e9 unha talla de candeeiro realizada en madeira de casti\u00f1eiro policromada e cunha altura de 1 metro.<\/p>\n<p><strong>A Virxe de O Corpi\u00f1o<\/strong>, seguindo o documento existente no arquivo do Santuario e que recollemos textualmente no Relato das Aparici\u00f3ns, leva un ramo de flores na s\u00faa man dereita e sobre o seu brazo esquerdo ap\u00f3iase un precioso Neno Jes\u00fas, que porta na s\u00faa man esquerda a b\u00f3la do mundo e dobra os dedos da man dereita en sinal de bendici\u00f3n.<\/p>\n<p>O rostro sereno da Virxe, no cal se albisca levemente un sorriso, atrae as miradas do devoto mesmo antes de entrar no Santuario. Pos\u00fae unha melena de pelo natural e ao ser a Ra\u00ed\u00f1a de Ceo e Terra, unha Coroa Real imperial rodeada cunha aur\u00e9ola de 12 estrelas, mentres que na cabeza do Neno Jes\u00fas aparece as tres potencias propias da s\u00faa identidade e Poder Divino.<\/p>\n<p>\u00c9 necesario dicir aqu\u00ed que a Imaxe de Pedra da nosa Se\u00f1ora de O Corpi\u00f1o que preside a fachada principal do Santuario \u00e9 unha preciosa reliquia e o \u00fanico que se conserva da primeira ermida.<\/p>\n<\/div><\/section><\/p><\/div><div class='av-flex-placeholder'><\/div>\n<style type=\"text\/css\" data-created_by=\"avia_inline_auto\" id=\"style-css-av-av_one_half-7db28fda6876469a0184c19f89de3fb8\">\n.flex_column.av-av_one_half-7db28fda6876469a0184c19f89de3fb8{\n-webkit-border-radius:0px 0px 0px 0px;\n-moz-border-radius:0px 0px 0px 0px;\nborder-radius:0px 0px 0px 0px;\npadding:20px 20px 20px 20px;\nbackground-color:#ffffff;\n}\n<\/style>\n<div class='flex_column av-av_one_half-7db28fda6876469a0184c19f89de3fb8 av_one_half  avia-builder-el-4  el_after_av_one_half  avia-builder-el-last  flex_column_table_cell av-equal-height-column av-align-top '     ><style type=\"text\/css\" data-created_by=\"avia_inline_auto\" id=\"style-css-av-av_image-d974a5d7b258f4a2bcc0ae723cf910f3\">\n.avia-image-container.av-av_image-d974a5d7b258f4a2bcc0ae723cf910f3 img.avia_image{\nbox-shadow:none;\n}\n.avia-image-container.av-av_image-d974a5d7b258f4a2bcc0ae723cf910f3 .av-image-caption-overlay-center{\ncolor:#ffffff;\n}\n<\/style>\n<div  class='avia-image-container av-av_image-d974a5d7b258f4a2bcc0ae723cf910f3 av-styling- avia-align-center  avia-builder-el-5  avia-builder-el-no-sibling '   itemprop=\"image\" itemscope=\"itemscope\" itemtype=\"https:\/\/schema.org\/ImageObject\" ><div class=\"avia-image-container-inner\"><div class=\"avia-image-overlay-wrap\"><img decoding=\"async\" class='wp-image-1636 avia-img-lazy-loading-not-1636 avia_image ' src=\"https:\/\/ocorpino.org\/wp-content\/uploads\/2017\/03\/virgen_8-1.jpg\" alt='' title='virgen_8'  height=\"640\" width=\"485\"  itemprop=\"thumbnailUrl\" srcset=\"https:\/\/ocorpino.org\/wp-content\/uploads\/2017\/03\/virgen_8-1.jpg 485w, https:\/\/ocorpino.org\/wp-content\/uploads\/2017\/03\/virgen_8-1-227x300.jpg 227w, https:\/\/ocorpino.org\/wp-content\/uploads\/2017\/03\/virgen_8-1-450x594.jpg 450w\" sizes=\"(max-width: 485px) 100vw, 485px\" \/><\/div><\/div><\/div><\/div><\/div><!--close column table wrapper. Autoclose: 1 -->\n\n","protected":false},"excerpt":{"rendered":"","protected":false},"author":1,"featured_media":0,"parent":0,"menu_order":0,"comment_status":"closed","ping_status":"closed","template":"","meta":[],"yoast_head":"<!-- This site is optimized with the Yoast SEO plugin v20.5 - https:\/\/yoast.com\/wordpress\/plugins\/seo\/ -->\n<title>A Talla da Virgen - Santuario O Corpi\u00f1o<\/title>\n<meta name=\"robots\" content=\"index, follow, max-snippet:-1, max-image-preview:large, max-video-preview:-1\" \/>\n<link rel=\"canonical\" href=\"https:\/\/ocorpino.org\/gl\/a-talla-da-virgen\/\" \/>\n<meta property=\"og:locale\" content=\"gl_ES\" \/>\n<meta property=\"og:type\" content=\"article\" \/>\n<meta property=\"og:title\" content=\"A Talla da Virgen - Santuario O Corpi\u00f1o\" \/>\n<meta property=\"og:url\" content=\"https:\/\/ocorpino.org\/gl\/a-talla-da-virgen\/\" \/>\n<meta property=\"og:site_name\" content=\"Santuario O Corpi\u00f1o\" \/>\n<meta property=\"article:publisher\" content=\"https:\/\/www.facebook.com\/santuariodeocorpino\" \/>\n<meta property=\"article:modified_time\" content=\"2022-04-22T16:27:11+00:00\" \/>\n<meta name=\"twitter:card\" content=\"summary_large_image\" \/>\n<meta name=\"twitter:site\" content=\"@ocorpino\" \/>\n<meta name=\"twitter:label1\" content=\"Tempo de lectura\" \/>\n\t<meta name=\"twitter:data1\" content=\"3 minutos\" \/>\n<script type=\"application\/ld+json\" class=\"yoast-schema-graph\">{\"@context\":\"https:\/\/schema.org\",\"@graph\":[{\"@type\":\"WebPage\",\"@id\":\"https:\/\/ocorpino.org\/gl\/a-talla-da-virgen\/\",\"url\":\"https:\/\/ocorpino.org\/gl\/a-talla-da-virgen\/\",\"name\":\"A Talla da Virgen - Santuario O Corpi\u00f1o\",\"isPartOf\":{\"@id\":\"https:\/\/ocorpino.org\/#website\"},\"datePublished\":\"2017-03-24T14:56:03+00:00\",\"dateModified\":\"2022-04-22T16:27:11+00:00\",\"breadcrumb\":{\"@id\":\"https:\/\/ocorpino.org\/gl\/a-talla-da-virgen\/#breadcrumb\"},\"inLanguage\":\"gl-ES\",\"potentialAction\":[{\"@type\":\"ReadAction\",\"target\":[\"https:\/\/ocorpino.org\/gl\/a-talla-da-virgen\/\"]}]},{\"@type\":\"BreadcrumbList\",\"@id\":\"https:\/\/ocorpino.org\/gl\/a-talla-da-virgen\/#breadcrumb\",\"itemListElement\":[{\"@type\":\"ListItem\",\"position\":1,\"name\":\"Portada\",\"item\":\"https:\/\/ocorpino.org\/gl\/inicio\/\"},{\"@type\":\"ListItem\",\"position\":2,\"name\":\"A Talla da Virgen\"}]},{\"@type\":\"WebSite\",\"@id\":\"https:\/\/ocorpino.org\/#website\",\"url\":\"https:\/\/ocorpino.org\/\",\"name\":\"Santuario O Corpi\u00f1o\",\"description\":\"Web oficial del Santuario\",\"publisher\":{\"@id\":\"https:\/\/ocorpino.org\/#organization\"},\"potentialAction\":[{\"@type\":\"SearchAction\",\"target\":{\"@type\":\"EntryPoint\",\"urlTemplate\":\"https:\/\/ocorpino.org\/?s={search_term_string}\"},\"query-input\":\"required name=search_term_string\"}],\"inLanguage\":\"gl-ES\"},{\"@type\":\"Organization\",\"@id\":\"https:\/\/ocorpino.org\/#organization\",\"name\":\"DIOCESE DE LUGO. SANTUARIO DA NOSA SE\u00d1ORA DO CORPI\u00d1O\",\"url\":\"https:\/\/ocorpino.org\/\",\"logo\":{\"@type\":\"ImageObject\",\"inLanguage\":\"gl-ES\",\"@id\":\"https:\/\/ocorpino.org\/#\/schema\/logo\/image\/\",\"url\":\"https:\/\/dev.ocorpino.org\/wp-content\/uploads\/2017\/06\/logo-completo1.png\",\"contentUrl\":\"https:\/\/dev.ocorpino.org\/wp-content\/uploads\/2017\/06\/logo-completo1.png\",\"width\":535,\"height\":535,\"caption\":\"DIOCESE DE LUGO. SANTUARIO DA NOSA SE\u00d1ORA DO CORPI\u00d1O\"},\"image\":{\"@id\":\"https:\/\/ocorpino.org\/#\/schema\/logo\/image\/\"},\"sameAs\":[\"https:\/\/www.facebook.com\/santuariodeocorpino\",\"https:\/\/twitter.com\/ocorpino\",\"https:\/\/www.instagram.com\/ocorpino\/\",\"https:\/\/www.youtube.com\/user\/Santuariocorpino\"]}]}<\/script>\n<!-- \/ Yoast SEO plugin. -->","yoast_head_json":{"title":"A Talla da Virgen - Santuario O Corpi\u00f1o","robots":{"index":"index","follow":"follow","max-snippet":"max-snippet:-1","max-image-preview":"max-image-preview:large","max-video-preview":"max-video-preview:-1"},"canonical":"https:\/\/ocorpino.org\/gl\/a-talla-da-virgen\/","og_locale":"gl_ES","og_type":"article","og_title":"A Talla da Virgen - Santuario O Corpi\u00f1o","og_url":"https:\/\/ocorpino.org\/gl\/a-talla-da-virgen\/","og_site_name":"Santuario O Corpi\u00f1o","article_publisher":"https:\/\/www.facebook.com\/santuariodeocorpino","article_modified_time":"2022-04-22T16:27:11+00:00","twitter_card":"summary_large_image","twitter_site":"@ocorpino","twitter_misc":{"Tempo de lectura":"3 minutos"},"schema":{"@context":"https:\/\/schema.org","@graph":[{"@type":"WebPage","@id":"https:\/\/ocorpino.org\/gl\/a-talla-da-virgen\/","url":"https:\/\/ocorpino.org\/gl\/a-talla-da-virgen\/","name":"A Talla da Virgen - Santuario O Corpi\u00f1o","isPartOf":{"@id":"https:\/\/ocorpino.org\/#website"},"datePublished":"2017-03-24T14:56:03+00:00","dateModified":"2022-04-22T16:27:11+00:00","breadcrumb":{"@id":"https:\/\/ocorpino.org\/gl\/a-talla-da-virgen\/#breadcrumb"},"inLanguage":"gl-ES","potentialAction":[{"@type":"ReadAction","target":["https:\/\/ocorpino.org\/gl\/a-talla-da-virgen\/"]}]},{"@type":"BreadcrumbList","@id":"https:\/\/ocorpino.org\/gl\/a-talla-da-virgen\/#breadcrumb","itemListElement":[{"@type":"ListItem","position":1,"name":"Portada","item":"https:\/\/ocorpino.org\/gl\/inicio\/"},{"@type":"ListItem","position":2,"name":"A Talla da Virgen"}]},{"@type":"WebSite","@id":"https:\/\/ocorpino.org\/#website","url":"https:\/\/ocorpino.org\/","name":"Santuario O Corpi\u00f1o","description":"Web oficial del Santuario","publisher":{"@id":"https:\/\/ocorpino.org\/#organization"},"potentialAction":[{"@type":"SearchAction","target":{"@type":"EntryPoint","urlTemplate":"https:\/\/ocorpino.org\/?s={search_term_string}"},"query-input":"required name=search_term_string"}],"inLanguage":"gl-ES"},{"@type":"Organization","@id":"https:\/\/ocorpino.org\/#organization","name":"DIOCESE DE LUGO. SANTUARIO DA NOSA SE\u00d1ORA DO CORPI\u00d1O","url":"https:\/\/ocorpino.org\/","logo":{"@type":"ImageObject","inLanguage":"gl-ES","@id":"https:\/\/ocorpino.org\/#\/schema\/logo\/image\/","url":"https:\/\/dev.ocorpino.org\/wp-content\/uploads\/2017\/06\/logo-completo1.png","contentUrl":"https:\/\/dev.ocorpino.org\/wp-content\/uploads\/2017\/06\/logo-completo1.png","width":535,"height":535,"caption":"DIOCESE DE LUGO. SANTUARIO DA NOSA SE\u00d1ORA DO CORPI\u00d1O"},"image":{"@id":"https:\/\/ocorpino.org\/#\/schema\/logo\/image\/"},"sameAs":["https:\/\/www.facebook.com\/santuariodeocorpino","https:\/\/twitter.com\/ocorpino","https:\/\/www.instagram.com\/ocorpino\/","https:\/\/www.youtube.com\/user\/Santuariocorpino"]}]}},"_links":{"self":[{"href":"https:\/\/ocorpino.org\/gl\/wp-json\/wp\/v2\/pages\/2733"}],"collection":[{"href":"https:\/\/ocorpino.org\/gl\/wp-json\/wp\/v2\/pages"}],"about":[{"href":"https:\/\/ocorpino.org\/gl\/wp-json\/wp\/v2\/types\/page"}],"author":[{"embeddable":true,"href":"https:\/\/ocorpino.org\/gl\/wp-json\/wp\/v2\/users\/1"}],"replies":[{"embeddable":true,"href":"https:\/\/ocorpino.org\/gl\/wp-json\/wp\/v2\/comments?post=2733"}],"version-history":[{"count":5,"href":"https:\/\/ocorpino.org\/gl\/wp-json\/wp\/v2\/pages\/2733\/revisions"}],"predecessor-version":[{"id":5898,"href":"https:\/\/ocorpino.org\/gl\/wp-json\/wp\/v2\/pages\/2733\/revisions\/5898"}],"wp:attachment":[{"href":"https:\/\/ocorpino.org\/gl\/wp-json\/wp\/v2\/media?parent=2733"}],"curies":[{"name":"wp","href":"https:\/\/api.w.org\/{rel}","templated":true}]}}