{"id":2723,"date":"2017-03-24T18:15:31","date_gmt":"2017-03-24T18:15:31","guid":{"rendered":"https:\/\/ocorpino.org\/la-arquitectura-del-santuario\/"},"modified":"2022-04-22T18:13:45","modified_gmt":"2022-04-22T16:13:45","slug":"a-arquitectura-do-santuario","status":"publish","type":"page","link":"https:\/\/ocorpino.org\/gl\/a-arquitectura-do-santuario\/","title":{"rendered":"A arquitectura do Santuario"},"content":{"rendered":"\n<style type=\"text\/css\" data-created_by=\"avia_inline_auto\" id=\"style-css-av-l2amtz4y-003decc29d327b711f18ffd05f1789c7\">\n.avia-section.av-l2amtz4y-003decc29d327b711f18ffd05f1789c7{\nbackground-color:#f2f6fa;\nbackground-image:unset;\n}\n<\/style>\n<div id='av_section_1'  class='avia-section av-l2amtz4y-003decc29d327b711f18ffd05f1789c7 main_color avia-section-default avia-no-shadow  avia-builder-el-0  avia-builder-el-no-sibling  avia-bg-style-scroll container_wrap fullsize'  ><div class='container av-section-cont-open' ><main  role=\"main\" itemprop=\"mainContentOfPage\"  class='template-page content  av-content-full alpha units'><div class='post-entry post-entry-type-page post-entry-2723'><div class='entry-content-wrapper clearfix'>\n<div class='flex_column_table av-av_one_half-34bae625fb626a9293e031b7edab057c sc-av_one_half av-equal-height-column-flextable'>\n<style type=\"text\/css\" data-created_by=\"avia_inline_auto\" id=\"style-css-av-av_one_half-34bae625fb626a9293e031b7edab057c\">\n.flex_column.av-av_one_half-34bae625fb626a9293e031b7edab057c{\n-webkit-border-radius:0px 0px 0px 0px;\n-moz-border-radius:0px 0px 0px 0px;\nborder-radius:0px 0px 0px 0px;\npadding:20px 20px 20px 20px;\nbackground-color:#ffffff;\n}\n<\/style>\n<div class='flex_column av-av_one_half-34bae625fb626a9293e031b7edab057c av_one_half  avia-builder-el-1  el_before_av_one_half  avia-builder-el-first  first flex_column_table_cell av-equal-height-column av-align-top '     ><p>\n<style type=\"text\/css\" data-created_by=\"avia_inline_auto\" id=\"style-css-av-av_heading-18039feb2bd24ac3cf03d59a01f76016\">\n#top .av-special-heading.av-av_heading-18039feb2bd24ac3cf03d59a01f76016{\npadding-bottom:10px;\n}\nbody .av-special-heading.av-av_heading-18039feb2bd24ac3cf03d59a01f76016 .av-special-heading-tag .heading-char{\nfont-size:25px;\n}\n.av-special-heading.av-av_heading-18039feb2bd24ac3cf03d59a01f76016 .av-subheading{\nfont-size:15px;\n}\n<\/style>\n<div  class='av-special-heading av-av_heading-18039feb2bd24ac3cf03d59a01f76016 av-special-heading-h2 blockquote modern-quote  avia-builder-el-2  el_before_av_textblock  avia-builder-el-first '><h2 class='av-special-heading-tag'  itemprop=\"headline\"  >Arquitectura do Santuario<\/h2><div class=\"special-heading-border\"><div class=\"special-heading-inner-border\"><\/div><\/div><\/div><br \/>\n<section  class='av_textblock_section av-av_textblock-396ddf1f42196ca838231e61a4602801'  itemscope=\"itemscope\" itemtype=\"https:\/\/schema.org\/CreativeWork\" ><div class='avia_textblock'  itemprop=\"text\" ><p>No interior do <strong>Santuario da nosa Se\u00f1ora de O Corpi\u00f1o<\/strong> rev\u00e9lase claramente a edificaci\u00f3n m\u00e1is antiga, realizada en perpi\u00f1ao de granito, correspondente \u00e1 parte m\u00e1is baixa do templo. A reforma do s.XIX fai que o corte da pedra regular\u00edcese, dando un aspecto moito m\u00e1is homox\u00e9neo e est\u00e9tico na zona do cruceiro e dos arcos formeiros de acceso \u00e1s capelas laterais. Todo iso queda cuberto por un teito de b\u00f3veda de can\u00f3n na nave central, pautada con arcos faix\u00f3n. O cruceiro c\u00f3brese cunha c\u00fapula e lanterna sobre cunchas.<\/p>\n<p>O presbiterio est\u00e1 cuberto por unha fermos\u00edsima b\u00f3veda de aresta ornamentada cunhas fermosas pinturas murais de car\u00e1cter vexetal en forma de enrolamentos, dividido en catro partes, enmarcando distintos anagramas e s\u00edmbolos caligr\u00e1ficos: o anagrama da Virxe Mar\u00eda (o M e o A entrelazados), o Cordeiro tombado sobre o libro cos Sete Selos, a Pomba que representa ao Esp\u00edrito Santo e as T\u00e1boas da Lei entregadas por Deus a Mois\u00e9s.<\/p>\n<p>As naves laterais cubertas por impresionante teitume plano constitu\u00eddas por colosais sillares a modo de laxas sobre esveltas pilastras.<\/p>\n<\/div><\/section><\/p><\/div><div class='av-flex-placeholder'><\/div>\n<style type=\"text\/css\" data-created_by=\"avia_inline_auto\" id=\"style-css-av-av_one_half-7db28fda6876469a0184c19f89de3fb8\">\n.flex_column.av-av_one_half-7db28fda6876469a0184c19f89de3fb8{\n-webkit-border-radius:0px 0px 0px 0px;\n-moz-border-radius:0px 0px 0px 0px;\nborder-radius:0px 0px 0px 0px;\npadding:20px 20px 20px 20px;\nbackground-color:#ffffff;\n}\n<\/style>\n<div class='flex_column av-av_one_half-7db28fda6876469a0184c19f89de3fb8 av_one_half  avia-builder-el-4  el_after_av_one_half  el_before_av_hr  flex_column_table_cell av-equal-height-column av-align-top '     ><style type=\"text\/css\" data-created_by=\"avia_inline_auto\" id=\"style-css-av-av_image-65836b72696be44b9e00f59cbf9d6e03\">\n.avia-image-container.av-av_image-65836b72696be44b9e00f59cbf9d6e03 img.avia_image{\nbox-shadow:none;\n}\n.avia-image-container.av-av_image-65836b72696be44b9e00f59cbf9d6e03 .av-image-caption-overlay-center{\ncolor:#ffffff;\n}\n<\/style>\n<div  class='avia-image-container av-av_image-65836b72696be44b9e00f59cbf9d6e03 av-styling- avia-align-center  avia-builder-el-5  avia-builder-el-no-sibling '   itemprop=\"image\" itemscope=\"itemscope\" itemtype=\"https:\/\/schema.org\/ImageObject\" ><div class=\"avia-image-container-inner\"><div class=\"avia-image-overlay-wrap\"><img decoding=\"async\" class='wp-image-1616 avia-img-lazy-loading-not-1616 avia_image ' src=\"https:\/\/ocorpino.org\/wp-content\/uploads\/2017\/03\/interior-2.jpg\" alt='' title='interior'  height=\"1012\" width=\"670\"  itemprop=\"thumbnailUrl\" srcset=\"https:\/\/ocorpino.org\/wp-content\/uploads\/2017\/03\/interior-2.jpg 670w, https:\/\/ocorpino.org\/wp-content\/uploads\/2017\/03\/interior-2-199x300.jpg 199w, https:\/\/ocorpino.org\/wp-content\/uploads\/2017\/03\/interior-2-467x705.jpg 467w, https:\/\/ocorpino.org\/wp-content\/uploads\/2017\/03\/interior-2-450x680.jpg 450w\" sizes=\"(max-width: 670px) 100vw, 670px\" \/><\/div><\/div><\/div><\/div><\/div><!--close column table wrapper. Autoclose: 1 -->\n<style type=\"text\/css\" data-created_by=\"avia_inline_auto\" id=\"style-css-av-av_hr-741ab06d0690c1111415ef58b6e9dc92\">\n#top .hr.hr-invisible.av-av_hr-741ab06d0690c1111415ef58b6e9dc92{\nheight:40px;\n}\n<\/style>\n<div  class='hr av-av_hr-741ab06d0690c1111415ef58b6e9dc92 hr-invisible  avia-builder-el-6  el_after_av_one_half  el_before_av_one_half '><span class='hr-inner '><span class=\"hr-inner-style\"><\/span><\/span><\/div>\n<div class='flex_column_table av-av_one_half-34bae625fb626a9293e031b7edab057c sc-av_one_half av-equal-height-column-flextable'>\n<style type=\"text\/css\" data-created_by=\"avia_inline_auto\" id=\"style-css-av-av_one_half-34bae625fb626a9293e031b7edab057c\">\n.flex_column.av-av_one_half-34bae625fb626a9293e031b7edab057c{\n-webkit-border-radius:0px 0px 0px 0px;\n-moz-border-radius:0px 0px 0px 0px;\nborder-radius:0px 0px 0px 0px;\npadding:20px 20px 20px 20px;\nbackground-color:#ffffff;\n}\n<\/style>\n<div class='flex_column av-av_one_half-34bae625fb626a9293e031b7edab057c av_one_half  avia-builder-el-7  el_after_av_hr  el_before_av_one_half  first flex_column_table_cell av-equal-height-column av-align-top '     ><style type=\"text\/css\" data-created_by=\"avia_inline_auto\" id=\"style-css-av-av_image-57bcce8f4f595dd63a6dbe73a02c5514\">\n.avia-image-container.av-av_image-57bcce8f4f595dd63a6dbe73a02c5514 img.avia_image{\nbox-shadow:none;\n}\n.avia-image-container.av-av_image-57bcce8f4f595dd63a6dbe73a02c5514 .av-image-caption-overlay-center{\ncolor:#ffffff;\n}\n<\/style>\n<div  class='avia-image-container av-av_image-57bcce8f4f595dd63a6dbe73a02c5514 av-styling- avia-align-center  avia-builder-el-8  avia-builder-el-no-sibling '   itemprop=\"image\" itemscope=\"itemscope\" itemtype=\"https:\/\/schema.org\/ImageObject\" ><div class=\"avia-image-container-inner\"><div class=\"avia-image-overlay-wrap\"><img decoding=\"async\" class='wp-image-1620 avia-img-lazy-loading-not-1620 avia_image ' src=\"https:\/\/ocorpino.org\/wp-content\/uploads\/2017\/03\/exterior1.jpg\" alt='' title='exterior1'  height=\"876\" width=\"670\"  itemprop=\"thumbnailUrl\" srcset=\"https:\/\/ocorpino.org\/wp-content\/uploads\/2017\/03\/exterior1.jpg 670w, https:\/\/ocorpino.org\/wp-content\/uploads\/2017\/03\/exterior1-229x300.jpg 229w, https:\/\/ocorpino.org\/wp-content\/uploads\/2017\/03\/exterior1-539x705.jpg 539w, https:\/\/ocorpino.org\/wp-content\/uploads\/2017\/03\/exterior1-450x588.jpg 450w\" sizes=\"(max-width: 670px) 100vw, 670px\" \/><\/div><\/div><\/div><\/div><div class='av-flex-placeholder'><\/div>\n<style type=\"text\/css\" data-created_by=\"avia_inline_auto\" id=\"style-css-av-av_one_half-e144647ee0066c28e55520ff792478f5\">\n.flex_column.av-av_one_half-e144647ee0066c28e55520ff792478f5{\n-webkit-border-radius:0px 0px 0px 0px;\n-moz-border-radius:0px 0px 0px 0px;\nborder-radius:0px 0px 0px 0px;\npadding:20px 20px 20px 20px;\nbackground-color:#ffffff;\n}\n<\/style>\n<div class='flex_column av-av_one_half-e144647ee0066c28e55520ff792478f5 av_one_half  avia-builder-el-9  el_after_av_one_half  el_before_av_hr  flex_column_table_cell av-equal-height-column av-align-top '     ><p>\n<style type=\"text\/css\" data-created_by=\"avia_inline_auto\" id=\"style-css-av-av_heading-d494f909b6a75505cd808830bcf910d4\">\n#top .av-special-heading.av-av_heading-d494f909b6a75505cd808830bcf910d4{\npadding-bottom:10px;\n}\nbody .av-special-heading.av-av_heading-d494f909b6a75505cd808830bcf910d4 .av-special-heading-tag .heading-char{\nfont-size:25px;\n}\n.av-special-heading.av-av_heading-d494f909b6a75505cd808830bcf910d4 .av-subheading{\nfont-size:15px;\n}\n<\/style>\n<div  class='av-special-heading av-av_heading-d494f909b6a75505cd808830bcf910d4 av-special-heading-h2 blockquote modern-quote  avia-builder-el-10  el_before_av_textblock  avia-builder-el-first '><h2 class='av-special-heading-tag'  itemprop=\"headline\"  >O exterior<\/h2><div class=\"special-heading-border\"><div class=\"special-heading-inner-border\"><\/div><\/div><\/div><br \/>\n<section  class='av_textblock_section av-av_textblock-396ddf1f42196ca838231e61a4602801'  itemscope=\"itemscope\" itemtype=\"https:\/\/schema.org\/CreativeWork\" ><div class='avia_textblock'  itemprop=\"text\" ><p>O exterior, manifesta un elegante dese\u00f1o de trazado neocl\u00e1sico, que enmarca o pinche central da construci\u00f3n orixinal.<\/p>\n<p>O alzado dest\u00e1case pola superposici\u00f3n de ordes nas ampliaci\u00f3ns dos catro \u00e1ngulos, sendo a fachada dos p\u00e9s enmarcada por catro columnas toscanas no piso inferior e outras de fuste m\u00e1is recortado dunha orde dacabalo entre o x\u00f3nico e o composto no superior, enmarcando lousas de m\u00e1rmore branco co anagrama de Mar\u00eda tallado, quedando inacabado o arranque das catro torres angulares \u00e1 altura da cornixa.<\/p>\n<p>A parte central protagon\u00edzaa a porta principal enmarcada por un sinxelo baquet\u00f3n, sobre o que se disp\u00f3n unha hornacina cunha bell\u00edsima e moi antiga imaxe da Virxe, a ela superponse unha vent\u00e1 que d\u00e1 luz ao coro e nave central, remat\u00e1ndose todo nun esvelto campanario de planta cuadrangular e cupul\u00edn ochavado, que mant\u00e9n certa semellanza aos compostel\u00e1ns de Sim\u00f3n Rodr\u00edguez.<\/p>\n<\/div><\/section><\/p><\/div><\/div><!--close column table wrapper. Autoclose: 1 -->\n<style type=\"text\/css\" data-created_by=\"avia_inline_auto\" id=\"style-css-av-av_hr-741ab06d0690c1111415ef58b6e9dc92\">\n#top .hr.hr-invisible.av-av_hr-741ab06d0690c1111415ef58b6e9dc92{\nheight:40px;\n}\n<\/style>\n<div  class='hr av-av_hr-741ab06d0690c1111415ef58b6e9dc92 hr-invisible  avia-builder-el-12  el_after_av_one_half  el_before_av_one_half '><span class='hr-inner '><span class=\"hr-inner-style\"><\/span><\/span><\/div>\n<div class='flex_column_table av-av_one_half-34bae625fb626a9293e031b7edab057c sc-av_one_half av-equal-height-column-flextable'>\n<style type=\"text\/css\" data-created_by=\"avia_inline_auto\" id=\"style-css-av-av_one_half-34bae625fb626a9293e031b7edab057c\">\n.flex_column.av-av_one_half-34bae625fb626a9293e031b7edab057c{\n-webkit-border-radius:0px 0px 0px 0px;\n-moz-border-radius:0px 0px 0px 0px;\nborder-radius:0px 0px 0px 0px;\npadding:20px 20px 20px 20px;\nbackground-color:#ffffff;\n}\n<\/style>\n<div class='flex_column av-av_one_half-34bae625fb626a9293e031b7edab057c av_one_half  avia-builder-el-13  el_after_av_hr  el_before_av_one_half  first flex_column_table_cell av-equal-height-column av-align-top '     ><p>\n<style type=\"text\/css\" data-created_by=\"avia_inline_auto\" id=\"style-css-av-av_heading-9ea0c20a890288aca9eba4c376237ea9\">\n#top .av-special-heading.av-av_heading-9ea0c20a890288aca9eba4c376237ea9{\npadding-bottom:10px;\n}\nbody .av-special-heading.av-av_heading-9ea0c20a890288aca9eba4c376237ea9 .av-special-heading-tag .heading-char{\nfont-size:25px;\n}\n.av-special-heading.av-av_heading-9ea0c20a890288aca9eba4c376237ea9 .av-subheading{\nfont-size:15px;\n}\n<\/style>\n<div  class='av-special-heading av-av_heading-9ea0c20a890288aca9eba4c376237ea9 av-special-heading-h2 blockquote modern-quote  avia-builder-el-14  el_before_av_textblock  avia-builder-el-first '><h2 class='av-special-heading-tag'  itemprop=\"headline\"  >A fachada posterior<\/h2><div class=\"special-heading-border\"><div class=\"special-heading-inner-border\"><\/div><\/div><\/div><br \/>\n<section  class='av_textblock_section av-av_textblock-396ddf1f42196ca838231e61a4602801'  itemscope=\"itemscope\" itemtype=\"https:\/\/schema.org\/CreativeWork\" ><div class='avia_textblock'  itemprop=\"text\" ><p>Na fachada posterior, que oculta a transacrist\u00eda e o presbiterio orixinal, s\u00e9guese un alzado similar \u00e1 parte dianteira, salvo que nos \u00e1ngulos das esquinas distrib\u00faense na parte superior unhas habitaci\u00f3ns de maior tama\u00f1o que o que ser\u00eda o corpo inferior da torre, no que se abren balconadas de ferrer\u00eda e que se culminan con exornos de pomas, franqueando ao remate central que ocupa unha ergueita espadana.<\/p>\n<p>Finalmente, no perfil exterior, vemos un muro caracterizado case por unha ausencia total de vans, feito que igualmente se aprecia no tambor que enmascara \u00e1 c\u00fapula do cruceiro, quedando deste xeito reducida a entrada de luz \u00e1 lanterna superior que coroa o edificio, que resulta cuberto na s\u00faa totalidade mediante cuberta a d\u00faas augas de tellas.<\/p>\n<\/div><\/section><\/p><\/div><div class='av-flex-placeholder'><\/div>\n<style type=\"text\/css\" data-created_by=\"avia_inline_auto\" id=\"style-css-av-av_one_half-e144647ee0066c28e55520ff792478f5\">\n.flex_column.av-av_one_half-e144647ee0066c28e55520ff792478f5{\n-webkit-border-radius:0px 0px 0px 0px;\n-moz-border-radius:0px 0px 0px 0px;\nborder-radius:0px 0px 0px 0px;\npadding:20px 20px 20px 20px;\nbackground-color:#ffffff;\n}\n<\/style>\n<div class='flex_column av-av_one_half-e144647ee0066c28e55520ff792478f5 av_one_half  avia-builder-el-16  el_after_av_one_half  el_before_av_hr  flex_column_table_cell av-equal-height-column av-align-top '     ><style type=\"text\/css\" data-created_by=\"avia_inline_auto\" id=\"style-css-av-av_image-30ddb6061dd0f2c257b1dba240f5a0e8\">\n.avia-image-container.av-av_image-30ddb6061dd0f2c257b1dba240f5a0e8 img.avia_image{\nbox-shadow:none;\n}\n.avia-image-container.av-av_image-30ddb6061dd0f2c257b1dba240f5a0e8 .av-image-caption-overlay-center{\ncolor:#ffffff;\n}\n<\/style>\n<div  class='avia-image-container av-av_image-30ddb6061dd0f2c257b1dba240f5a0e8 av-styling- avia-align-center  avia-builder-el-17  avia-builder-el-no-sibling '   itemprop=\"image\" itemscope=\"itemscope\" itemtype=\"https:\/\/schema.org\/ImageObject\" ><div class=\"avia-image-container-inner\"><div class=\"avia-image-overlay-wrap\"><img decoding=\"async\" class='wp-image-1628 avia-img-lazy-loading-not-1628 avia_image ' src=\"https:\/\/ocorpino.org\/wp-content\/uploads\/2017\/03\/exterior2-1.jpg\" alt='' title='exterior2'  height=\"716\" width=\"670\"  itemprop=\"thumbnailUrl\" srcset=\"https:\/\/ocorpino.org\/wp-content\/uploads\/2017\/03\/exterior2-1.jpg 670w, https:\/\/ocorpino.org\/wp-content\/uploads\/2017\/03\/exterior2-1-281x300.jpg 281w, https:\/\/ocorpino.org\/wp-content\/uploads\/2017\/03\/exterior2-1-660x705.jpg 660w, https:\/\/ocorpino.org\/wp-content\/uploads\/2017\/03\/exterior2-1-450x481.jpg 450w\" sizes=\"(max-width: 670px) 100vw, 670px\" \/><\/div><\/div><\/div><\/div><\/div><!--close column table wrapper. Autoclose: 1 -->\n<style type=\"text\/css\" data-created_by=\"avia_inline_auto\" id=\"style-css-av-av_hr-741ab06d0690c1111415ef58b6e9dc92\">\n#top .hr.hr-invisible.av-av_hr-741ab06d0690c1111415ef58b6e9dc92{\nheight:40px;\n}\n<\/style>\n<div  class='hr av-av_hr-741ab06d0690c1111415ef58b6e9dc92 hr-invisible  avia-builder-el-18  el_after_av_one_half  el_before_av_one_full '><span class='hr-inner '><span class=\"hr-inner-style\"><\/span><\/span><\/div>\n<div class='flex_column_table av-av_one_full-34bae625fb626a9293e031b7edab057c sc-av_one_full av-equal-height-column-flextable'>\n<style type=\"text\/css\" data-created_by=\"avia_inline_auto\" id=\"style-css-av-av_one_full-34bae625fb626a9293e031b7edab057c\">\n.flex_column.av-av_one_full-34bae625fb626a9293e031b7edab057c{\n-webkit-border-radius:0px 0px 0px 0px;\n-moz-border-radius:0px 0px 0px 0px;\nborder-radius:0px 0px 0px 0px;\npadding:20px 20px 20px 20px;\nbackground-color:#ffffff;\n}\n<\/style>\n<div class='flex_column av-av_one_full-34bae625fb626a9293e031b7edab057c av_one_full  avia-builder-el-19  el_after_av_hr  avia-builder-el-last  first flex_column_table_cell av-equal-height-column av-align-top '     ><section  class='av_textblock_section av-av_textblock-396ddf1f42196ca838231e61a4602801'  itemscope=\"itemscope\" itemtype=\"https:\/\/schema.org\/CreativeWork\" ><div class='avia_textblock'  itemprop=\"text\" ><blockquote>\n<p>Como conclusi\u00f3n, p\u00f3dese dicir que este templo revela ao visitante unha combinaci\u00f3n perfecta de sobriedade e elegancia da arquitectura relixiosa galega, constitu\u00edndose no santuario m\u00e1is visitado de Galicia e m\u00e1is representativo da devoci\u00f3n mariana dun pobo ao longo dos s\u00e9culos.<\/p>\n<\/blockquote>\n<\/div><\/section><\/div><\/div><!--close column table wrapper. Autoclose: 1 -->\n\n","protected":false},"excerpt":{"rendered":"","protected":false},"author":1,"featured_media":0,"parent":0,"menu_order":0,"comment_status":"closed","ping_status":"closed","template":"","meta":[],"yoast_head":"<!-- This site is optimized with the Yoast SEO plugin v20.5 - https:\/\/yoast.com\/wordpress\/plugins\/seo\/ -->\n<title>A arquitectura do Santuario - Santuario O Corpi\u00f1o<\/title>\n<meta name=\"robots\" content=\"index, follow, max-snippet:-1, max-image-preview:large, max-video-preview:-1\" \/>\n<link rel=\"canonical\" href=\"https:\/\/ocorpino.org\/gl\/a-arquitectura-do-santuario\/\" \/>\n<meta property=\"og:locale\" content=\"gl_ES\" \/>\n<meta property=\"og:type\" content=\"article\" \/>\n<meta property=\"og:title\" content=\"A arquitectura do Santuario - Santuario O Corpi\u00f1o\" \/>\n<meta property=\"og:url\" content=\"https:\/\/ocorpino.org\/gl\/a-arquitectura-do-santuario\/\" \/>\n<meta property=\"og:site_name\" content=\"Santuario O Corpi\u00f1o\" \/>\n<meta property=\"article:publisher\" content=\"https:\/\/www.facebook.com\/santuariodeocorpino\" \/>\n<meta property=\"article:modified_time\" content=\"2022-04-22T16:13:45+00:00\" \/>\n<meta name=\"twitter:card\" content=\"summary_large_image\" \/>\n<meta name=\"twitter:site\" content=\"@ocorpino\" \/>\n<meta name=\"twitter:label1\" content=\"Tempo de lectura\" \/>\n\t<meta name=\"twitter:data1\" content=\"8 minutos\" \/>\n<script type=\"application\/ld+json\" class=\"yoast-schema-graph\">{\"@context\":\"https:\/\/schema.org\",\"@graph\":[{\"@type\":\"WebPage\",\"@id\":\"https:\/\/ocorpino.org\/gl\/a-arquitectura-do-santuario\/\",\"url\":\"https:\/\/ocorpino.org\/gl\/a-arquitectura-do-santuario\/\",\"name\":\"A arquitectura do Santuario - Santuario O Corpi\u00f1o\",\"isPartOf\":{\"@id\":\"https:\/\/ocorpino.org\/#website\"},\"datePublished\":\"2017-03-24T18:15:31+00:00\",\"dateModified\":\"2022-04-22T16:13:45+00:00\",\"breadcrumb\":{\"@id\":\"https:\/\/ocorpino.org\/gl\/a-arquitectura-do-santuario\/#breadcrumb\"},\"inLanguage\":\"gl-ES\",\"potentialAction\":[{\"@type\":\"ReadAction\",\"target\":[\"https:\/\/ocorpino.org\/gl\/a-arquitectura-do-santuario\/\"]}]},{\"@type\":\"BreadcrumbList\",\"@id\":\"https:\/\/ocorpino.org\/gl\/a-arquitectura-do-santuario\/#breadcrumb\",\"itemListElement\":[{\"@type\":\"ListItem\",\"position\":1,\"name\":\"Portada\",\"item\":\"https:\/\/ocorpino.org\/gl\/inicio\/\"},{\"@type\":\"ListItem\",\"position\":2,\"name\":\"A arquitectura do Santuario\"}]},{\"@type\":\"WebSite\",\"@id\":\"https:\/\/ocorpino.org\/#website\",\"url\":\"https:\/\/ocorpino.org\/\",\"name\":\"Santuario O Corpi\u00f1o\",\"description\":\"Web oficial del Santuario\",\"publisher\":{\"@id\":\"https:\/\/ocorpino.org\/#organization\"},\"potentialAction\":[{\"@type\":\"SearchAction\",\"target\":{\"@type\":\"EntryPoint\",\"urlTemplate\":\"https:\/\/ocorpino.org\/?s={search_term_string}\"},\"query-input\":\"required name=search_term_string\"}],\"inLanguage\":\"gl-ES\"},{\"@type\":\"Organization\",\"@id\":\"https:\/\/ocorpino.org\/#organization\",\"name\":\"DIOCESE DE LUGO. SANTUARIO DA NOSA SE\u00d1ORA DO CORPI\u00d1O\",\"url\":\"https:\/\/ocorpino.org\/\",\"logo\":{\"@type\":\"ImageObject\",\"inLanguage\":\"gl-ES\",\"@id\":\"https:\/\/ocorpino.org\/#\/schema\/logo\/image\/\",\"url\":\"https:\/\/dev.ocorpino.org\/wp-content\/uploads\/2017\/06\/logo-completo1.png\",\"contentUrl\":\"https:\/\/dev.ocorpino.org\/wp-content\/uploads\/2017\/06\/logo-completo1.png\",\"width\":535,\"height\":535,\"caption\":\"DIOCESE DE LUGO. SANTUARIO DA NOSA SE\u00d1ORA DO CORPI\u00d1O\"},\"image\":{\"@id\":\"https:\/\/ocorpino.org\/#\/schema\/logo\/image\/\"},\"sameAs\":[\"https:\/\/www.facebook.com\/santuariodeocorpino\",\"https:\/\/twitter.com\/ocorpino\",\"https:\/\/www.instagram.com\/ocorpino\/\",\"https:\/\/www.youtube.com\/user\/Santuariocorpino\"]}]}<\/script>\n<!-- \/ Yoast SEO plugin. -->","yoast_head_json":{"title":"A arquitectura do Santuario - Santuario O Corpi\u00f1o","robots":{"index":"index","follow":"follow","max-snippet":"max-snippet:-1","max-image-preview":"max-image-preview:large","max-video-preview":"max-video-preview:-1"},"canonical":"https:\/\/ocorpino.org\/gl\/a-arquitectura-do-santuario\/","og_locale":"gl_ES","og_type":"article","og_title":"A arquitectura do Santuario - Santuario O Corpi\u00f1o","og_url":"https:\/\/ocorpino.org\/gl\/a-arquitectura-do-santuario\/","og_site_name":"Santuario O Corpi\u00f1o","article_publisher":"https:\/\/www.facebook.com\/santuariodeocorpino","article_modified_time":"2022-04-22T16:13:45+00:00","twitter_card":"summary_large_image","twitter_site":"@ocorpino","twitter_misc":{"Tempo de lectura":"8 minutos"},"schema":{"@context":"https:\/\/schema.org","@graph":[{"@type":"WebPage","@id":"https:\/\/ocorpino.org\/gl\/a-arquitectura-do-santuario\/","url":"https:\/\/ocorpino.org\/gl\/a-arquitectura-do-santuario\/","name":"A arquitectura do Santuario - Santuario O Corpi\u00f1o","isPartOf":{"@id":"https:\/\/ocorpino.org\/#website"},"datePublished":"2017-03-24T18:15:31+00:00","dateModified":"2022-04-22T16:13:45+00:00","breadcrumb":{"@id":"https:\/\/ocorpino.org\/gl\/a-arquitectura-do-santuario\/#breadcrumb"},"inLanguage":"gl-ES","potentialAction":[{"@type":"ReadAction","target":["https:\/\/ocorpino.org\/gl\/a-arquitectura-do-santuario\/"]}]},{"@type":"BreadcrumbList","@id":"https:\/\/ocorpino.org\/gl\/a-arquitectura-do-santuario\/#breadcrumb","itemListElement":[{"@type":"ListItem","position":1,"name":"Portada","item":"https:\/\/ocorpino.org\/gl\/inicio\/"},{"@type":"ListItem","position":2,"name":"A arquitectura do Santuario"}]},{"@type":"WebSite","@id":"https:\/\/ocorpino.org\/#website","url":"https:\/\/ocorpino.org\/","name":"Santuario O Corpi\u00f1o","description":"Web oficial del Santuario","publisher":{"@id":"https:\/\/ocorpino.org\/#organization"},"potentialAction":[{"@type":"SearchAction","target":{"@type":"EntryPoint","urlTemplate":"https:\/\/ocorpino.org\/?s={search_term_string}"},"query-input":"required name=search_term_string"}],"inLanguage":"gl-ES"},{"@type":"Organization","@id":"https:\/\/ocorpino.org\/#organization","name":"DIOCESE DE LUGO. SANTUARIO DA NOSA SE\u00d1ORA DO CORPI\u00d1O","url":"https:\/\/ocorpino.org\/","logo":{"@type":"ImageObject","inLanguage":"gl-ES","@id":"https:\/\/ocorpino.org\/#\/schema\/logo\/image\/","url":"https:\/\/dev.ocorpino.org\/wp-content\/uploads\/2017\/06\/logo-completo1.png","contentUrl":"https:\/\/dev.ocorpino.org\/wp-content\/uploads\/2017\/06\/logo-completo1.png","width":535,"height":535,"caption":"DIOCESE DE LUGO. SANTUARIO DA NOSA SE\u00d1ORA DO CORPI\u00d1O"},"image":{"@id":"https:\/\/ocorpino.org\/#\/schema\/logo\/image\/"},"sameAs":["https:\/\/www.facebook.com\/santuariodeocorpino","https:\/\/twitter.com\/ocorpino","https:\/\/www.instagram.com\/ocorpino\/","https:\/\/www.youtube.com\/user\/Santuariocorpino"]}]}},"_links":{"self":[{"href":"https:\/\/ocorpino.org\/gl\/wp-json\/wp\/v2\/pages\/2723"}],"collection":[{"href":"https:\/\/ocorpino.org\/gl\/wp-json\/wp\/v2\/pages"}],"about":[{"href":"https:\/\/ocorpino.org\/gl\/wp-json\/wp\/v2\/types\/page"}],"author":[{"embeddable":true,"href":"https:\/\/ocorpino.org\/gl\/wp-json\/wp\/v2\/users\/1"}],"replies":[{"embeddable":true,"href":"https:\/\/ocorpino.org\/gl\/wp-json\/wp\/v2\/comments?post=2723"}],"version-history":[{"count":5,"href":"https:\/\/ocorpino.org\/gl\/wp-json\/wp\/v2\/pages\/2723\/revisions"}],"predecessor-version":[{"id":5880,"href":"https:\/\/ocorpino.org\/gl\/wp-json\/wp\/v2\/pages\/2723\/revisions\/5880"}],"wp:attachment":[{"href":"https:\/\/ocorpino.org\/gl\/wp-json\/wp\/v2\/media?parent=2723"}],"curies":[{"name":"wp","href":"https:\/\/api.w.org\/{rel}","templated":true}]}}