{"id":2699,"date":"2016-04-12T09:11:14","date_gmt":"2016-04-12T09:11:14","guid":{"rendered":"https:\/\/ocorpino.org\/horarios\/"},"modified":"2023-02-27T17:56:30","modified_gmt":"2023-02-27T16:56:30","slug":"horarios","status":"publish","type":"page","link":"https:\/\/ocorpino.org\/gl\/horarios\/","title":{"rendered":"Horarios"},"content":{"rendered":"\n<style type=\"text\/css\" data-created_by=\"avia_inline_auto\" id=\"style-css-av-l2angz5v-db4372a3270c1e4c459835b324fdcb13\">\n.avia-section.av-l2angz5v-db4372a3270c1e4c459835b324fdcb13{\nbackground-color:#f2f6fa;\nbackground-image:unset;\n}\n<\/style>\n<div id='av_section_1'  class='avia-section av-l2angz5v-db4372a3270c1e4c459835b324fdcb13 main_color avia-section-default avia-no-shadow  avia-builder-el-0  avia-builder-el-no-sibling  avia-bg-style-scroll container_wrap fullsize'  ><div class='container av-section-cont-open' ><main  role=\"main\" itemprop=\"mainContentOfPage\"  class='template-page content  av-content-full alpha units'><div class='post-entry post-entry-type-page post-entry-2699'><div class='entry-content-wrapper clearfix'>\n\n<style type=\"text\/css\" data-created_by=\"avia_inline_auto\" id=\"style-css-av-1ea8qm3-968b6e2b624c4ec341ba783e1f0080e3\">\n.flex_column.av-1ea8qm3-968b6e2b624c4ec341ba783e1f0080e3{\n-webkit-border-radius:20px 20px 20px 20px;\n-moz-border-radius:20px 20px 20px 20px;\nborder-radius:20px 20px 20px 20px;\npadding:20px 20px 20px 20px;\nbackground-color:#ffffff;\n}\n<\/style>\n<div class='flex_column av-1ea8qm3-968b6e2b624c4ec341ba783e1f0080e3 av_one_full  avia-builder-el-1  avia-builder-el-no-sibling  first flex_column_div '     ><section  class='av_textblock_section av-hbrsb-a0d1edbb9b7e58363277d097d350e1b6'  itemscope=\"itemscope\" itemtype=\"https:\/\/schema.org\/CreativeWork\" ><div class='avia_textblock'  itemprop=\"text\" ><h2>Horarios da Santa Misa<\/h2>\n<p><strong>Luns a venres:<\/strong> 18:00h.<br \/>\n<strong>S\u00e1bados:<\/strong> 12:00h y 18:00h.<br \/>\n<strong>Domingos e festivos:<\/strong> 10:00h, 12:00h y 18:00h.<\/p>\n<\/div><\/section><br \/>\n\n<style type=\"text\/css\" data-created_by=\"avia_inline_auto\" id=\"style-css-av-4qt3tn-c84cc5fa65fba379550e31ab0aeaa454\">\n#top .hr.hr-invisible.av-4qt3tn-c84cc5fa65fba379550e31ab0aeaa454{\nheight:20px;\n}\n<\/style>\n<div  class='hr av-4qt3tn-c84cc5fa65fba379550e31ab0aeaa454 hr-invisible  avia-builder-el-3  el_after_av_textblock  el_before_av_textblock '><span class='hr-inner '><span class=\"hr-inner-style\"><\/span><\/span><\/div><br \/>\n<section  class='av_textblock_section av-19b0env-8287cfb1791458dc86e464c98a6df0c8'  itemscope=\"itemscope\" itemtype=\"https:\/\/schema.org\/CreativeWork\" ><div class='avia_textblock'  itemprop=\"text\" ><h2>Horarios de apertura do Santuario<\/h2>\n<p><strong>Todos os d\u00edas laborables:<\/strong>:<br \/>\nDurante todo o ano:<\/p>\n<p><strong> Ma\u00f1\u00e1s <\/strong>: 11:00h a 13:30h.<br \/>\n<strong>Tardes<\/strong>: 16:00h a 20:00h.<\/p>\n<\/div><\/section><br \/>\n<section  class='av_textblock_section av-183rha3-97064624bbd0f4e817436f0cc987dd18'  itemscope=\"itemscope\" itemtype=\"https:\/\/schema.org\/CreativeWork\" ><div class='avia_textblock'  itemprop=\"text\" ><p><strong>Todos os s\u00e1bados<\/strong> do ano:<\/p>\n<p><strong> Ma\u00f1\u00e1s <\/strong>: 11:00h a 13:30h.<br \/>\n<strong>Tardes<\/strong>: 16:00h a 20:00h.<\/p>\n<\/div><\/section><br \/>\n<section  class='av_textblock_section av-16ry5or-3577d44e013cc24f3175a9ef041fedb9'  itemscope=\"itemscope\" itemtype=\"https:\/\/schema.org\/CreativeWork\" ><div class='avia_textblock'  itemprop=\"text\" ><p><strong>Todos os domingos<\/strong> do ano:<\/p>\n<p><strong> Ma\u00f1\u00e1s <\/strong>: 09:30h a 13:30h.<br \/>\n<strong>Tardes<\/strong>: 16:00h a 20:00h.<\/p>\n<\/div><\/section><br \/>\n\n<style type=\"text\/css\" data-created_by=\"avia_inline_auto\" id=\"style-css-av-41u6pn-cfb4cf23c179e70ca74bb296dee556bf\">\n#top .hr.hr-invisible.av-41u6pn-cfb4cf23c179e70ca74bb296dee556bf{\nheight:20px;\n}\n<\/style>\n<div  class='hr av-41u6pn-cfb4cf23c179e70ca74bb296dee556bf hr-invisible  avia-builder-el-7  el_after_av_textblock  el_before_av_textblock '><span class='hr-inner '><span class=\"hr-inner-style\"><\/span><\/span><\/div><br \/>\n<section  class='av_textblock_section av-133oa7v-01023327c45abc153e27e285f4e25bda'  itemscope=\"itemscope\" itemtype=\"https:\/\/schema.org\/CreativeWork\" ><div class='avia_textblock'  itemprop=\"text\" ><h2>Bendici\u00f3n e atenci\u00f3n a enfermos<\/h2>\n<p>Todos os d\u00edas da semana antes e despois da Santa Misa.<\/p>\n<\/div><\/section><br \/>\n\n<style type=\"text\/css\" data-created_by=\"avia_inline_auto\" id=\"style-css-av-11roykr-fb862f6e5a97c5eb38c8ba8d0b7315dc\">\n#top .hr.hr-invisible.av-11roykr-fb862f6e5a97c5eb38c8ba8d0b7315dc{\nheight:20px;\n}\n<\/style>\n<div  class='hr av-11roykr-fb862f6e5a97c5eb38c8ba8d0b7315dc hr-invisible  avia-builder-el-9  el_after_av_textblock  el_before_av_textblock '><span class='hr-inner '><span class=\"hr-inner-style\"><\/span><\/span><\/div><br \/>\n<section  class='av_textblock_section av-zd8e3v-f587ef9cef7bdb0679f63c2ebb30a913'  itemscope=\"itemscope\" itemtype=\"https:\/\/schema.org\/CreativeWork\" ><div class='avia_textblock'  itemprop=\"text\" ><h2>Confesi\u00f3ns<\/h2>\n<div>Todos os d\u00edas antes e despois da misa na nave esquerda do santuario. Os domingos e festivos unha hora antes da misa das 6 da tarde.<\/div>\n<\/div><\/section><br \/>\n\n<style type=\"text\/css\" data-created_by=\"avia_inline_auto\" id=\"style-css-av-xeh8kr-b6b066dd95a40bb1729f005b448b2769\">\n#top .hr.hr-invisible.av-xeh8kr-b6b066dd95a40bb1729f005b448b2769{\nheight:20px;\n}\n<\/style>\n<div  class='hr av-xeh8kr-b6b066dd95a40bb1729f005b448b2769 hr-invisible  avia-builder-el-11  el_after_av_textblock  el_before_av_textblock '><span class='hr-inner '><span class=\"hr-inner-style\"><\/span><\/span><\/div><br \/>\n<section  class='av_textblock_section av-wx78ln-c059220d38042d1dc27ee9784ddf86fd'  itemscope=\"itemscope\" itemtype=\"https:\/\/schema.org\/CreativeWork\" ><div class='avia_textblock'  itemprop=\"text\" ><h2>Exposici\u00f3n, adoraci\u00f3n do Sant\u00edsimo<\/h2>\n<div>\n<div>Todos os xoves despois da Santa Misa ter\u00e1 lugar a Exposici\u00f3n e Adoraci\u00f3n do Sant\u00edsimo, a Oraci\u00f3n de Curaci\u00f3n, a Bendici\u00f3n, a Oraci\u00f3n persoal\u2026<\/div>\n<\/div>\n<\/div><\/section><br \/>\n\n<style type=\"text\/css\" data-created_by=\"avia_inline_auto\" id=\"style-css-av-uzh5y3-1db65b6faeab3a82deb5675e99d6e9ba\">\n#top .hr.hr-invisible.av-uzh5y3-1db65b6faeab3a82deb5675e99d6e9ba{\nheight:20px;\n}\n<\/style>\n<div  class='hr av-uzh5y3-1db65b6faeab3a82deb5675e99d6e9ba hr-invisible  avia-builder-el-13  el_after_av_textblock  el_before_av_textblock '><span class='hr-inner '><span class=\"hr-inner-style\"><\/span><\/span><\/div><br \/>\n<section  class='av_textblock_section av-tlwm4b-fe34d7e6348464875ab676e746ec5281'  itemscope=\"itemscope\" itemtype=\"https:\/\/schema.org\/CreativeWork\" ><div class='avia_textblock'  itemprop=\"text\" ><h2>Grupo de oraci\u00f3n e adoraci\u00f3n<\/h2>\n<div>\n<div>O terceiro e quinto xoves de cada mes reun\u00edmonos \u00e1s 8 da tarde para a Oraci\u00f3n e Adoraci\u00f3n ao Se\u00f1or Sacramentado (convid\u00e1moslle a participar).<\/div>\n<\/div>\n<\/div><\/section><br \/>\n\n<style type=\"text\/css\" data-created_by=\"avia_inline_auto\" id=\"style-css-av-rl6auz-b939ae61f1e201f5215fb43921f5d2a8\">\n#top .hr.hr-invisible.av-rl6auz-b939ae61f1e201f5215fb43921f5d2a8{\nheight:20px;\n}\n<\/style>\n<div  class='hr av-rl6auz-b939ae61f1e201f5215fb43921f5d2a8 hr-invisible  avia-builder-el-15  el_after_av_textblock  el_before_av_textblock '><span class='hr-inner '><span class=\"hr-inner-style\"><\/span><\/span><\/div><br \/>\n<section  class='av_textblock_section av-qdyvhn-12ee69c964e1c6f71bd2191e87dbf3d1'  itemscope=\"itemscope\" itemtype=\"https:\/\/schema.org\/CreativeWork\" ><div class='avia_textblock'  itemprop=\"text\" ><h2>Grupo de adoraci\u00f3n nocturna<\/h2>\n<div>O primeiro xoves de cada mes, \u00e1s 9 da tarde, reun\u00edmonos para rezar e adorar ao Sant\u00edsimo Sacramento (convid\u00e1moslle).<\/div>\n<\/div><\/section><br \/>\n\n<style type=\"text\/css\" data-created_by=\"avia_inline_auto\" id=\"style-css-av-orlr23-2f7a9967305cfb31da64290624ae4ff6\">\n#top .hr.hr-invisible.av-orlr23-2f7a9967305cfb31da64290624ae4ff6{\nheight:20px;\n}\n<\/style>\n<div  class='hr av-orlr23-2f7a9967305cfb31da64290624ae4ff6 hr-invisible  avia-builder-el-17  el_after_av_textblock  el_before_av_textblock '><span class='hr-inner '><span class=\"hr-inner-style\"><\/span><\/span><\/div><br \/>\n<section  class='av_textblock_section av-ls80e3-b75ff20c9b8507f2ef6ed236fc617fea'  itemscope=\"itemscope\" itemtype=\"https:\/\/schema.org\/CreativeWork\" ><div class='avia_textblock'  itemprop=\"text\" ><h2>Coro da nosa Se\u00f1ora de O Corpi\u00f1o<\/h2>\n<div>Ensaios os luns e os xoves de 3:30 a 5:30 h da tarde. Cantan as misas de 12 os domingos e festivos. Para formar parte do grupo de canto, inf\u00f3rmese na sacrist\u00eda.<\/div>\n<\/div><\/section><br \/>\n\n<style type=\"text\/css\" data-created_by=\"avia_inline_auto\" id=\"style-css-av-ktjiej-de49b592c159c40c42c321d3a93964d1\">\n#top .hr.hr-invisible.av-ktjiej-de49b592c159c40c42c321d3a93964d1{\nheight:20px;\n}\n<\/style>\n<div  class='hr av-ktjiej-de49b592c159c40c42c321d3a93964d1 hr-invisible  avia-builder-el-19  el_after_av_textblock  el_before_av_textblock '><span class='hr-inner '><span class=\"hr-inner-style\"><\/span><\/span><\/div><br \/>\n<section  class='av_textblock_section av-iwnvff-c965ebd2918e3762ea62dcbb154f5e3c'  itemscope=\"itemscope\" itemtype=\"https:\/\/schema.org\/CreativeWork\" ><div class='avia_textblock'  itemprop=\"text\" ><h2>Grupo de liturxia e formaci\u00f3n lit\u00farxica<\/h2>\n<div>\n<div>\n<div>Prepara as Eucarist\u00edas solemnes, as festas, os Tempo Fortes e as Eucarist\u00edas das 12 de todos os domingos. Re\u00fanense varias veces ao mes e sempre que sexa necesario no santuario. Para formar parte do grupo de liturxia, inf\u00f3rmese no santuario.<\/div>\n<\/div>\n<\/div>\n<\/div><\/section><br \/>\n\n<style type=\"text\/css\" data-created_by=\"avia_inline_auto\" id=\"style-css-av-hgw0nv-b08dbfd03edc2abb9ab37c2b66db9be7\">\n#top .hr.hr-invisible.av-hgw0nv-b08dbfd03edc2abb9ab37c2b66db9be7{\nheight:20px;\n}\n<\/style>\n<div  class='hr av-hgw0nv-b08dbfd03edc2abb9ab37c2b66db9be7 hr-invisible  avia-builder-el-21  el_after_av_textblock  el_before_av_textblock '><span class='hr-inner '><span class=\"hr-inner-style\"><\/span><\/span><\/div><br \/>\n<section  class='av_textblock_section av-frjq7f-8b20fc2f5fc0c229a712e482b4a04ae8'  itemscope=\"itemscope\" itemtype=\"https:\/\/schema.org\/CreativeWork\" ><div class='avia_textblock'  itemprop=\"text\" ><h2>Grupo de Pastoral dos Enfermos<\/h2>\n<div>Acompa\u00f1an aos enfermos que o solicitan, l\u00e9vanlles a Sacra Comu\u00f1\u00f3n e rezan con eles. Inf\u00f3rmanlles das actividades parroquiais e esc\u00f3itanlles e atenden nas s\u00faas necesidades espirituais.<\/div>\n<\/div><\/section><br \/>\n\n<style type=\"text\/css\" data-created_by=\"avia_inline_auto\" id=\"style-css-av-ducikb-f7e2accc933a2afe64e56a3ef2f2b44f\">\n#top .hr.hr-invisible.av-ducikb-f7e2accc933a2afe64e56a3ef2f2b44f{\nheight:20px;\n}\n<\/style>\n<div  class='hr av-ducikb-f7e2accc933a2afe64e56a3ef2f2b44f hr-invisible  avia-builder-el-23  el_after_av_textblock  el_before_av_textblock '><span class='hr-inner '><span class=\"hr-inner-style\"><\/span><\/span><\/div><br \/>\n<section  class='av_textblock_section av-chw1mz-13ad433f4438c75a56ea25b009242c73'  itemscope=\"itemscope\" itemtype=\"https:\/\/schema.org\/CreativeWork\" ><div class='avia_textblock'  itemprop=\"text\" ><h2>Grupo de C\u00e1ritas e atenci\u00f3n aos necesitados<\/h2>\n<div>At\u00e9ndese e axuda \u00e1s persoas necesitadas, xa sexa nun momento puntual ou durante per\u00edodos m\u00e1is longos de tempo. Inf\u00f3rmese no Santuario.<\/div>\n<\/div><\/section><br \/>\n\n<style type=\"text\/css\" data-created_by=\"avia_inline_auto\" id=\"style-css-av-b59cy3-33bb866acdd41d27194fe922e0f91e25\">\n#top .hr.hr-invisible.av-b59cy3-33bb866acdd41d27194fe922e0f91e25{\nheight:20px;\n}\n<\/style>\n<div  class='hr av-b59cy3-33bb866acdd41d27194fe922e0f91e25 hr-invisible  avia-builder-el-25  el_after_av_textblock  el_before_av_textblock '><span class='hr-inner '><span class=\"hr-inner-style\"><\/span><\/span><\/div><br \/>\n<section  class='av_textblock_section av-8z52nv-e9103ab1987ef382c027bdcb6ba81ab3'  itemscope=\"itemscope\" itemtype=\"https:\/\/schema.org\/CreativeWork\" ><div class='avia_textblock'  itemprop=\"text\" ><h2>Primeiros venres de mes ao Sagrado Coraz\u00f3n de Jes\u00fas<\/h2>\n<div>Unha das devoci\u00f3ns m\u00e1is populares na Igrexa son os Nove Primeiros Venres de mes en honra ao Sacro Coraz\u00f3n de Jes\u00fas. Consiste en confesarse e comungar os nove primeiros venres de mes desde outubro a xu\u00f1o. Esta devoci\u00f3n ten a s\u00faa orixe nas aparici\u00f3ns do Sacro Coraz\u00f3n de Jes\u00fas a Santa Margarita Mar\u00eda.<\/div>\n<\/div><\/section><br \/>\n\n<style type=\"text\/css\" data-created_by=\"avia_inline_auto\" id=\"style-css-av-6slkjf-2d02657d774fea140626cc93f30707e6\">\n#top .hr.hr-invisible.av-6slkjf-2d02657d774fea140626cc93f30707e6{\nheight:20px;\n}\n<\/style>\n<div  class='hr av-6slkjf-2d02657d774fea140626cc93f30707e6 hr-invisible  avia-builder-el-27  el_after_av_textblock  el_before_av_textblock '><span class='hr-inner '><span class=\"hr-inner-style\"><\/span><\/span><\/div><br \/>\n<section  class='av_textblock_section av-5wwvq3-01ea1e9ce5711a7ae6481b76e3cec0ca'  itemscope=\"itemscope\" itemtype=\"https:\/\/schema.org\/CreativeWork\" ><div class='avia_textblock'  itemprop=\"text\" ><h2>Mes de maio dedicado \u00e1 Virxe Mar\u00eda<\/h2>\n<div>Todos os d\u00edas do mes de maio, ademais de rezar o Santo Rosario, ofreceremos unha flor \u00e1 Sant\u00edsima Virxe Mar\u00eda. O acto consiste en ofrecerlle unha flor cada d\u00eda \u00e1 nosa Nai e un compromiso para levar a cabo durante o d\u00eda seguinte.<\/div>\n<\/div><\/section><br \/>\n\n<style type=\"text\/css\" data-created_by=\"avia_inline_auto\" id=\"style-css-av-4nkiaj-d70504760dcfa3a7419d92a0f7ee384f\">\n#top .hr.hr-invisible.av-4nkiaj-d70504760dcfa3a7419d92a0f7ee384f{\nheight:20px;\n}\n<\/style>\n<div  class='hr av-4nkiaj-d70504760dcfa3a7419d92a0f7ee384f hr-invisible  avia-builder-el-29  el_after_av_textblock  el_before_av_textblock '><span class='hr-inner '><span class=\"hr-inner-style\"><\/span><\/span><\/div><br \/>\n<section  class='av_textblock_section av-2zfxwr-482a1bd5e60cb7fdd777761f63c28a78'  itemscope=\"itemscope\" itemtype=\"https:\/\/schema.org\/CreativeWork\" ><div class='avia_textblock'  itemprop=\"text\" ><h2>Mes de outubro dedicado \u00e1 Virxe do Rosario<\/h2>\n<div>Todos os d\u00edas do mes de outubro rezamos o Santo Rosario, meditando sobre cada un dos misterios que corresponden ao d\u00eda.<\/div>\n<\/div><\/section><\/p><\/div>\n","protected":false},"excerpt":{"rendered":"","protected":false},"author":1,"featured_media":0,"parent":0,"menu_order":0,"comment_status":"closed","ping_status":"closed","template":"","meta":[],"yoast_head":"<!-- This site is optimized with the Yoast SEO plugin v20.5 - https:\/\/yoast.com\/wordpress\/plugins\/seo\/ -->\n<title>Horarios - Santuario O Corpi\u00f1o<\/title>\n<meta name=\"robots\" content=\"index, follow, max-snippet:-1, max-image-preview:large, max-video-preview:-1\" \/>\n<link rel=\"canonical\" href=\"https:\/\/ocorpino.org\/gl\/horarios\/\" \/>\n<meta property=\"og:locale\" content=\"gl_ES\" \/>\n<meta property=\"og:type\" content=\"article\" \/>\n<meta property=\"og:title\" content=\"Horarios - Santuario O Corpi\u00f1o\" \/>\n<meta property=\"og:url\" content=\"https:\/\/ocorpino.org\/gl\/horarios\/\" \/>\n<meta property=\"og:site_name\" content=\"Santuario O Corpi\u00f1o\" \/>\n<meta property=\"article:publisher\" content=\"https:\/\/www.facebook.com\/santuariodeocorpino\" \/>\n<meta property=\"article:modified_time\" content=\"2023-02-27T16:56:30+00:00\" \/>\n<meta name=\"twitter:card\" content=\"summary_large_image\" \/>\n<meta name=\"twitter:site\" content=\"@ocorpino\" \/>\n<meta name=\"twitter:label1\" content=\"Tempo de lectura\" \/>\n\t<meta name=\"twitter:data1\" content=\"5 minutos\" \/>\n<script type=\"application\/ld+json\" class=\"yoast-schema-graph\">{\"@context\":\"https:\/\/schema.org\",\"@graph\":[{\"@type\":\"WebPage\",\"@id\":\"https:\/\/ocorpino.org\/gl\/horarios\/\",\"url\":\"https:\/\/ocorpino.org\/gl\/horarios\/\",\"name\":\"Horarios - Santuario O Corpi\u00f1o\",\"isPartOf\":{\"@id\":\"https:\/\/ocorpino.org\/#website\"},\"datePublished\":\"2016-04-12T09:11:14+00:00\",\"dateModified\":\"2023-02-27T16:56:30+00:00\",\"breadcrumb\":{\"@id\":\"https:\/\/ocorpino.org\/gl\/horarios\/#breadcrumb\"},\"inLanguage\":\"gl-ES\",\"potentialAction\":[{\"@type\":\"ReadAction\",\"target\":[\"https:\/\/ocorpino.org\/gl\/horarios\/\"]}]},{\"@type\":\"BreadcrumbList\",\"@id\":\"https:\/\/ocorpino.org\/gl\/horarios\/#breadcrumb\",\"itemListElement\":[{\"@type\":\"ListItem\",\"position\":1,\"name\":\"Portada\",\"item\":\"https:\/\/ocorpino.org\/gl\/inicio\/\"},{\"@type\":\"ListItem\",\"position\":2,\"name\":\"Horarios\"}]},{\"@type\":\"WebSite\",\"@id\":\"https:\/\/ocorpino.org\/#website\",\"url\":\"https:\/\/ocorpino.org\/\",\"name\":\"Santuario O Corpi\u00f1o\",\"description\":\"Web oficial del Santuario\",\"publisher\":{\"@id\":\"https:\/\/ocorpino.org\/#organization\"},\"potentialAction\":[{\"@type\":\"SearchAction\",\"target\":{\"@type\":\"EntryPoint\",\"urlTemplate\":\"https:\/\/ocorpino.org\/?s={search_term_string}\"},\"query-input\":\"required name=search_term_string\"}],\"inLanguage\":\"gl-ES\"},{\"@type\":\"Organization\",\"@id\":\"https:\/\/ocorpino.org\/#organization\",\"name\":\"DIOCESE DE LUGO. SANTUARIO DA NOSA SE\u00d1ORA DO CORPI\u00d1O\",\"url\":\"https:\/\/ocorpino.org\/\",\"logo\":{\"@type\":\"ImageObject\",\"inLanguage\":\"gl-ES\",\"@id\":\"https:\/\/ocorpino.org\/#\/schema\/logo\/image\/\",\"url\":\"https:\/\/dev.ocorpino.org\/wp-content\/uploads\/2017\/06\/logo-completo1.png\",\"contentUrl\":\"https:\/\/dev.ocorpino.org\/wp-content\/uploads\/2017\/06\/logo-completo1.png\",\"width\":535,\"height\":535,\"caption\":\"DIOCESE DE LUGO. SANTUARIO DA NOSA SE\u00d1ORA DO CORPI\u00d1O\"},\"image\":{\"@id\":\"https:\/\/ocorpino.org\/#\/schema\/logo\/image\/\"},\"sameAs\":[\"https:\/\/www.facebook.com\/santuariodeocorpino\",\"https:\/\/twitter.com\/ocorpino\",\"https:\/\/www.instagram.com\/ocorpino\/\",\"https:\/\/www.youtube.com\/user\/Santuariocorpino\"]}]}<\/script>\n<!-- \/ Yoast SEO plugin. -->","yoast_head_json":{"title":"Horarios - Santuario O Corpi\u00f1o","robots":{"index":"index","follow":"follow","max-snippet":"max-snippet:-1","max-image-preview":"max-image-preview:large","max-video-preview":"max-video-preview:-1"},"canonical":"https:\/\/ocorpino.org\/gl\/horarios\/","og_locale":"gl_ES","og_type":"article","og_title":"Horarios - Santuario O Corpi\u00f1o","og_url":"https:\/\/ocorpino.org\/gl\/horarios\/","og_site_name":"Santuario O Corpi\u00f1o","article_publisher":"https:\/\/www.facebook.com\/santuariodeocorpino","article_modified_time":"2023-02-27T16:56:30+00:00","twitter_card":"summary_large_image","twitter_site":"@ocorpino","twitter_misc":{"Tempo de lectura":"5 minutos"},"schema":{"@context":"https:\/\/schema.org","@graph":[{"@type":"WebPage","@id":"https:\/\/ocorpino.org\/gl\/horarios\/","url":"https:\/\/ocorpino.org\/gl\/horarios\/","name":"Horarios - Santuario O Corpi\u00f1o","isPartOf":{"@id":"https:\/\/ocorpino.org\/#website"},"datePublished":"2016-04-12T09:11:14+00:00","dateModified":"2023-02-27T16:56:30+00:00","breadcrumb":{"@id":"https:\/\/ocorpino.org\/gl\/horarios\/#breadcrumb"},"inLanguage":"gl-ES","potentialAction":[{"@type":"ReadAction","target":["https:\/\/ocorpino.org\/gl\/horarios\/"]}]},{"@type":"BreadcrumbList","@id":"https:\/\/ocorpino.org\/gl\/horarios\/#breadcrumb","itemListElement":[{"@type":"ListItem","position":1,"name":"Portada","item":"https:\/\/ocorpino.org\/gl\/inicio\/"},{"@type":"ListItem","position":2,"name":"Horarios"}]},{"@type":"WebSite","@id":"https:\/\/ocorpino.org\/#website","url":"https:\/\/ocorpino.org\/","name":"Santuario O Corpi\u00f1o","description":"Web oficial del Santuario","publisher":{"@id":"https:\/\/ocorpino.org\/#organization"},"potentialAction":[{"@type":"SearchAction","target":{"@type":"EntryPoint","urlTemplate":"https:\/\/ocorpino.org\/?s={search_term_string}"},"query-input":"required name=search_term_string"}],"inLanguage":"gl-ES"},{"@type":"Organization","@id":"https:\/\/ocorpino.org\/#organization","name":"DIOCESE DE LUGO. SANTUARIO DA NOSA SE\u00d1ORA DO CORPI\u00d1O","url":"https:\/\/ocorpino.org\/","logo":{"@type":"ImageObject","inLanguage":"gl-ES","@id":"https:\/\/ocorpino.org\/#\/schema\/logo\/image\/","url":"https:\/\/dev.ocorpino.org\/wp-content\/uploads\/2017\/06\/logo-completo1.png","contentUrl":"https:\/\/dev.ocorpino.org\/wp-content\/uploads\/2017\/06\/logo-completo1.png","width":535,"height":535,"caption":"DIOCESE DE LUGO. SANTUARIO DA NOSA SE\u00d1ORA DO CORPI\u00d1O"},"image":{"@id":"https:\/\/ocorpino.org\/#\/schema\/logo\/image\/"},"sameAs":["https:\/\/www.facebook.com\/santuariodeocorpino","https:\/\/twitter.com\/ocorpino","https:\/\/www.instagram.com\/ocorpino\/","https:\/\/www.youtube.com\/user\/Santuariocorpino"]}]}},"_links":{"self":[{"href":"https:\/\/ocorpino.org\/gl\/wp-json\/wp\/v2\/pages\/2699"}],"collection":[{"href":"https:\/\/ocorpino.org\/gl\/wp-json\/wp\/v2\/pages"}],"about":[{"href":"https:\/\/ocorpino.org\/gl\/wp-json\/wp\/v2\/types\/page"}],"author":[{"embeddable":true,"href":"https:\/\/ocorpino.org\/gl\/wp-json\/wp\/v2\/users\/1"}],"replies":[{"embeddable":true,"href":"https:\/\/ocorpino.org\/gl\/wp-json\/wp\/v2\/comments?post=2699"}],"version-history":[{"count":13,"href":"https:\/\/ocorpino.org\/gl\/wp-json\/wp\/v2\/pages\/2699\/revisions"}],"predecessor-version":[{"id":8131,"href":"https:\/\/ocorpino.org\/gl\/wp-json\/wp\/v2\/pages\/2699\/revisions\/8131"}],"wp:attachment":[{"href":"https:\/\/ocorpino.org\/gl\/wp-json\/wp\/v2\/media?parent=2699"}],"curies":[{"name":"wp","href":"https:\/\/api.w.org\/{rel}","templated":true}]}}