{"id":2689,"date":"2016-04-12T08:14:27","date_gmt":"2016-04-12T08:14:27","guid":{"rendered":"https:\/\/ocorpino.org\/historia-del-santuario\/"},"modified":"2022-04-22T18:24:53","modified_gmt":"2022-04-22T16:24:53","slug":"historia-del-santuario","status":"publish","type":"page","link":"https:\/\/ocorpino.org\/gl\/historia-del-santuario\/","title":{"rendered":"Historia do Santuario"},"content":{"rendered":"\n<style type=\"text\/css\" data-created_by=\"avia_inline_auto\" id=\"style-css-av-l2ams8i4-124b7a5c1cd713c0ed231942225fe12e\">\n.avia-section.av-l2ams8i4-124b7a5c1cd713c0ed231942225fe12e{\nbackground-color:#f2f6fa;\nbackground-image:unset;\n}\n<\/style>\n<div id='av_section_1'  class='avia-section av-l2ams8i4-124b7a5c1cd713c0ed231942225fe12e main_color avia-section-default avia-no-shadow  avia-builder-el-0  avia-builder-el-no-sibling  avia-bg-style-scroll container_wrap fullsize'  ><div class='container av-section-cont-open' ><main  role=\"main\" itemprop=\"mainContentOfPage\"  class='template-page content  av-content-full alpha units'><div class='post-entry post-entry-type-page post-entry-2689'><div class='entry-content-wrapper clearfix'>\n<div class='flex_column_table av-f8oi1d-1e9faea2be79ce4ff524d7bf95182ce5 sc-av_one_half av-equal-height-column-flextable'>\n<style type=\"text\/css\" data-created_by=\"avia_inline_auto\" id=\"style-css-av-f8oi1d-1e9faea2be79ce4ff524d7bf95182ce5\">\n.flex_column.av-f8oi1d-1e9faea2be79ce4ff524d7bf95182ce5{\n-webkit-border-radius:0px 0px 0px 0px;\n-moz-border-radius:0px 0px 0px 0px;\nborder-radius:0px 0px 0px 0px;\npadding:20px 20px 20px 20px;\nbackground-color:#ffffff;\n}\n<\/style>\n<div class='flex_column av-f8oi1d-1e9faea2be79ce4ff524d7bf95182ce5 av_one_half  avia-builder-el-1  el_before_av_one_half  avia-builder-el-first  first flex_column_table_cell av-equal-height-column av-align-top '     ><p>\n<style type=\"text\/css\" data-created_by=\"avia_inline_auto\" id=\"style-css-av-e2d0cx-3b1cdf3813fe60ecbe8c4dbe65e735aa\">\n#top .av-special-heading.av-e2d0cx-3b1cdf3813fe60ecbe8c4dbe65e735aa{\npadding-bottom:10px;\n}\nbody .av-special-heading.av-e2d0cx-3b1cdf3813fe60ecbe8c4dbe65e735aa .av-special-heading-tag .heading-char{\nfont-size:25px;\n}\n.av-special-heading.av-e2d0cx-3b1cdf3813fe60ecbe8c4dbe65e735aa .av-subheading{\nfont-size:15px;\n}\n<\/style>\n<div  class='av-special-heading av-e2d0cx-3b1cdf3813fe60ecbe8c4dbe65e735aa av-special-heading-h2 blockquote modern-quote  avia-builder-el-2  el_before_av_textblock  avia-builder-el-first '><h2 class='av-special-heading-tag'  itemprop=\"headline\"  >Historia do Santuario<\/h2><div class=\"special-heading-border\"><div class=\"special-heading-inner-border\"><\/div><\/div><\/div><br \/>\n<section  class='av_textblock_section av-c35kep-0adb57ceec5e031a1e6731f4228cf10e'  itemscope=\"itemscope\" itemtype=\"https:\/\/schema.org\/CreativeWork\" ><div class='avia_textblock'  itemprop=\"text\" ><p>No coraz\u00f3n de <strong>Galicia<\/strong>, nas terras polas que discorre o r\u00edo que d\u00e1 nome a esta comarca, o <strong>Deza<\/strong>, est\u00e1 situado o actual <strong>Santuario da nosa Se\u00f1ora de O Corpi\u00f1o,<\/strong> na faldra do monte Carrio. As s\u00faas orixes rem\u00f3ntanse \u00f3 s. VIII, data na que viv\u00eda nesta monta\u00f1a un ermit\u00e1n de gran admiraci\u00f3n polos habitantes do lugar, pois para eles era exemplo a s\u00faa vida de fe e gran devoci\u00f3n \u00e1 Virxe Mar\u00eda. Ante o seu falecemento, deciden levantar unha edificaci\u00f3n sinxela e de humildes proporci\u00f3ns para albergar o seu incorrupto corpo. Tras a chegada dos \u00e1rabes, o lugar foi lamentablemente abandonado ata chegar ao s. XII, data na que ocorre a aparici\u00f3n da Sant\u00edsima Virxe Mar\u00eda a uns pequenos pastorci\u00f1os, texto que recollemos con todo detalle no apartado das aparici\u00f3ns.<\/p>\n<p>O que anteriormente fora lugar de devoci\u00f3n ao ermit\u00e1n, un home de especial sensibilidade cara \u00e1 Nai de Deus, converteuse nun centro de peregrinaci\u00f3n cara a Ela mesma, a Virxe Mar\u00eda.Segundo consta no Libro de F\u00e1brica do Santuario, o d\u00eda 7 de setembro do ano 1740, visita o Santuario o arcediago de Deza, D. Juan Roque Gil, o cal manda <i>\u201c\u2026comp\u00f3\u00f1ase e repare a xanela de San Caietano e se retelle devandito Santuario\u2026\u201d<\/i>. Por iso, podemos dicir que o edificio \u00e9 moi anterior \u00e1 citada data, a\u00ednda que se ampliou e modificou en varias ocasi\u00f3ns. Primeiro, entre os anos 1743 e 1768 erixiuse unha igrexa dunha soa nave. Entre o 1782 e 1803 ampliouse ata adoptar a planta de Cruz Latina. Entre 1867 e 1872 quedar\u00eda inserta nunha planta de sal\u00f3n, que levar\u00eda d\u00faas novas naves laterais \u00e1s que se abrir\u00eda acceso mediante varios arcos na nave central orixinal.<\/p>\n<\/div><\/section><\/p><\/div><div class='av-flex-placeholder'><\/div>\n<style type=\"text\/css\" data-created_by=\"avia_inline_auto\" id=\"style-css-av-bcuf6p-8fe950c755da9751e6144fc2ca661251\">\n.flex_column.av-bcuf6p-8fe950c755da9751e6144fc2ca661251{\n-webkit-border-radius:0px 0px 0px 0px;\n-moz-border-radius:0px 0px 0px 0px;\nborder-radius:0px 0px 0px 0px;\npadding:20px 20px 20px 20px;\nbackground-color:#ffffff;\n}\n<\/style>\n<div class='flex_column av-bcuf6p-8fe950c755da9751e6144fc2ca661251 av_one_half  avia-builder-el-4  el_after_av_one_half  el_before_av_hr  flex_column_table_cell av-equal-height-column av-align-top '     ><p>\n<style type=\"text\/css\" data-created_by=\"avia_inline_auto\" id=\"style-css-av-9kjlup-2f02955ff84087cf2c6169ebade3357c\">\n.avia-image-container.av-9kjlup-2f02955ff84087cf2c6169ebade3357c img.avia_image{\nbox-shadow:none;\n}\n.avia-image-container.av-9kjlup-2f02955ff84087cf2c6169ebade3357c .av-image-caption-overlay-center{\ncolor:#ffffff;\n}\n<\/style>\n<div  class='avia-image-container av-9kjlup-2f02955ff84087cf2c6169ebade3357c av-styling- avia-align-center  avia-builder-el-5  el_before_av_textblock  avia-builder-el-first '   itemprop=\"image\" itemscope=\"itemscope\" itemtype=\"https:\/\/schema.org\/ImageObject\" ><div class=\"avia-image-container-inner\"><div class=\"avia-image-overlay-wrap\"><img decoding=\"async\" class='wp-image-5869 avia-img-lazy-loading-not-5869 avia_image ' src=\"https:\/\/ocorpino.org\/wp-content\/uploads\/2016\/04\/IMG_1881.jpg\" alt='' title='IMG_1881'  height=\"905\" width=\"679\"  itemprop=\"thumbnailUrl\" srcset=\"https:\/\/ocorpino.org\/wp-content\/uploads\/2016\/04\/IMG_1881.jpg 679w, https:\/\/ocorpino.org\/wp-content\/uploads\/2016\/04\/IMG_1881-225x300.jpg 225w, https:\/\/ocorpino.org\/wp-content\/uploads\/2016\/04\/IMG_1881-529x705.jpg 529w, https:\/\/ocorpino.org\/wp-content\/uploads\/2016\/04\/IMG_1881-450x600.jpg 450w\" sizes=\"(max-width: 679px) 100vw, 679px\" \/><\/div><\/div><\/div><br \/>\n<section  class='av_textblock_section av-80huyp-7c29bb0690796048e170cde63afed225'  itemscope=\"itemscope\" itemtype=\"https:\/\/schema.org\/CreativeWork\" ><div class='avia_textblock'  itemprop=\"text\" ><blockquote>\n<p><em>Como figuras relevantes na construci\u00f3n que hoxe admiramos, podemos citar aos mestres: Paulo Solla, Francisco F\u00edntela, Francisco Jozar e ao reitor Lu\u00eds Fondevila, quen \u00e9 o que consegue legarnos o trazado actual.l.<\/em><\/p>\n<\/blockquote>\n<\/div><\/section><\/p><\/div><\/div><!--close column table wrapper. Autoclose: 1 -->\n<style type=\"text\/css\" data-created_by=\"avia_inline_auto\" id=\"style-css-av-68hrfl-70753869d1bbc94647f21ea36d8d6363\">\n#top .hr.hr-invisible.av-68hrfl-70753869d1bbc94647f21ea36d8d6363{\nheight:40px;\n}\n<\/style>\n<div  class='hr av-68hrfl-70753869d1bbc94647f21ea36d8d6363 hr-invisible  avia-builder-el-7  el_after_av_one_half  el_before_av_one_full '><span class='hr-inner '><span class=\"hr-inner-style\"><\/span><\/span><\/div>\n\n<style type=\"text\/css\" data-created_by=\"avia_inline_auto\" id=\"style-css-av-fnjkh-83e98750a45b4e2a8c862df99795dcca\">\n.flex_column.av-fnjkh-83e98750a45b4e2a8c862df99795dcca{\n-webkit-border-radius:0px 0px 0px 0px;\n-moz-border-radius:0px 0px 0px 0px;\nborder-radius:0px 0px 0px 0px;\npadding:20px 20px 20px 20px;\nbackground-color:#ffffff;\n}\n<\/style>\n<div class='flex_column av-fnjkh-83e98750a45b4e2a8c862df99795dcca av_one_full  avia-builder-el-8  el_after_av_hr  avia-builder-el-last  first flex_column_div '     ><style type=\"text\/css\" data-created_by=\"avia_inline_auto\" id=\"style-css-av-38tayp-dec0d83c15f8b9cc3451456132ddcbcc\">\n.avia-image-container.av-38tayp-dec0d83c15f8b9cc3451456132ddcbcc img.avia_image{\nbox-shadow:none;\n}\n.avia-image-container.av-38tayp-dec0d83c15f8b9cc3451456132ddcbcc .av-image-caption-overlay-center{\ncolor:#ffffff;\n}\n<\/style>\n<div  class='avia-image-container av-38tayp-dec0d83c15f8b9cc3451456132ddcbcc av-styling- avia-align-center  avia-builder-el-9  avia-builder-el-no-sibling '   itemprop=\"image\" itemscope=\"itemscope\" itemtype=\"https:\/\/schema.org\/ImageObject\" ><div class=\"avia-image-container-inner\"><div class=\"avia-image-overlay-wrap\"><img decoding=\"async\" class='wp-image-5882 avia-img-lazy-loading-not-5882 avia_image ' src=\"https:\/\/ocorpino.org\/wp-content\/uploads\/2022\/04\/santuario.jpg\" alt='' title='santuario'  height=\"493\" width=\"978\"  itemprop=\"thumbnailUrl\" srcset=\"https:\/\/ocorpino.org\/wp-content\/uploads\/2022\/04\/santuario.jpg 978w, https:\/\/ocorpino.org\/wp-content\/uploads\/2022\/04\/santuario-300x151.jpg 300w, https:\/\/ocorpino.org\/wp-content\/uploads\/2022\/04\/santuario-768x387.jpg 768w, https:\/\/ocorpino.org\/wp-content\/uploads\/2022\/04\/santuario-705x355.jpg 705w\" sizes=\"(max-width: 978px) 100vw, 978px\" \/><\/div><\/div><\/div><\/div>\n","protected":false},"excerpt":{"rendered":"","protected":false},"author":1,"featured_media":0,"parent":0,"menu_order":0,"comment_status":"closed","ping_status":"closed","template":"","meta":[],"yoast_head":"<!-- This site is optimized with the Yoast SEO plugin v20.5 - https:\/\/yoast.com\/wordpress\/plugins\/seo\/ -->\n<title>Historia do Santuario - Santuario O Corpi\u00f1o<\/title>\n<meta name=\"robots\" content=\"index, follow, max-snippet:-1, max-image-preview:large, max-video-preview:-1\" \/>\n<link rel=\"canonical\" href=\"https:\/\/ocorpino.org\/gl\/historia-del-santuario\/\" \/>\n<meta property=\"og:locale\" content=\"gl_ES\" \/>\n<meta property=\"og:type\" content=\"article\" \/>\n<meta property=\"og:title\" content=\"Historia do Santuario - Santuario O Corpi\u00f1o\" \/>\n<meta property=\"og:url\" content=\"https:\/\/ocorpino.org\/gl\/historia-del-santuario\/\" \/>\n<meta property=\"og:site_name\" content=\"Santuario O Corpi\u00f1o\" \/>\n<meta property=\"article:publisher\" content=\"https:\/\/www.facebook.com\/santuariodeocorpino\" \/>\n<meta property=\"article:modified_time\" content=\"2022-04-22T16:24:53+00:00\" \/>\n<meta name=\"twitter:card\" content=\"summary_large_image\" \/>\n<meta name=\"twitter:site\" content=\"@ocorpino\" \/>\n<meta name=\"twitter:label1\" content=\"Tempo de lectura\" \/>\n\t<meta name=\"twitter:data1\" content=\"5 minutos\" \/>\n<script type=\"application\/ld+json\" class=\"yoast-schema-graph\">{\"@context\":\"https:\/\/schema.org\",\"@graph\":[{\"@type\":\"WebPage\",\"@id\":\"https:\/\/ocorpino.org\/gl\/historia-del-santuario\/\",\"url\":\"https:\/\/ocorpino.org\/gl\/historia-del-santuario\/\",\"name\":\"Historia do Santuario - Santuario O Corpi\u00f1o\",\"isPartOf\":{\"@id\":\"https:\/\/ocorpino.org\/#website\"},\"datePublished\":\"2016-04-12T08:14:27+00:00\",\"dateModified\":\"2022-04-22T16:24:53+00:00\",\"breadcrumb\":{\"@id\":\"https:\/\/ocorpino.org\/gl\/historia-del-santuario\/#breadcrumb\"},\"inLanguage\":\"gl-ES\",\"potentialAction\":[{\"@type\":\"ReadAction\",\"target\":[\"https:\/\/ocorpino.org\/gl\/historia-del-santuario\/\"]}]},{\"@type\":\"BreadcrumbList\",\"@id\":\"https:\/\/ocorpino.org\/gl\/historia-del-santuario\/#breadcrumb\",\"itemListElement\":[{\"@type\":\"ListItem\",\"position\":1,\"name\":\"Portada\",\"item\":\"https:\/\/ocorpino.org\/gl\/inicio\/\"},{\"@type\":\"ListItem\",\"position\":2,\"name\":\"Historia do Santuario\"}]},{\"@type\":\"WebSite\",\"@id\":\"https:\/\/ocorpino.org\/#website\",\"url\":\"https:\/\/ocorpino.org\/\",\"name\":\"Santuario O Corpi\u00f1o\",\"description\":\"Web oficial del Santuario\",\"publisher\":{\"@id\":\"https:\/\/ocorpino.org\/#organization\"},\"potentialAction\":[{\"@type\":\"SearchAction\",\"target\":{\"@type\":\"EntryPoint\",\"urlTemplate\":\"https:\/\/ocorpino.org\/?s={search_term_string}\"},\"query-input\":\"required name=search_term_string\"}],\"inLanguage\":\"gl-ES\"},{\"@type\":\"Organization\",\"@id\":\"https:\/\/ocorpino.org\/#organization\",\"name\":\"DIOCESE DE LUGO. SANTUARIO DA NOSA SE\u00d1ORA DO CORPI\u00d1O\",\"url\":\"https:\/\/ocorpino.org\/\",\"logo\":{\"@type\":\"ImageObject\",\"inLanguage\":\"gl-ES\",\"@id\":\"https:\/\/ocorpino.org\/#\/schema\/logo\/image\/\",\"url\":\"https:\/\/dev.ocorpino.org\/wp-content\/uploads\/2017\/06\/logo-completo1.png\",\"contentUrl\":\"https:\/\/dev.ocorpino.org\/wp-content\/uploads\/2017\/06\/logo-completo1.png\",\"width\":535,\"height\":535,\"caption\":\"DIOCESE DE LUGO. SANTUARIO DA NOSA SE\u00d1ORA DO CORPI\u00d1O\"},\"image\":{\"@id\":\"https:\/\/ocorpino.org\/#\/schema\/logo\/image\/\"},\"sameAs\":[\"https:\/\/www.facebook.com\/santuariodeocorpino\",\"https:\/\/twitter.com\/ocorpino\",\"https:\/\/www.instagram.com\/ocorpino\/\",\"https:\/\/www.youtube.com\/user\/Santuariocorpino\"]}]}<\/script>\n<!-- \/ Yoast SEO plugin. -->","yoast_head_json":{"title":"Historia do Santuario - Santuario O Corpi\u00f1o","robots":{"index":"index","follow":"follow","max-snippet":"max-snippet:-1","max-image-preview":"max-image-preview:large","max-video-preview":"max-video-preview:-1"},"canonical":"https:\/\/ocorpino.org\/gl\/historia-del-santuario\/","og_locale":"gl_ES","og_type":"article","og_title":"Historia do Santuario - Santuario O Corpi\u00f1o","og_url":"https:\/\/ocorpino.org\/gl\/historia-del-santuario\/","og_site_name":"Santuario O Corpi\u00f1o","article_publisher":"https:\/\/www.facebook.com\/santuariodeocorpino","article_modified_time":"2022-04-22T16:24:53+00:00","twitter_card":"summary_large_image","twitter_site":"@ocorpino","twitter_misc":{"Tempo de lectura":"5 minutos"},"schema":{"@context":"https:\/\/schema.org","@graph":[{"@type":"WebPage","@id":"https:\/\/ocorpino.org\/gl\/historia-del-santuario\/","url":"https:\/\/ocorpino.org\/gl\/historia-del-santuario\/","name":"Historia do Santuario - Santuario O Corpi\u00f1o","isPartOf":{"@id":"https:\/\/ocorpino.org\/#website"},"datePublished":"2016-04-12T08:14:27+00:00","dateModified":"2022-04-22T16:24:53+00:00","breadcrumb":{"@id":"https:\/\/ocorpino.org\/gl\/historia-del-santuario\/#breadcrumb"},"inLanguage":"gl-ES","potentialAction":[{"@type":"ReadAction","target":["https:\/\/ocorpino.org\/gl\/historia-del-santuario\/"]}]},{"@type":"BreadcrumbList","@id":"https:\/\/ocorpino.org\/gl\/historia-del-santuario\/#breadcrumb","itemListElement":[{"@type":"ListItem","position":1,"name":"Portada","item":"https:\/\/ocorpino.org\/gl\/inicio\/"},{"@type":"ListItem","position":2,"name":"Historia do Santuario"}]},{"@type":"WebSite","@id":"https:\/\/ocorpino.org\/#website","url":"https:\/\/ocorpino.org\/","name":"Santuario O Corpi\u00f1o","description":"Web oficial del Santuario","publisher":{"@id":"https:\/\/ocorpino.org\/#organization"},"potentialAction":[{"@type":"SearchAction","target":{"@type":"EntryPoint","urlTemplate":"https:\/\/ocorpino.org\/?s={search_term_string}"},"query-input":"required name=search_term_string"}],"inLanguage":"gl-ES"},{"@type":"Organization","@id":"https:\/\/ocorpino.org\/#organization","name":"DIOCESE DE LUGO. SANTUARIO DA NOSA SE\u00d1ORA DO CORPI\u00d1O","url":"https:\/\/ocorpino.org\/","logo":{"@type":"ImageObject","inLanguage":"gl-ES","@id":"https:\/\/ocorpino.org\/#\/schema\/logo\/image\/","url":"https:\/\/dev.ocorpino.org\/wp-content\/uploads\/2017\/06\/logo-completo1.png","contentUrl":"https:\/\/dev.ocorpino.org\/wp-content\/uploads\/2017\/06\/logo-completo1.png","width":535,"height":535,"caption":"DIOCESE DE LUGO. SANTUARIO DA NOSA SE\u00d1ORA DO CORPI\u00d1O"},"image":{"@id":"https:\/\/ocorpino.org\/#\/schema\/logo\/image\/"},"sameAs":["https:\/\/www.facebook.com\/santuariodeocorpino","https:\/\/twitter.com\/ocorpino","https:\/\/www.instagram.com\/ocorpino\/","https:\/\/www.youtube.com\/user\/Santuariocorpino"]}]}},"_links":{"self":[{"href":"https:\/\/ocorpino.org\/gl\/wp-json\/wp\/v2\/pages\/2689"}],"collection":[{"href":"https:\/\/ocorpino.org\/gl\/wp-json\/wp\/v2\/pages"}],"about":[{"href":"https:\/\/ocorpino.org\/gl\/wp-json\/wp\/v2\/types\/page"}],"author":[{"embeddable":true,"href":"https:\/\/ocorpino.org\/gl\/wp-json\/wp\/v2\/users\/1"}],"replies":[{"embeddable":true,"href":"https:\/\/ocorpino.org\/gl\/wp-json\/wp\/v2\/comments?post=2689"}],"version-history":[{"count":7,"href":"https:\/\/ocorpino.org\/gl\/wp-json\/wp\/v2\/pages\/2689\/revisions"}],"predecessor-version":[{"id":6004,"href":"https:\/\/ocorpino.org\/gl\/wp-json\/wp\/v2\/pages\/2689\/revisions\/6004"}],"wp:attachment":[{"href":"https:\/\/ocorpino.org\/gl\/wp-json\/wp\/v2\/media?parent=2689"}],"curies":[{"name":"wp","href":"https:\/\/api.w.org\/{rel}","templated":true}]}}