{"id":2631,"date":"2016-04-12T11:15:15","date_gmt":"2016-04-12T11:15:15","guid":{"rendered":"https:\/\/ocorpino.org\/como-llegar\/"},"modified":"2022-04-24T21:35:54","modified_gmt":"2022-04-24T19:35:54","slug":"como-chegar","status":"publish","type":"page","link":"https:\/\/ocorpino.org\/gl\/como-chegar\/","title":{"rendered":"C\u00f3mo chegar"},"content":{"rendered":"\n<style type=\"text\/css\" data-created_by=\"avia_inline_auto\" id=\"style-css-av-av_section-7be77e2c0603bb641cacd654c4d81d05\">\n.avia-section.av-av_section-7be77e2c0603bb641cacd654c4d81d05{\nbackground-color:#f2f6fa;\nbackground-image:unset;\n}\n<\/style>\n<div id='av_section_1'  class='avia-section av-av_section-7be77e2c0603bb641cacd654c4d81d05 main_color avia-section-default avia-no-shadow  avia-builder-el-0  avia-builder-el-no-sibling  avia-bg-style-scroll container_wrap fullsize'  ><div class='container av-section-cont-open' ><main  role=\"main\" itemprop=\"mainContentOfPage\"  class='template-page content  av-content-full alpha units'><div class='post-entry post-entry-type-page post-entry-2631'><div class='entry-content-wrapper clearfix'>\n<div class='flex_column_table av-av_one_half-34bae625fb626a9293e031b7edab057c sc-av_one_half av-equal-height-column-flextable'>\n<style type=\"text\/css\" data-created_by=\"avia_inline_auto\" id=\"style-css-av-av_one_half-34bae625fb626a9293e031b7edab057c\">\n.flex_column.av-av_one_half-34bae625fb626a9293e031b7edab057c{\n-webkit-border-radius:0px 0px 0px 0px;\n-moz-border-radius:0px 0px 0px 0px;\nborder-radius:0px 0px 0px 0px;\npadding:20px 20px 20px 20px;\nbackground-color:#ffffff;\n}\n<\/style>\n<div class='flex_column av-av_one_half-34bae625fb626a9293e031b7edab057c av_one_half  avia-builder-el-1  el_before_av_one_half  avia-builder-el-first  first flex_column_table_cell av-equal-height-column av-align-top '     ><p>\n<style type=\"text\/css\" data-created_by=\"avia_inline_auto\" id=\"style-css-av-av_image-6211bf1ccdb94d3e54a85541a68f98a4\">\n.avia-image-container.av-av_image-6211bf1ccdb94d3e54a85541a68f98a4 img.avia_image{\nbox-shadow:none;\n}\n.avia-image-container.av-av_image-6211bf1ccdb94d3e54a85541a68f98a4 .av-image-caption-overlay-center{\ncolor:#ffffff;\n}\n<\/style>\n<div  class='avia-image-container av-av_image-6211bf1ccdb94d3e54a85541a68f98a4 av-styling- avia-align-center  avia-builder-el-2  el_before_av_hr  avia-builder-el-first '   itemprop=\"image\" itemscope=\"itemscope\" itemtype=\"https:\/\/schema.org\/ImageObject\" ><div class=\"avia-image-container-inner\"><div class=\"avia-image-overlay-wrap\"><img decoding=\"async\" class='wp-image-5997 avia-img-lazy-loading-not-5997 avia_image ' src=\"https:\/\/ocorpino.org\/wp-content\/uploads\/2016\/04\/DSC_0522.jpg\" alt='' title='DSC_0522'  height=\"424\" width=\"637\"  itemprop=\"thumbnailUrl\" srcset=\"https:\/\/ocorpino.org\/wp-content\/uploads\/2016\/04\/DSC_0522.jpg 637w, https:\/\/ocorpino.org\/wp-content\/uploads\/2016\/04\/DSC_0522-300x200.jpg 300w, https:\/\/ocorpino.org\/wp-content\/uploads\/2016\/04\/DSC_0522-450x300.jpg 450w\" sizes=\"(max-width: 637px) 100vw, 637px\" \/><\/div><\/div><\/div><br \/>\n\n<style type=\"text\/css\" data-created_by=\"avia_inline_auto\" id=\"style-css-av-av_hr-6ec09fa25173fb98c0aabbac69f87068\">\n#top .hr.hr-invisible.av-av_hr-6ec09fa25173fb98c0aabbac69f87068{\nmargin-top:-20px;\nheight:1px;\n}\n<\/style>\n<div  class='hr av-av_hr-6ec09fa25173fb98c0aabbac69f87068 hr-invisible  avia-builder-el-3  el_after_av_image  el_before_av_heading '><span class='hr-inner '><span class=\"hr-inner-style\"><\/span><\/span><\/div><br \/>\n\n<style type=\"text\/css\" data-created_by=\"avia_inline_auto\" id=\"style-css-av-av_heading-666b31fb177253488a894ea663bd900b\">\n#top .av-special-heading.av-av_heading-666b31fb177253488a894ea663bd900b{\npadding-bottom:10px;\n}\nbody .av-special-heading.av-av_heading-666b31fb177253488a894ea663bd900b .av-special-heading-tag .heading-char{\nfont-size:25px;\n}\n.av-special-heading.av-av_heading-666b31fb177253488a894ea663bd900b .av-subheading{\nfont-size:15px;\n}\n<\/style>\n<div  class='av-special-heading av-av_heading-666b31fb177253488a894ea663bd900b av-special-heading-h2 blockquote modern-quote  avia-builder-el-4  el_after_av_hr  el_before_av_textblock '><h2 class='av-special-heading-tag'  itemprop=\"headline\"  >Como chegar<\/h2><div class=\"special-heading-border\"><div class=\"special-heading-inner-border\"><\/div><\/div><\/div><br \/>\n<section  class='av_textblock_section av-av_textblock-396ddf1f42196ca838231e61a4602801'  itemscope=\"itemscope\" itemtype=\"https:\/\/schema.org\/CreativeWork\" ><div class='avia_textblock'  itemprop=\"text\" ><p>O Santuario da <strong>Nosa Se\u00f1ora de O Corpi\u00f1o<\/strong>, m\u00e1is co\u00f1ecido simplemente como O Corpi\u00f1o, est\u00e1 situado no lugar de O Corpi\u00f1o, na parroquia de <strong>Santa Baia de Los\u00f3n<\/strong>, pertencente ao <strong>Concello de Lal\u00edn (Pontevedra),<\/strong> na faldra do Monte Carrio, no alto do val do r\u00edo Deza, a medio cami\u00f1o na estrada que vai de Silleda a Vila de Cruces e tam\u00e9n a medio cami\u00f1o na estrada que vai de Lal\u00edn a Silleda.<\/p>\n<\/div><\/section><br \/>\n\n<style type=\"text\/css\" data-created_by=\"avia_inline_auto\" id=\"style-css-av-av_hr-616cd310f4c6bf63bbd1f033802c1165\">\n#top .hr.hr-invisible.av-av_hr-616cd310f4c6bf63bbd1f033802c1165{\nheight:20px;\n}\n<\/style>\n<div  class='hr av-av_hr-616cd310f4c6bf63bbd1f033802c1165 hr-invisible  avia-builder-el-6  el_after_av_textblock  el_before_av_button '><span class='hr-inner '><span class=\"hr-inner-style\"><\/span><\/span><\/div><br \/>\n<div  class='avia-button-wrap av-av_button-8746da08de61d763f5f110d215f5565f-wrap avia-button-left  avia-builder-el-7  el_after_av_hr  avia-builder-el-last '><a href='https:\/\/www.google.com\/maps\/d\/edit?mid=1aAAwLVIUjQ0sT4PyMiJRQ8iRzx0&amp;msa=0&amp;hl=es&amp;ie=UTF8&amp;t=m&amp;ll=42.67962161674369%2C-8.330382999999983&amp;spn=0.969091%2C1.757813&amp;z=9&amp;source=embed'  class='avia-button av-av_button-8746da08de61d763f5f110d215f5565f avia-icon_select-no avia-size-large avia-position-left avia-color-theme-color'  ><span class='avia_iconbox_title' >Gu\u00edame ao Santuario<\/span><\/a><\/div><\/p><\/div><div class='av-flex-placeholder'><\/div>\n<style type=\"text\/css\" data-created_by=\"avia_inline_auto\" id=\"style-css-av-av_one_half-7db28fda6876469a0184c19f89de3fb8\">\n.flex_column.av-av_one_half-7db28fda6876469a0184c19f89de3fb8{\n-webkit-border-radius:0px 0px 0px 0px;\n-moz-border-radius:0px 0px 0px 0px;\nborder-radius:0px 0px 0px 0px;\npadding:20px 20px 20px 20px;\nbackground-color:#ffffff;\n}\n<\/style>\n<div class='flex_column av-av_one_half-7db28fda6876469a0184c19f89de3fb8 av_one_half  avia-builder-el-8  el_after_av_one_half  avia-builder-el-last  flex_column_table_cell av-equal-height-column av-align-top '     ><p><div  class='av_gmaps_sc_main_wrap av_gmaps_main_wrap '><div id='av_gmap_0' class='avia-google-map-container avia-google-map-sc av_gmaps_show_unconditionally av-no-fallback-img ' data-mapid='av_gmap_0'  style='height: 279px;'><a class=\"av_gmaps_browser_disabled av_text_confirm_link av_text_confirm_link_visible\" href=\"https:\/\/www.google.com\/maps\/search\/?api=1&#038;query=42.7451057,-8.2152055\" target=\"_blank\" rel=\"noopener\">Maps were disabled by the visitor on this site. Click to open the map in a new window.<\/a><\/div><\/div><br \/>\n<section  class='av_textblock_section av-av_textblock-396ddf1f42196ca838231e61a4602801'  itemscope=\"itemscope\" itemtype=\"https:\/\/schema.org\/CreativeWork\" ><div class='avia_textblock'  itemprop=\"text\" ><p><span class=\"titulo\"><strong>Rector do Santuario:<\/strong> <\/span><br \/>\nRvdo. D. Jos\u00e9 Criado S\u00e1nchez<\/p>\n<p><strong><span class=\"titulo\">Direcci\u00f3n do Santuario:<\/span><\/strong><br \/>\nSantuario\u00a0da Nosa Se\u00f1ora de O Corpi\u00f1o<br \/>\nSanta Eulalia de Los\u00f3n<br \/>\nCP. 36512 LAL\u00cdN<br \/>\nPontevedra. Espa\u00f1a.<\/p>\n<p><strong><span class=\"titulo\">Coordenadas GPS:<\/span><\/strong><br \/>\n<img decoding=\"async\" loading=\"lazy\" src=\"http:\/\/archivo.ocorpino.org\/pin.png\" alt=\"\" width=\"12\" height=\"12\" \/>\u00a0\u00a042.745, -8.215<\/p>\n<p>Tlf: 600 72 73 73<br \/>\n<a href=\"mailto:santuario@ocorpino.es\">santuario@ocorpino.es<\/a><\/p>\n<\/div><\/section><\/p><\/div><\/div><!--close column table wrapper. Autoclose: 1 -->\n","protected":false},"excerpt":{"rendered":"","protected":false},"author":1,"featured_media":0,"parent":0,"menu_order":0,"comment_status":"closed","ping_status":"closed","template":"","meta":[],"yoast_head":"<!-- This site is optimized with the Yoast SEO plugin v20.5 - https:\/\/yoast.com\/wordpress\/plugins\/seo\/ -->\n<title>C\u00f3mo chegar - Santuario O Corpi\u00f1o<\/title>\n<meta name=\"robots\" content=\"index, follow, max-snippet:-1, max-image-preview:large, max-video-preview:-1\" \/>\n<link rel=\"canonical\" href=\"https:\/\/ocorpino.org\/gl\/como-chegar\/\" \/>\n<meta property=\"og:locale\" content=\"gl_ES\" \/>\n<meta property=\"og:type\" content=\"article\" \/>\n<meta property=\"og:title\" content=\"C\u00f3mo chegar - Santuario O Corpi\u00f1o\" \/>\n<meta property=\"og:url\" content=\"https:\/\/ocorpino.org\/gl\/como-chegar\/\" \/>\n<meta property=\"og:site_name\" content=\"Santuario O Corpi\u00f1o\" \/>\n<meta property=\"article:publisher\" content=\"https:\/\/www.facebook.com\/santuariodeocorpino\" \/>\n<meta property=\"article:modified_time\" content=\"2022-04-24T19:35:54+00:00\" \/>\n<meta property=\"og:image\" content=\"http:\/\/archivo.ocorpino.org\/pin.png\" \/>\n<meta name=\"twitter:card\" content=\"summary_large_image\" \/>\n<meta name=\"twitter:site\" content=\"@ocorpino\" \/>\n<meta name=\"twitter:label1\" content=\"Tempo de lectura\" \/>\n\t<meta name=\"twitter:data1\" content=\"4 minutos\" \/>\n<script type=\"application\/ld+json\" class=\"yoast-schema-graph\">{\"@context\":\"https:\/\/schema.org\",\"@graph\":[{\"@type\":\"WebPage\",\"@id\":\"https:\/\/ocorpino.org\/gl\/como-chegar\/\",\"url\":\"https:\/\/ocorpino.org\/gl\/como-chegar\/\",\"name\":\"C\u00f3mo chegar - Santuario O Corpi\u00f1o\",\"isPartOf\":{\"@id\":\"https:\/\/ocorpino.org\/#website\"},\"datePublished\":\"2016-04-12T11:15:15+00:00\",\"dateModified\":\"2022-04-24T19:35:54+00:00\",\"breadcrumb\":{\"@id\":\"https:\/\/ocorpino.org\/gl\/como-chegar\/#breadcrumb\"},\"inLanguage\":\"gl-ES\",\"potentialAction\":[{\"@type\":\"ReadAction\",\"target\":[\"https:\/\/ocorpino.org\/gl\/como-chegar\/\"]}]},{\"@type\":\"BreadcrumbList\",\"@id\":\"https:\/\/ocorpino.org\/gl\/como-chegar\/#breadcrumb\",\"itemListElement\":[{\"@type\":\"ListItem\",\"position\":1,\"name\":\"Portada\",\"item\":\"https:\/\/ocorpino.org\/gl\/inicio\/\"},{\"@type\":\"ListItem\",\"position\":2,\"name\":\"C\u00f3mo chegar\"}]},{\"@type\":\"WebSite\",\"@id\":\"https:\/\/ocorpino.org\/#website\",\"url\":\"https:\/\/ocorpino.org\/\",\"name\":\"Santuario O Corpi\u00f1o\",\"description\":\"Web oficial del Santuario\",\"publisher\":{\"@id\":\"https:\/\/ocorpino.org\/#organization\"},\"potentialAction\":[{\"@type\":\"SearchAction\",\"target\":{\"@type\":\"EntryPoint\",\"urlTemplate\":\"https:\/\/ocorpino.org\/?s={search_term_string}\"},\"query-input\":\"required name=search_term_string\"}],\"inLanguage\":\"gl-ES\"},{\"@type\":\"Organization\",\"@id\":\"https:\/\/ocorpino.org\/#organization\",\"name\":\"DIOCESE DE LUGO. SANTUARIO DA NOSA SE\u00d1ORA DO CORPI\u00d1O\",\"url\":\"https:\/\/ocorpino.org\/\",\"logo\":{\"@type\":\"ImageObject\",\"inLanguage\":\"gl-ES\",\"@id\":\"https:\/\/ocorpino.org\/#\/schema\/logo\/image\/\",\"url\":\"https:\/\/dev.ocorpino.org\/wp-content\/uploads\/2017\/06\/logo-completo1.png\",\"contentUrl\":\"https:\/\/dev.ocorpino.org\/wp-content\/uploads\/2017\/06\/logo-completo1.png\",\"width\":535,\"height\":535,\"caption\":\"DIOCESE DE LUGO. SANTUARIO DA NOSA SE\u00d1ORA DO CORPI\u00d1O\"},\"image\":{\"@id\":\"https:\/\/ocorpino.org\/#\/schema\/logo\/image\/\"},\"sameAs\":[\"https:\/\/www.facebook.com\/santuariodeocorpino\",\"https:\/\/twitter.com\/ocorpino\",\"https:\/\/www.instagram.com\/ocorpino\/\",\"https:\/\/www.youtube.com\/user\/Santuariocorpino\"]}]}<\/script>\n<!-- \/ Yoast SEO plugin. -->","yoast_head_json":{"title":"C\u00f3mo chegar - Santuario O Corpi\u00f1o","robots":{"index":"index","follow":"follow","max-snippet":"max-snippet:-1","max-image-preview":"max-image-preview:large","max-video-preview":"max-video-preview:-1"},"canonical":"https:\/\/ocorpino.org\/gl\/como-chegar\/","og_locale":"gl_ES","og_type":"article","og_title":"C\u00f3mo chegar - Santuario O Corpi\u00f1o","og_url":"https:\/\/ocorpino.org\/gl\/como-chegar\/","og_site_name":"Santuario O Corpi\u00f1o","article_publisher":"https:\/\/www.facebook.com\/santuariodeocorpino","article_modified_time":"2022-04-24T19:35:54+00:00","og_image":[{"url":"http:\/\/archivo.ocorpino.org\/pin.png"}],"twitter_card":"summary_large_image","twitter_site":"@ocorpino","twitter_misc":{"Tempo de lectura":"4 minutos"},"schema":{"@context":"https:\/\/schema.org","@graph":[{"@type":"WebPage","@id":"https:\/\/ocorpino.org\/gl\/como-chegar\/","url":"https:\/\/ocorpino.org\/gl\/como-chegar\/","name":"C\u00f3mo chegar - Santuario O Corpi\u00f1o","isPartOf":{"@id":"https:\/\/ocorpino.org\/#website"},"datePublished":"2016-04-12T11:15:15+00:00","dateModified":"2022-04-24T19:35:54+00:00","breadcrumb":{"@id":"https:\/\/ocorpino.org\/gl\/como-chegar\/#breadcrumb"},"inLanguage":"gl-ES","potentialAction":[{"@type":"ReadAction","target":["https:\/\/ocorpino.org\/gl\/como-chegar\/"]}]},{"@type":"BreadcrumbList","@id":"https:\/\/ocorpino.org\/gl\/como-chegar\/#breadcrumb","itemListElement":[{"@type":"ListItem","position":1,"name":"Portada","item":"https:\/\/ocorpino.org\/gl\/inicio\/"},{"@type":"ListItem","position":2,"name":"C\u00f3mo chegar"}]},{"@type":"WebSite","@id":"https:\/\/ocorpino.org\/#website","url":"https:\/\/ocorpino.org\/","name":"Santuario O Corpi\u00f1o","description":"Web oficial del Santuario","publisher":{"@id":"https:\/\/ocorpino.org\/#organization"},"potentialAction":[{"@type":"SearchAction","target":{"@type":"EntryPoint","urlTemplate":"https:\/\/ocorpino.org\/?s={search_term_string}"},"query-input":"required name=search_term_string"}],"inLanguage":"gl-ES"},{"@type":"Organization","@id":"https:\/\/ocorpino.org\/#organization","name":"DIOCESE DE LUGO. SANTUARIO DA NOSA SE\u00d1ORA DO CORPI\u00d1O","url":"https:\/\/ocorpino.org\/","logo":{"@type":"ImageObject","inLanguage":"gl-ES","@id":"https:\/\/ocorpino.org\/#\/schema\/logo\/image\/","url":"https:\/\/dev.ocorpino.org\/wp-content\/uploads\/2017\/06\/logo-completo1.png","contentUrl":"https:\/\/dev.ocorpino.org\/wp-content\/uploads\/2017\/06\/logo-completo1.png","width":535,"height":535,"caption":"DIOCESE DE LUGO. SANTUARIO DA NOSA SE\u00d1ORA DO CORPI\u00d1O"},"image":{"@id":"https:\/\/ocorpino.org\/#\/schema\/logo\/image\/"},"sameAs":["https:\/\/www.facebook.com\/santuariodeocorpino","https:\/\/twitter.com\/ocorpino","https:\/\/www.instagram.com\/ocorpino\/","https:\/\/www.youtube.com\/user\/Santuariocorpino"]}]}},"_links":{"self":[{"href":"https:\/\/ocorpino.org\/gl\/wp-json\/wp\/v2\/pages\/2631"}],"collection":[{"href":"https:\/\/ocorpino.org\/gl\/wp-json\/wp\/v2\/pages"}],"about":[{"href":"https:\/\/ocorpino.org\/gl\/wp-json\/wp\/v2\/types\/page"}],"author":[{"embeddable":true,"href":"https:\/\/ocorpino.org\/gl\/wp-json\/wp\/v2\/users\/1"}],"replies":[{"embeddable":true,"href":"https:\/\/ocorpino.org\/gl\/wp-json\/wp\/v2\/comments?post=2631"}],"version-history":[{"count":5,"href":"https:\/\/ocorpino.org\/gl\/wp-json\/wp\/v2\/pages\/2631\/revisions"}],"predecessor-version":[{"id":6194,"href":"https:\/\/ocorpino.org\/gl\/wp-json\/wp\/v2\/pages\/2631\/revisions\/6194"}],"wp:attachment":[{"href":"https:\/\/ocorpino.org\/gl\/wp-json\/wp\/v2\/media?parent=2631"}],"curies":[{"name":"wp","href":"https:\/\/api.w.org\/{rel}","templated":true}]}}