{"id":2591,"date":"2017-06-29T12:16:28","date_gmt":"2017-06-29T12:16:28","guid":{"rendered":"https:\/\/ocorpino.org\/ano-santo-jubilar-mariano\/"},"modified":"2018-06-15T18:01:55","modified_gmt":"2018-06-15T18:01:55","slug":"ano-santo-xubilar-mariano","status":"publish","type":"page","link":"https:\/\/ocorpino.org\/gl\/ano-santo-xubilar-mariano\/","title":{"rendered":"Ano Santo Xubilar Mariano"},"content":{"rendered":"<div id='av_section_1'  class='avia-section av-av_section-31779286dc2676a8567fef3678c764df main_color avia-section-default avia-no-shadow  avia-builder-el-0  avia-builder-el-no-sibling  avia-bg-style-scroll container_wrap fullsize'  ><div class='container av-section-cont-open' ><main  role=\"main\" itemprop=\"mainContentOfPage\"  class='template-page content  av-content-full alpha units'><div class='post-entry post-entry-type-page post-entry-2591'><div class='entry-content-wrapper clearfix'>\n<div class='flex_column_table av-av_two_fifth-34bae625fb626a9293e031b7edab057c sc-av_two_fifth av-equal-height-column-flextable'>\n<style type=\"text\/css\" data-created_by=\"avia_inline_auto\" id=\"style-css-av-av_two_fifth-34bae625fb626a9293e031b7edab057c\">\n.flex_column.av-av_two_fifth-34bae625fb626a9293e031b7edab057c{\n-webkit-border-radius:0px 0px 0px 0px;\n-moz-border-radius:0px 0px 0px 0px;\nborder-radius:0px 0px 0px 0px;\npadding:20px 20px 20px 20px;\nbackground-color:#ffffff;\n}\n<\/style>\n<div class='flex_column av-av_two_fifth-34bae625fb626a9293e031b7edab057c av_two_fifth  avia-builder-el-1  el_before_av_three_fifth  avia-builder-el-first  first flex_column_table_cell av-equal-height-column av-align-top '     ><p>\n<style type=\"text\/css\" data-created_by=\"avia_inline_auto\" id=\"style-css-av-av_image-d974a5d7b258f4a2bcc0ae723cf910f3\">\n.avia-image-container.av-av_image-d974a5d7b258f4a2bcc0ae723cf910f3 img.avia_image{\nbox-shadow:none;\n}\n.avia-image-container.av-av_image-d974a5d7b258f4a2bcc0ae723cf910f3 .av-image-caption-overlay-center{\ncolor:#ffffff;\n}\n<\/style>\n<div  class='avia-image-container av-av_image-d974a5d7b258f4a2bcc0ae723cf910f3 av-styling- avia-align-center  avia-builder-el-2  el_before_av_textblock  avia-builder-el-first '   itemprop=\"image\" itemscope=\"itemscope\" itemtype=\"https:\/\/schema.org\/ImageObject\" ><div class=\"avia-image-container-inner\"><div class=\"avia-image-overlay-wrap\"><img decoding=\"async\" class='wp-image-1636 avia-img-lazy-loading-not-1636 avia_image ' src=\"https:\/\/ocorpino.org\/wp-content\/uploads\/2017\/03\/virgen_8-1.jpg\" alt='' title='virgen_8'  height=\"640\" width=\"485\"  itemprop=\"thumbnailUrl\" srcset=\"https:\/\/ocorpino.org\/wp-content\/uploads\/2017\/03\/virgen_8-1.jpg 485w, https:\/\/ocorpino.org\/wp-content\/uploads\/2017\/03\/virgen_8-1-227x300.jpg 227w, https:\/\/ocorpino.org\/wp-content\/uploads\/2017\/03\/virgen_8-1-450x594.jpg 450w\" sizes=\"(max-width: 485px) 100vw, 485px\" \/><\/div><\/div><\/div><br \/>\n<section  class='av_textblock_section av-av_textblock-396ddf1f42196ca838231e61a4602801'  itemscope=\"itemscope\" itemtype=\"https:\/\/schema.org\/CreativeWork\" ><div class='avia_textblock'  itemprop=\"text\" ><blockquote>\n<p>A Penitenciar\u00eda Apost\u00f3lica concedeu, por mandato de S.S. o Papa Francisco, ao Santuario da nosa Se\u00f1ora de O Corpi\u00f1o un Xubileu con motivo da Coroaci\u00f3n Pontificia do seu titular.<\/p>\n<\/blockquote>\n<\/div><\/section><\/p><\/div><div class='av-flex-placeholder'><\/div>\n<style type=\"text\/css\" data-created_by=\"avia_inline_auto\" id=\"style-css-av-av_three_fifth-e144647ee0066c28e55520ff792478f5\">\n.flex_column.av-av_three_fifth-e144647ee0066c28e55520ff792478f5{\n-webkit-border-radius:0px 0px 0px 0px;\n-moz-border-radius:0px 0px 0px 0px;\nborder-radius:0px 0px 0px 0px;\npadding:20px 20px 20px 20px;\nbackground-color:#ffffff;\n}\n<\/style>\n<div class='flex_column av-av_three_fifth-e144647ee0066c28e55520ff792478f5 av_three_fifth  avia-builder-el-4  el_after_av_two_fifth  avia-builder-el-last  flex_column_table_cell av-equal-height-column av-align-top '     ><p>\n<style type=\"text\/css\" data-created_by=\"avia_inline_auto\" id=\"style-css-av-av_heading-8214d18ca67dec1c0083c6ecdd1885b9\">\n#top .av-special-heading.av-av_heading-8214d18ca67dec1c0083c6ecdd1885b9{\npadding-bottom:10px;\n}\nbody .av-special-heading.av-av_heading-8214d18ca67dec1c0083c6ecdd1885b9 .av-special-heading-tag .heading-char{\nfont-size:25px;\n}\n.av-special-heading.av-av_heading-8214d18ca67dec1c0083c6ecdd1885b9 .av-subheading{\nfont-size:15px;\n}\n<\/style>\n<div  class='av-special-heading av-av_heading-8214d18ca67dec1c0083c6ecdd1885b9 av-special-heading-h2 blockquote modern-quote  avia-builder-el-5  el_before_av_textblock  avia-builder-el-first '><h2 class='av-special-heading-tag'  itemprop=\"headline\"  >Ano Santo Xubilar Mariano<\/h2><div class=\"special-heading-border\"><div class=\"special-heading-inner-border\"><\/div><\/div><\/div><br \/>\n<section  class='av_textblock_section av-av_textblock-396ddf1f42196ca838231e61a4602801'  itemscope=\"itemscope\" itemtype=\"https:\/\/schema.org\/CreativeWork\" ><div class='avia_textblock'  itemprop=\"text\" ><p>Co\u00f1\u00e9cese como <strong>Ano Xubilar Mariano ou Ano Santo Mariano<\/strong>, ao espazo de tempo co que a Santa S\u00e9 recompensa con singular\u00edsimas grazas aos fieis que acudan ao templo ao que se lle concede devandito privilexio.<\/p>\n<p>Tr\u00e1tase dun gran acontecemento relixioso e conv\u00e9rtese nun ano de remisi\u00f3n dos pecados e das s\u00faas penas; \u00e9 un tempo para a reconciliaci\u00f3n, a conversi\u00f3n e a pr\u00e1ctica da misericordia, a xustiza e a fraternidade, ademais de propiciar unha renovaci\u00f3n dos desexos por servir a Deus no gozo e a paz co resto dos irm\u00e1ns.<\/p>\n<p><strong>A Penitenciar\u00eda Apost\u00f3lica concedeu, por mandato da S.S. o Papa Francisco, ao Santuario da nosa Se\u00f1ora de Ou Corpi\u00f1o un Xubileu con motivo da Coroaci\u00f3n Pontificia do seu titular.<\/strong><\/p>\n<p>O Ano Santo Xubilar Mariano comprende do 24 de xu\u00f1o de 2017 ao 24 de xu\u00f1o de 2018, podendo conseguir Indulxencia Plenaria todos os fieis cristi\u00e1ns que verdadeiramente arrepentidos, baixo as condici\u00f3ns habituais (confesi\u00f3n sacramental, comu\u00f1\u00f3n eucar\u00edstica, oraci\u00f3n polas intenci\u00f3ns do sumo Pont\u00edfice), acudan ao Santuario de O Corpi\u00f1o e ante a venerada imaxe participen nalg\u00fan acto sacro ou exercicio de piedade mariana, e oren e mediten por un tempo ante a devandita imaxe.<\/p>\n<\/div><\/section><\/p><\/div><\/div><!--close column table wrapper. Autoclose: 1 -->\n","protected":false},"excerpt":{"rendered":"","protected":false},"author":1,"featured_media":0,"parent":0,"menu_order":0,"comment_status":"closed","ping_status":"closed","template":"","meta":[],"yoast_head":"<!-- This site is optimized with the Yoast SEO plugin v20.5 - https:\/\/yoast.com\/wordpress\/plugins\/seo\/ -->\n<title>Ano Santo Xubilar Mariano - Santuario O Corpi\u00f1o<\/title>\n<meta name=\"robots\" content=\"index, follow, max-snippet:-1, max-image-preview:large, max-video-preview:-1\" \/>\n<link rel=\"canonical\" href=\"https:\/\/ocorpino.org\/gl\/ano-santo-xubilar-mariano\/\" \/>\n<meta property=\"og:locale\" content=\"gl_ES\" \/>\n<meta property=\"og:type\" content=\"article\" \/>\n<meta property=\"og:title\" content=\"Ano Santo Xubilar Mariano - Santuario O Corpi\u00f1o\" \/>\n<meta property=\"og:url\" content=\"https:\/\/ocorpino.org\/gl\/ano-santo-xubilar-mariano\/\" \/>\n<meta property=\"og:site_name\" content=\"Santuario O Corpi\u00f1o\" \/>\n<meta property=\"article:publisher\" content=\"https:\/\/www.facebook.com\/santuariodeocorpino\" \/>\n<meta property=\"article:modified_time\" content=\"2018-06-15T18:01:55+00:00\" \/>\n<meta name=\"twitter:card\" content=\"summary_large_image\" \/>\n<meta name=\"twitter:site\" content=\"@ocorpino\" \/>\n<meta name=\"twitter:label1\" content=\"Tempo de lectura\" \/>\n\t<meta name=\"twitter:data1\" content=\"3 minutos\" \/>\n<script type=\"application\/ld+json\" class=\"yoast-schema-graph\">{\"@context\":\"https:\/\/schema.org\",\"@graph\":[{\"@type\":\"WebPage\",\"@id\":\"https:\/\/ocorpino.org\/gl\/ano-santo-xubilar-mariano\/\",\"url\":\"https:\/\/ocorpino.org\/gl\/ano-santo-xubilar-mariano\/\",\"name\":\"Ano Santo Xubilar Mariano - Santuario O Corpi\u00f1o\",\"isPartOf\":{\"@id\":\"https:\/\/ocorpino.org\/#website\"},\"datePublished\":\"2017-06-29T12:16:28+00:00\",\"dateModified\":\"2018-06-15T18:01:55+00:00\",\"breadcrumb\":{\"@id\":\"https:\/\/ocorpino.org\/gl\/ano-santo-xubilar-mariano\/#breadcrumb\"},\"inLanguage\":\"gl-ES\",\"potentialAction\":[{\"@type\":\"ReadAction\",\"target\":[\"https:\/\/ocorpino.org\/gl\/ano-santo-xubilar-mariano\/\"]}]},{\"@type\":\"BreadcrumbList\",\"@id\":\"https:\/\/ocorpino.org\/gl\/ano-santo-xubilar-mariano\/#breadcrumb\",\"itemListElement\":[{\"@type\":\"ListItem\",\"position\":1,\"name\":\"Portada\",\"item\":\"https:\/\/ocorpino.org\/gl\/inicio\/\"},{\"@type\":\"ListItem\",\"position\":2,\"name\":\"Ano Santo Xubilar Mariano\"}]},{\"@type\":\"WebSite\",\"@id\":\"https:\/\/ocorpino.org\/#website\",\"url\":\"https:\/\/ocorpino.org\/\",\"name\":\"Santuario O Corpi\u00f1o\",\"description\":\"Web oficial del Santuario\",\"publisher\":{\"@id\":\"https:\/\/ocorpino.org\/#organization\"},\"potentialAction\":[{\"@type\":\"SearchAction\",\"target\":{\"@type\":\"EntryPoint\",\"urlTemplate\":\"https:\/\/ocorpino.org\/?s={search_term_string}\"},\"query-input\":\"required name=search_term_string\"}],\"inLanguage\":\"gl-ES\"},{\"@type\":\"Organization\",\"@id\":\"https:\/\/ocorpino.org\/#organization\",\"name\":\"DIOCESE DE LUGO. SANTUARIO DA NOSA SE\u00d1ORA DO CORPI\u00d1O\",\"url\":\"https:\/\/ocorpino.org\/\",\"logo\":{\"@type\":\"ImageObject\",\"inLanguage\":\"gl-ES\",\"@id\":\"https:\/\/ocorpino.org\/#\/schema\/logo\/image\/\",\"url\":\"https:\/\/dev.ocorpino.org\/wp-content\/uploads\/2017\/06\/logo-completo1.png\",\"contentUrl\":\"https:\/\/dev.ocorpino.org\/wp-content\/uploads\/2017\/06\/logo-completo1.png\",\"width\":535,\"height\":535,\"caption\":\"DIOCESE DE LUGO. SANTUARIO DA NOSA SE\u00d1ORA DO CORPI\u00d1O\"},\"image\":{\"@id\":\"https:\/\/ocorpino.org\/#\/schema\/logo\/image\/\"},\"sameAs\":[\"https:\/\/www.facebook.com\/santuariodeocorpino\",\"https:\/\/twitter.com\/ocorpino\",\"https:\/\/www.instagram.com\/ocorpino\/\",\"https:\/\/www.youtube.com\/user\/Santuariocorpino\"]}]}<\/script>\n<!-- \/ Yoast SEO plugin. -->","yoast_head_json":{"title":"Ano Santo Xubilar Mariano - Santuario O Corpi\u00f1o","robots":{"index":"index","follow":"follow","max-snippet":"max-snippet:-1","max-image-preview":"max-image-preview:large","max-video-preview":"max-video-preview:-1"},"canonical":"https:\/\/ocorpino.org\/gl\/ano-santo-xubilar-mariano\/","og_locale":"gl_ES","og_type":"article","og_title":"Ano Santo Xubilar Mariano - Santuario O Corpi\u00f1o","og_url":"https:\/\/ocorpino.org\/gl\/ano-santo-xubilar-mariano\/","og_site_name":"Santuario O Corpi\u00f1o","article_publisher":"https:\/\/www.facebook.com\/santuariodeocorpino","article_modified_time":"2018-06-15T18:01:55+00:00","twitter_card":"summary_large_image","twitter_site":"@ocorpino","twitter_misc":{"Tempo de lectura":"3 minutos"},"schema":{"@context":"https:\/\/schema.org","@graph":[{"@type":"WebPage","@id":"https:\/\/ocorpino.org\/gl\/ano-santo-xubilar-mariano\/","url":"https:\/\/ocorpino.org\/gl\/ano-santo-xubilar-mariano\/","name":"Ano Santo Xubilar Mariano - Santuario O Corpi\u00f1o","isPartOf":{"@id":"https:\/\/ocorpino.org\/#website"},"datePublished":"2017-06-29T12:16:28+00:00","dateModified":"2018-06-15T18:01:55+00:00","breadcrumb":{"@id":"https:\/\/ocorpino.org\/gl\/ano-santo-xubilar-mariano\/#breadcrumb"},"inLanguage":"gl-ES","potentialAction":[{"@type":"ReadAction","target":["https:\/\/ocorpino.org\/gl\/ano-santo-xubilar-mariano\/"]}]},{"@type":"BreadcrumbList","@id":"https:\/\/ocorpino.org\/gl\/ano-santo-xubilar-mariano\/#breadcrumb","itemListElement":[{"@type":"ListItem","position":1,"name":"Portada","item":"https:\/\/ocorpino.org\/gl\/inicio\/"},{"@type":"ListItem","position":2,"name":"Ano Santo Xubilar Mariano"}]},{"@type":"WebSite","@id":"https:\/\/ocorpino.org\/#website","url":"https:\/\/ocorpino.org\/","name":"Santuario O Corpi\u00f1o","description":"Web oficial del Santuario","publisher":{"@id":"https:\/\/ocorpino.org\/#organization"},"potentialAction":[{"@type":"SearchAction","target":{"@type":"EntryPoint","urlTemplate":"https:\/\/ocorpino.org\/?s={search_term_string}"},"query-input":"required name=search_term_string"}],"inLanguage":"gl-ES"},{"@type":"Organization","@id":"https:\/\/ocorpino.org\/#organization","name":"DIOCESE DE LUGO. SANTUARIO DA NOSA SE\u00d1ORA DO CORPI\u00d1O","url":"https:\/\/ocorpino.org\/","logo":{"@type":"ImageObject","inLanguage":"gl-ES","@id":"https:\/\/ocorpino.org\/#\/schema\/logo\/image\/","url":"https:\/\/dev.ocorpino.org\/wp-content\/uploads\/2017\/06\/logo-completo1.png","contentUrl":"https:\/\/dev.ocorpino.org\/wp-content\/uploads\/2017\/06\/logo-completo1.png","width":535,"height":535,"caption":"DIOCESE DE LUGO. SANTUARIO DA NOSA SE\u00d1ORA DO CORPI\u00d1O"},"image":{"@id":"https:\/\/ocorpino.org\/#\/schema\/logo\/image\/"},"sameAs":["https:\/\/www.facebook.com\/santuariodeocorpino","https:\/\/twitter.com\/ocorpino","https:\/\/www.instagram.com\/ocorpino\/","https:\/\/www.youtube.com\/user\/Santuariocorpino"]}]}},"_links":{"self":[{"href":"https:\/\/ocorpino.org\/gl\/wp-json\/wp\/v2\/pages\/2591"}],"collection":[{"href":"https:\/\/ocorpino.org\/gl\/wp-json\/wp\/v2\/pages"}],"about":[{"href":"https:\/\/ocorpino.org\/gl\/wp-json\/wp\/v2\/types\/page"}],"author":[{"embeddable":true,"href":"https:\/\/ocorpino.org\/gl\/wp-json\/wp\/v2\/users\/1"}],"replies":[{"embeddable":true,"href":"https:\/\/ocorpino.org\/gl\/wp-json\/wp\/v2\/comments?post=2591"}],"version-history":[{"count":4,"href":"https:\/\/ocorpino.org\/gl\/wp-json\/wp\/v2\/pages\/2591\/revisions"}],"predecessor-version":[{"id":3603,"href":"https:\/\/ocorpino.org\/gl\/wp-json\/wp\/v2\/pages\/2591\/revisions\/3603"}],"wp:attachment":[{"href":"https:\/\/ocorpino.org\/gl\/wp-json\/wp\/v2\/media?parent=2591"}],"curies":[{"name":"wp","href":"https:\/\/api.w.org\/{rel}","templated":true}]}}