{"id":2744,"date":"2016-04-25T09:39:33","date_gmt":"2016-04-25T09:39:33","guid":{"rendered":"https:\/\/ocorpino.org\/politica-de-privacidad\/"},"modified":"2017-12-18T11:57:16","modified_gmt":"2017-12-18T11:57:16","slug":"privacy-policy","status":"publish","type":"page","link":"https:\/\/ocorpino.org\/en\/privacy-policy\/","title":{"rendered":"Privacy policy"},"content":{"rendered":"<div id='av_section_1'  class='avia-section av-av_section-31779286dc2676a8567fef3678c764df main_color avia-section-default avia-no-shadow  avia-builder-el-0  avia-builder-el-no-sibling  avia-bg-style-scroll container_wrap fullsize'  ><div class='container av-section-cont-open' ><main  role=\"main\" itemprop=\"mainContentOfPage\"  class='template-page content  av-content-full alpha units'><div class='post-entry post-entry-type-page post-entry-2744'><div class='entry-content-wrapper clearfix'>\n\n<style type=\"text\/css\" data-created_by=\"avia_inline_auto\" id=\"style-css-av-av_one_full-6126cab7d8fab8d08143dd2dacdf673c\">\n.flex_column.av-av_one_full-6126cab7d8fab8d08143dd2dacdf673c{\n-webkit-border-radius:0px 0px 0px 0px;\n-moz-border-radius:0px 0px 0px 0px;\nborder-radius:0px 0px 0px 0px;\npadding:0px 0px 0px 0px;\n}\n<\/style>\n<div class='flex_column av-av_one_full-6126cab7d8fab8d08143dd2dacdf673c av_one_full  avia-builder-el-1  avia-builder-el-no-sibling  first flex_column_div av-zero-column-padding '     ><section  class='av_textblock_section av-av_textblock-396ddf1f42196ca838231e61a4602801'  itemscope=\"itemscope\" itemtype=\"https:\/\/schema.org\/CreativeWork\" ><div class='avia_textblock'  itemprop=\"text\" ><h3>Pol\u00edtica de privacidad y protecci\u00f3n de datos<\/h3>\n<p>De acuerdo con la Ley Org\u00e1nica 15\/1999, de 13 de diciembre, de Protecci\u00f3n de Datos de Car\u00e1cter Personal (\u201cLOPD\u201d) y sus normas de desarrollo, y la Ley 34\/2002, de 11 de julio, de servicios de la sociedad de la informaci\u00f3n y de comercio electr\u00f3nico, el usuario acepta que los datos personales que facilite al registrarse en el Sitio Web o realizar alguna compra o posteriormente mientras contin\u00fae siendo usuario, as\u00ed como toda aquella informaci\u00f3n que se genere durante su navegaci\u00f3n por el Sitio Web y por el uso de los servicios que se le ofrecen en el Sitio Web, sean incorporados a los ficheros de Santuario de O Corpi\u00f1o con domicilio social en el Santuario de Nuestra Se\u00f1ora de O Corpi\u00f1o, Santa Eulalia de Los\u00f3n, CP 36512 Lal\u00edn, Pontevedra, Espa\u00f1a.<\/p>\n<p>Los datos Personales ser\u00e1n tratados por los Responsables de los Ficheros para la siguiente finalidad:<\/p>\n<p>Gestionar de forma centralizada determinados aspectos de la relaci\u00f3n con los clientes, usuarios de sitios web y suscriptores del Santuario de O Corpi\u00f1o, para que pueda conocer mejor las necesidades, gustos y preferencias de \u00e9stos y as\u00ed dise\u00f1ar y ofrecer los productos y servicios que mejor se adapten a sus intereses.<\/p>\n<p>Asimismo, los datos Personales podr\u00e1n ser utilizados por los Responsables de los Ficheros para enviar al usuario por correo postal, correo electr\u00f3nico, SMS o cualquier otro medio, comunicaciones sobre novedades, eventos, productos y servicios propios.<\/p>\n<h3><\/h3>\n<p><b>1<\/b> <b>POLITICA Y CLAUSULAS DE PRIVACIDAD.<\/b><br \/>\nEsta declaraci\u00f3n tiene como finalidad informar a los usuarios de la Pol\u00edtica general de Privacidad y Protecci\u00f3n de Datos Personales seguida por la tienda online del Santuario de O Corpi\u00f1o. Esta Pol\u00edtica de Privacidad podr\u00eda variar en funci\u00f3n de exigencias legislativas o de autorregulaci\u00f3n, por lo que se aconseja a los usuarios que la visiten peri\u00f3dicamente Ser\u00e1 aplicable en caso de que los usuarios decidan rellenar alg\u00fan formulario donde se recaben datos de car\u00e1cter personal, sin perjuicio de lo indicado en la \u201cCl\u00e1usula de Privacidad\u201d aplicable a cada formulario concreto.<\/p>\n<p><b>2<\/b> <b>USO Y TRATAMIENTO DE LOS DATOS.<\/b><br \/>\nLa tienda del Santuario de O Corpi\u00f1o tiene plena conciencia del uso y tratamiento que se debe dar a los datos personales que se puedan requerir o que se puedan obtener de los usuarios en sus p\u00e1ginas web con el fin de gestionar los servicios ofrecidos o para remitirles comunicaciones de productos o servicios que puedan resultar de su inter\u00e9s, as\u00ed como para los env\u00edos de las compras realizadas a trav\u00e9s del sitio web.<\/p>\n<p><b>3<\/b> <b>SECRETO Y SEGURIDAD DE LOS DATOS.<\/b><br \/>\nLa tienda del Santuario de O Corpi\u00f1o se compromete al cumplimiento de su obligaci\u00f3n de secreto de los datos de car\u00e1cter personal y su deber de guardarlos, y adoptar\u00e1n las medidas de \u00edndole t\u00e9cnica y organizativa necesarias que garanticen la seguridad de los datos de car\u00e1cter personal y eviten su alteraci\u00f3n, p\u00e9rdida, tratamiento o acceso no autorizado, habida cuenta del estado de la tecnolog\u00eda, de acuerdo con lo establecido por el RLOPD. Sin embargo, la tienda del Santuario de O Corpi\u00f1o no puede garantizar la absoluta inexpugnabilidad de la red Internet y por tanto la violaci\u00f3n de los datos mediante accesos fraudulentos a ellos por parte de terceros.<\/p>\n<p><b>4<\/b> <b>USO DE COOKIES.<\/b><br \/>\nLa \u00a0Web \u00a0del Santuario de O Corpi\u00f1o utiliza cookies. La cookie es un peque\u00f1o archivo de texto que el servidor del sitio web ubica en el disco duro del equipo del usuario para recoger datos estad\u00edsticos sobre su navegaci\u00f3n en el sitio web y permitir la visualizaci\u00f3n de contenidos publicitarios. No contienen datos personales. El usuario puede configurar su navegador para aceptar o rechazar la instalaci\u00f3n de cookies o suprimirlos una vez haya finalizado su navegaci\u00f3n en el sitio Web. Sin embargo aconsejamos y agradecemos que se active la aceptaci\u00f3n de cookies para poder obtener datos m\u00e1s precisos que permitan mejorar el contenido y adaptarlo a las preferencias del usuario. Nuestro sitio web no se responsabiliza de que la desactivaci\u00f3n de las cookies pueda impedir el buen funcionamiento de las p\u00e1ginas Web.<\/p>\n<p><b>5<\/b> <b>SUSCRIPCION Y REGISTRO.<\/b><br \/>\nEn caso de que Ud. decida realizar una compra, se le solicitar\u00e1n una serie de datos personales imprescindibles con la finalidad de gestionar los productos o servicios solicitados (nombre, apellidos, email, direcci\u00f3n postal, etc.). Igualmente se le podr\u00e1 requerir que aporte voluntariamente una serie de datos complementarios destinados a labores de informaci\u00f3n y comercializaci\u00f3n de ofertas, servicios, o actividades relacionadas con los mismos.<\/p>\n<p><b>6<\/b> <b>VERACIDAD DE LA INFORMACI\u00d3N.<\/b><br \/>\nLos usuarios responder\u00e1n, en cualquier caso, de la veracidad de los datos facilitados, siendo responsables de comunicar cualquier modificaci\u00f3n en los mismos, y quedando el Santuario de O Corpi\u00f1o \u00a0exento \u00a0de cualquier tipo de responsabilidad a este respecto. El Santuario de O Corpi\u00f1o se reserva el derecho a excluir de los servicios registrados a todo usuario que haya facilitado datos falsos, sin perjuicio de las dem\u00e1s acciones que procedan en Derecho.<\/p>\n<p><b>7<\/b> <b>ACCESO A LOS DATOS.<\/b><br \/>\nNing\u00fan tercero ajeno a los responsables anteriormente mencionados podr\u00e1 acceder en ning\u00fan caso directamente a sus datos personales sin su consentimiento expreso para cada ocasi\u00f3n, salvo los considerados responsables del tratamiento, los cuales necesitan acceder para prestar el servicio de gesti\u00f3n o desarrollo de la actividad y el env\u00edo de los productos adquiridos.<\/p>\n<p><b>8<\/b> <b>DERECHOS DEL USUARIO.<\/b><br \/>\nLos usuarios tienen reconocidos y podr\u00e1n ejercer sus derechos de acceso, cancelaci\u00f3n, rectificaci\u00f3n y oposici\u00f3n, mediante comunicaci\u00f3n escrita a la direcci\u00f3n: Santuario de O Corpi\u00f1o (tienda online) Santa Eulalia de Los\u00f3n, s\/n, CP36512 Lal\u00edn, Pontevedra, Espa\u00f1a, identific\u00e1ndose y concretando su solicitud, y aportando fotocopia del DNI o documento equivalente. Igualmente pueden enviar un correo electr\u00f3nico a la direcci\u00f3n tiendaonline@ocorpino.org .<\/p>\n<\/div><\/section><\/div>\n","protected":false},"excerpt":{"rendered":"","protected":false},"author":1,"featured_media":0,"parent":0,"menu_order":0,"comment_status":"closed","ping_status":"closed","template":"","meta":[],"yoast_head":"<!-- This site is optimized with the Yoast SEO plugin v20.5 - https:\/\/yoast.com\/wordpress\/plugins\/seo\/ -->\n<title>Privacy policy - Santuario O Corpi\u00f1o<\/title>\n<meta name=\"robots\" content=\"noindex, nofollow\" \/>\n<meta property=\"og:locale\" content=\"en_US\" \/>\n<meta property=\"og:type\" content=\"article\" \/>\n<meta property=\"og:title\" content=\"Privacy policy - Santuario O Corpi\u00f1o\" \/>\n<meta property=\"og:url\" content=\"https:\/\/ocorpino.org\/en\/privacy-policy\/\" \/>\n<meta property=\"og:site_name\" content=\"Santuario O Corpi\u00f1o\" \/>\n<meta property=\"article:publisher\" content=\"https:\/\/www.facebook.com\/santuariodeocorpino\" \/>\n<meta property=\"article:modified_time\" content=\"2017-12-18T11:57:16+00:00\" \/>\n<meta name=\"twitter:card\" content=\"summary_large_image\" \/>\n<meta name=\"twitter:site\" content=\"@ocorpino\" \/>\n<meta name=\"twitter:label1\" content=\"Est. reading time\" \/>\n\t<meta name=\"twitter:data1\" content=\"6 minutes\" \/>\n<script type=\"application\/ld+json\" class=\"yoast-schema-graph\">{\"@context\":\"https:\/\/schema.org\",\"@graph\":[{\"@type\":\"WebPage\",\"@id\":\"https:\/\/ocorpino.org\/en\/privacy-policy\/\",\"url\":\"https:\/\/ocorpino.org\/en\/privacy-policy\/\",\"name\":\"Privacy policy - Santuario O Corpi\u00f1o\",\"isPartOf\":{\"@id\":\"https:\/\/ocorpino.org\/#website\"},\"datePublished\":\"2016-04-25T09:39:33+00:00\",\"dateModified\":\"2017-12-18T11:57:16+00:00\",\"breadcrumb\":{\"@id\":\"https:\/\/ocorpino.org\/en\/privacy-policy\/#breadcrumb\"},\"inLanguage\":\"en-US\",\"potentialAction\":[{\"@type\":\"ReadAction\",\"target\":[\"https:\/\/ocorpino.org\/en\/privacy-policy\/\"]}]},{\"@type\":\"BreadcrumbList\",\"@id\":\"https:\/\/ocorpino.org\/en\/privacy-policy\/#breadcrumb\",\"itemListElement\":[{\"@type\":\"ListItem\",\"position\":1,\"name\":\"Portada\",\"item\":\"https:\/\/ocorpino.org\/en\/home\/\"},{\"@type\":\"ListItem\",\"position\":2,\"name\":\"Privacy policy\"}]},{\"@type\":\"WebSite\",\"@id\":\"https:\/\/ocorpino.org\/#website\",\"url\":\"https:\/\/ocorpino.org\/\",\"name\":\"Santuario O Corpi\u00f1o\",\"description\":\"Web oficial del Santuario\",\"publisher\":{\"@id\":\"https:\/\/ocorpino.org\/#organization\"},\"potentialAction\":[{\"@type\":\"SearchAction\",\"target\":{\"@type\":\"EntryPoint\",\"urlTemplate\":\"https:\/\/ocorpino.org\/?s={search_term_string}\"},\"query-input\":\"required name=search_term_string\"}],\"inLanguage\":\"en-US\"},{\"@type\":\"Organization\",\"@id\":\"https:\/\/ocorpino.org\/#organization\",\"name\":\"DIOCESE DE LUGO. SANTUARIO DA NOSA SE\u00d1ORA DO CORPI\u00d1O\",\"url\":\"https:\/\/ocorpino.org\/\",\"logo\":{\"@type\":\"ImageObject\",\"inLanguage\":\"en-US\",\"@id\":\"https:\/\/ocorpino.org\/#\/schema\/logo\/image\/\",\"url\":\"https:\/\/dev.ocorpino.org\/wp-content\/uploads\/2017\/06\/logo-completo1.png\",\"contentUrl\":\"https:\/\/dev.ocorpino.org\/wp-content\/uploads\/2017\/06\/logo-completo1.png\",\"width\":535,\"height\":535,\"caption\":\"DIOCESE DE LUGO. SANTUARIO DA NOSA SE\u00d1ORA DO CORPI\u00d1O\"},\"image\":{\"@id\":\"https:\/\/ocorpino.org\/#\/schema\/logo\/image\/\"},\"sameAs\":[\"https:\/\/www.facebook.com\/santuariodeocorpino\",\"https:\/\/twitter.com\/ocorpino\",\"https:\/\/www.instagram.com\/ocorpino\/\",\"https:\/\/www.youtube.com\/user\/Santuariocorpino\"]}]}<\/script>\n<!-- \/ Yoast SEO plugin. -->","yoast_head_json":{"title":"Privacy policy - Santuario O Corpi\u00f1o","robots":{"index":"noindex","follow":"nofollow"},"og_locale":"en_US","og_type":"article","og_title":"Privacy policy - Santuario O Corpi\u00f1o","og_url":"https:\/\/ocorpino.org\/en\/privacy-policy\/","og_site_name":"Santuario O Corpi\u00f1o","article_publisher":"https:\/\/www.facebook.com\/santuariodeocorpino","article_modified_time":"2017-12-18T11:57:16+00:00","twitter_card":"summary_large_image","twitter_site":"@ocorpino","twitter_misc":{"Est. reading time":"6 minutes"},"schema":{"@context":"https:\/\/schema.org","@graph":[{"@type":"WebPage","@id":"https:\/\/ocorpino.org\/en\/privacy-policy\/","url":"https:\/\/ocorpino.org\/en\/privacy-policy\/","name":"Privacy policy - Santuario O Corpi\u00f1o","isPartOf":{"@id":"https:\/\/ocorpino.org\/#website"},"datePublished":"2016-04-25T09:39:33+00:00","dateModified":"2017-12-18T11:57:16+00:00","breadcrumb":{"@id":"https:\/\/ocorpino.org\/en\/privacy-policy\/#breadcrumb"},"inLanguage":"en-US","potentialAction":[{"@type":"ReadAction","target":["https:\/\/ocorpino.org\/en\/privacy-policy\/"]}]},{"@type":"BreadcrumbList","@id":"https:\/\/ocorpino.org\/en\/privacy-policy\/#breadcrumb","itemListElement":[{"@type":"ListItem","position":1,"name":"Portada","item":"https:\/\/ocorpino.org\/en\/home\/"},{"@type":"ListItem","position":2,"name":"Privacy policy"}]},{"@type":"WebSite","@id":"https:\/\/ocorpino.org\/#website","url":"https:\/\/ocorpino.org\/","name":"Santuario O Corpi\u00f1o","description":"Web oficial del Santuario","publisher":{"@id":"https:\/\/ocorpino.org\/#organization"},"potentialAction":[{"@type":"SearchAction","target":{"@type":"EntryPoint","urlTemplate":"https:\/\/ocorpino.org\/?s={search_term_string}"},"query-input":"required name=search_term_string"}],"inLanguage":"en-US"},{"@type":"Organization","@id":"https:\/\/ocorpino.org\/#organization","name":"DIOCESE DE LUGO. SANTUARIO DA NOSA SE\u00d1ORA DO CORPI\u00d1O","url":"https:\/\/ocorpino.org\/","logo":{"@type":"ImageObject","inLanguage":"en-US","@id":"https:\/\/ocorpino.org\/#\/schema\/logo\/image\/","url":"https:\/\/dev.ocorpino.org\/wp-content\/uploads\/2017\/06\/logo-completo1.png","contentUrl":"https:\/\/dev.ocorpino.org\/wp-content\/uploads\/2017\/06\/logo-completo1.png","width":535,"height":535,"caption":"DIOCESE DE LUGO. SANTUARIO DA NOSA SE\u00d1ORA DO CORPI\u00d1O"},"image":{"@id":"https:\/\/ocorpino.org\/#\/schema\/logo\/image\/"},"sameAs":["https:\/\/www.facebook.com\/santuariodeocorpino","https:\/\/twitter.com\/ocorpino","https:\/\/www.instagram.com\/ocorpino\/","https:\/\/www.youtube.com\/user\/Santuariocorpino"]}]}},"_links":{"self":[{"href":"https:\/\/ocorpino.org\/en\/wp-json\/wp\/v2\/pages\/2744"}],"collection":[{"href":"https:\/\/ocorpino.org\/en\/wp-json\/wp\/v2\/pages"}],"about":[{"href":"https:\/\/ocorpino.org\/en\/wp-json\/wp\/v2\/types\/page"}],"author":[{"embeddable":true,"href":"https:\/\/ocorpino.org\/en\/wp-json\/wp\/v2\/users\/1"}],"replies":[{"embeddable":true,"href":"https:\/\/ocorpino.org\/en\/wp-json\/wp\/v2\/comments?post=2744"}],"version-history":[{"count":3,"href":"https:\/\/ocorpino.org\/en\/wp-json\/wp\/v2\/pages\/2744\/revisions"}],"predecessor-version":[{"id":3114,"href":"https:\/\/ocorpino.org\/en\/wp-json\/wp\/v2\/pages\/2744\/revisions\/3114"}],"wp:attachment":[{"href":"https:\/\/ocorpino.org\/en\/wp-json\/wp\/v2\/media?parent=2744"}],"curies":[{"name":"wp","href":"https:\/\/api.w.org\/{rel}","templated":true}]}}