{"id":2650,"date":"2017-06-29T12:04:58","date_gmt":"2017-06-29T12:04:58","guid":{"rendered":"https:\/\/ocorpino.org\/coronacion-pontificia\/"},"modified":"2022-04-22T18:35:54","modified_gmt":"2022-04-22T16:35:54","slug":"pontifical-coronation","status":"publish","type":"page","link":"https:\/\/ocorpino.org\/en\/pontifical-coronation\/","title":{"rendered":"Pontifical Coronation"},"content":{"rendered":"\n<style type=\"text\/css\" data-created_by=\"avia_inline_auto\" id=\"style-css-av-l2anmhac-edff27b44af81c5e54caedcdfb5d31e0\">\n.avia-section.av-l2anmhac-edff27b44af81c5e54caedcdfb5d31e0{\nbackground-color:#f2f6fa;\nbackground-image:unset;\n}\n<\/style>\n<div id='av_section_1'  class='avia-section av-l2anmhac-edff27b44af81c5e54caedcdfb5d31e0 main_color avia-section-default avia-no-shadow  avia-builder-el-0  avia-builder-el-no-sibling  avia-bg-style-scroll container_wrap fullsize'  ><div class='container av-section-cont-open' ><main  role=\"main\" itemprop=\"mainContentOfPage\"  class='template-page content  av-content-full alpha units'><div class='post-entry post-entry-type-page post-entry-2650'><div class='entry-content-wrapper clearfix'>\n<div class='flex_column_table av-av_three_fifth-34bae625fb626a9293e031b7edab057c sc-av_three_fifth av-equal-height-column-flextable'>\n<style type=\"text\/css\" data-created_by=\"avia_inline_auto\" id=\"style-css-av-av_three_fifth-34bae625fb626a9293e031b7edab057c\">\n.flex_column.av-av_three_fifth-34bae625fb626a9293e031b7edab057c{\n-webkit-border-radius:0px 0px 0px 0px;\n-moz-border-radius:0px 0px 0px 0px;\nborder-radius:0px 0px 0px 0px;\npadding:20px 20px 20px 20px;\nbackground-color:#ffffff;\n}\n<\/style>\n<div class='flex_column av-av_three_fifth-34bae625fb626a9293e031b7edab057c av_three_fifth  avia-builder-el-1  el_before_av_two_fifth  avia-builder-el-first  first flex_column_table_cell av-equal-height-column av-align-top '     ><p>\n<style type=\"text\/css\" data-created_by=\"avia_inline_auto\" id=\"style-css-av-av_heading-f20e0ca219b09f8dfcc59999b6db8351\">\n#top .av-special-heading.av-av_heading-f20e0ca219b09f8dfcc59999b6db8351{\npadding-bottom:10px;\n}\nbody .av-special-heading.av-av_heading-f20e0ca219b09f8dfcc59999b6db8351 .av-special-heading-tag .heading-char{\nfont-size:25px;\n}\n.av-special-heading.av-av_heading-f20e0ca219b09f8dfcc59999b6db8351 .av-subheading{\nfont-size:15px;\n}\n<\/style>\n<div  class='av-special-heading av-av_heading-f20e0ca219b09f8dfcc59999b6db8351 av-special-heading-h2 blockquote modern-quote  avia-builder-el-2  el_before_av_textblock  avia-builder-el-first '><h2 class='av-special-heading-tag'  itemprop=\"headline\"  >Coronaci\u00f3n Pontificia<\/h2><div class=\"special-heading-border\"><div class=\"special-heading-inner-border\"><\/div><\/div><\/div><br \/>\n<section  class='av_textblock_section av-av_textblock-396ddf1f42196ca838231e61a4602801'  itemscope=\"itemscope\" itemtype=\"https:\/\/schema.org\/CreativeWork\" ><div class='avia_textblock'  itemprop=\"text\" ><p>El rito de Coronaci\u00f3n es todo \u00e9l una expresi\u00f3n de fe en la realeza de Cristo y de Mar\u00eda. En la oraci\u00f3n de bendici\u00f3n de las coronas con las que van a ser ce\u00f1idas las im\u00e1genes de Cristo y de su Madre, se dice: <b>\u201cMira, Se\u00f1or, benignamente a \u00e9stos tus siervos que, al ce\u00f1ir con una corona visible la imagen de Cristo y de su Madre reconocen en tu Hijo al Rey del universo e invocan como Reina a la Virgen Mar\u00eda\u201d<\/b>.<\/p>\n<p>En la oraci\u00f3n de bendici\u00f3n se exalta a Cristo como Rey. Unida a la realeza de Cristo est\u00e1 la de Mar\u00eda. El rito de coronaci\u00f3n es reconocimiento de esta realeza, que depende totalmente de la de Cristo, su Hijo. De manera sint\u00e9tica lo indica el ceremonial de Obispos: <b>\u201ccon esta celebraci\u00f3n los fieles confiesan que la bienaventurada Virgen Mar\u00eda fue elevada en cuerpo y alma a la gloria celestial y que con toda raz\u00f3n se la debe tener e invocar como a Reina\u201d<\/b>.<\/p>\n<p>El pueblo aplica con espontaneidad y casi intuitivamente el t\u00edtulo de \u201creina\u201d a Mar\u00eda, con el que expresa su conciencia de que vela por la Iglesia y por el mundo. Esta caracterizaci\u00f3n no aleja a Mar\u00eda del pueblo, que <b>nunca separa el t\u00edtulo de \u201creina\u201d de su condici\u00f3n de \u201cmadre\u201d<\/b>. <b>Es una reina en la que se conf\u00eda y a la que se dirigen las s\u00faplicas, sabiendo que siempre escucha<\/b>. El s\u00edmbolo de Mar\u00eda reina va unido a la misericordia y al perd\u00f3n. <b>Es reina cercana a todos y especialmente a la gente sencilla, humilde y necesitada. Mar\u00eda reina es querida por todos.<\/b> Su memoria tiene un fuerte poder de convocaci\u00f3n para nuestro pueblo.<\/p>\n<\/div><\/section><\/p><\/div><div class='av-flex-placeholder'><\/div>\n<style type=\"text\/css\" data-created_by=\"avia_inline_auto\" id=\"style-css-av-av_two_fifth-7db28fda6876469a0184c19f89de3fb8\">\n.flex_column.av-av_two_fifth-7db28fda6876469a0184c19f89de3fb8{\n-webkit-border-radius:0px 0px 0px 0px;\n-moz-border-radius:0px 0px 0px 0px;\nborder-radius:0px 0px 0px 0px;\npadding:20px 20px 20px 20px;\nbackground-color:#ffffff;\n}\n<\/style>\n<div class='flex_column av-av_two_fifth-7db28fda6876469a0184c19f89de3fb8 av_two_fifth  avia-builder-el-4  el_after_av_three_fifth  el_before_av_hr  flex_column_table_cell av-equal-height-column av-align-top '     ><p>\n<style type=\"text\/css\" data-created_by=\"avia_inline_auto\" id=\"style-css-av-av_image-d974a5d7b258f4a2bcc0ae723cf910f3\">\n.avia-image-container.av-av_image-d974a5d7b258f4a2bcc0ae723cf910f3 img.avia_image{\nbox-shadow:none;\n}\n.avia-image-container.av-av_image-d974a5d7b258f4a2bcc0ae723cf910f3 .av-image-caption-overlay-center{\ncolor:#ffffff;\n}\n<\/style>\n<div  class='avia-image-container av-av_image-d974a5d7b258f4a2bcc0ae723cf910f3 av-styling- avia-align-center  avia-builder-el-5  el_before_av_textblock  avia-builder-el-first '   itemprop=\"image\" itemscope=\"itemscope\" itemtype=\"https:\/\/schema.org\/ImageObject\" ><div class=\"avia-image-container-inner\"><div class=\"avia-image-overlay-wrap\"><img decoding=\"async\" class='wp-image-1636 avia-img-lazy-loading-not-1636 avia_image ' src=\"https:\/\/ocorpino.org\/wp-content\/uploads\/2017\/03\/virgen_8-1.jpg\" alt='' title='virgen_8'  height=\"640\" width=\"485\"  itemprop=\"thumbnailUrl\" srcset=\"https:\/\/ocorpino.org\/wp-content\/uploads\/2017\/03\/virgen_8-1.jpg 485w, https:\/\/ocorpino.org\/wp-content\/uploads\/2017\/03\/virgen_8-1-227x300.jpg 227w, https:\/\/ocorpino.org\/wp-content\/uploads\/2017\/03\/virgen_8-1-450x594.jpg 450w\" sizes=\"(max-width: 485px) 100vw, 485px\" \/><\/div><\/div><\/div><br \/>\n<section  class='av_textblock_section av-av_textblock-396ddf1f42196ca838231e61a4602801'  itemscope=\"itemscope\" itemtype=\"https:\/\/schema.org\/CreativeWork\" ><div class='avia_textblock'  itemprop=\"text\" ><blockquote>\n<p>La coronaci\u00f3n deber\u00e1 tener en cuenta que el verdadero centro de todo el culto cristiano es Jesucristo.\u00a0<b>Encontrarse con Mar\u00eda reina tiene que terminar siempre siendo un encuentro con Dios en Cristo<\/b>.<\/p>\n<\/blockquote>\n<\/div><\/section><\/p><\/div><\/div><!--close column table wrapper. Autoclose: 1 -->\n<style type=\"text\/css\" data-created_by=\"avia_inline_auto\" id=\"style-css-av-av_hr-4474f20d2389e2e5ecf918a02da5132e\">\n#top .hr.hr-invisible.av-av_hr-4474f20d2389e2e5ecf918a02da5132e{\nheight:50px;\n}\n<\/style>\n<div  class='hr av-av_hr-4474f20d2389e2e5ecf918a02da5132e hr-invisible  avia-builder-el-7  el_after_av_two_fifth  el_before_av_one_full '><span class='hr-inner '><span class=\"hr-inner-style\"><\/span><\/span><\/div>\n\n<style type=\"text\/css\" data-created_by=\"avia_inline_auto\" id=\"style-css-av-av_one_full-10b875b05bc6c6b6f370405ac41b515c\">\n.flex_column.av-av_one_full-10b875b05bc6c6b6f370405ac41b515c{\n-webkit-border-radius:0px 0px 0px 0px;\n-moz-border-radius:0px 0px 0px 0px;\nborder-radius:0px 0px 0px 0px;\npadding:20px 20px 20px 20px;\nbackground-color:#ffffff;\n}\n<\/style>\n<div class='flex_column av-av_one_full-10b875b05bc6c6b6f370405ac41b515c av_one_full  avia-builder-el-8  el_after_av_hr  avia-builder-el-last  first flex_column_div '     ><section  class='av_textblock_section av-av_textblock-396ddf1f42196ca838231e61a4602801'  itemscope=\"itemscope\" itemtype=\"https:\/\/schema.org\/CreativeWork\" ><div class='avia_textblock'  itemprop=\"text\" ><p>En la coronaci\u00f3n de la Virgen, se aclama a Mar\u00eda como se\u00f1ora y patrona. Este acto lit\u00fargico es ocasi\u00f3n para renovar el deseo de entrar en el reino, para intensificar la fe en la vida eterna y para impulsar gestos de misericordia y de perd\u00f3n.<\/p>\n<p><b>Al coronar la imagen de la Bienaventurada Virgen Mar\u00eda de O Corpi\u00f1o, hacemos expresi\u00f3n de la devoci\u00f3n sincera a la Madre de Dios. Manifestamos mediante este rito sentimientos de alabanza, de cari\u00f1o y de gratitud hacia la Virgen de O Corpi\u00f1o por habernos acompa\u00f1ado a lo largo de los siglos. Por haberse acercado a nosotros en este lugar donde <a href=\"http:\/\/airmail.calendar\/2017-06-29%2012:00:00%20CEST\">hoy<\/a> se yergue su Santuario<\/b> Ella aparece ante nosotros como el s\u00edmbolo de una presencia constante, protectora, maternal y misericordiosa. Al venerarla como patrona, madre y reina gloriosa en el cielo, estamos seguros de que ella, llena de misericordia, intercede en nuestro favor, y por tanto imploramos con confianza su protecci\u00f3n.<\/p>\n<\/div><\/section><\/div>\n\n","protected":false},"excerpt":{"rendered":"","protected":false},"author":1,"featured_media":0,"parent":0,"menu_order":0,"comment_status":"closed","ping_status":"closed","template":"","meta":[],"yoast_head":"<!-- This site is optimized with the Yoast SEO plugin v20.5 - https:\/\/yoast.com\/wordpress\/plugins\/seo\/ -->\n<title>Pontifical Coronation - Santuario O Corpi\u00f1o<\/title>\n<meta name=\"robots\" content=\"index, follow, max-snippet:-1, max-image-preview:large, max-video-preview:-1\" \/>\n<link rel=\"canonical\" href=\"https:\/\/ocorpino.org\/en\/pontifical-coronation\/\" \/>\n<meta property=\"og:locale\" content=\"en_US\" \/>\n<meta property=\"og:type\" content=\"article\" \/>\n<meta property=\"og:title\" content=\"Pontifical Coronation - Santuario O Corpi\u00f1o\" \/>\n<meta property=\"og:url\" content=\"https:\/\/ocorpino.org\/en\/pontifical-coronation\/\" \/>\n<meta property=\"og:site_name\" content=\"Santuario O Corpi\u00f1o\" \/>\n<meta property=\"article:publisher\" content=\"https:\/\/www.facebook.com\/santuariodeocorpino\" \/>\n<meta property=\"article:modified_time\" content=\"2022-04-22T16:35:54+00:00\" \/>\n<meta name=\"twitter:card\" content=\"summary_large_image\" \/>\n<meta name=\"twitter:site\" content=\"@ocorpino\" \/>\n<meta name=\"twitter:label1\" content=\"Est. reading time\" \/>\n\t<meta name=\"twitter:data1\" content=\"5 minutes\" \/>\n<script type=\"application\/ld+json\" class=\"yoast-schema-graph\">{\"@context\":\"https:\/\/schema.org\",\"@graph\":[{\"@type\":\"WebPage\",\"@id\":\"https:\/\/ocorpino.org\/en\/pontifical-coronation\/\",\"url\":\"https:\/\/ocorpino.org\/en\/pontifical-coronation\/\",\"name\":\"Pontifical Coronation - Santuario O Corpi\u00f1o\",\"isPartOf\":{\"@id\":\"https:\/\/ocorpino.org\/#website\"},\"datePublished\":\"2017-06-29T12:04:58+00:00\",\"dateModified\":\"2022-04-22T16:35:54+00:00\",\"breadcrumb\":{\"@id\":\"https:\/\/ocorpino.org\/en\/pontifical-coronation\/#breadcrumb\"},\"inLanguage\":\"en-US\",\"potentialAction\":[{\"@type\":\"ReadAction\",\"target\":[\"https:\/\/ocorpino.org\/en\/pontifical-coronation\/\"]}]},{\"@type\":\"BreadcrumbList\",\"@id\":\"https:\/\/ocorpino.org\/en\/pontifical-coronation\/#breadcrumb\",\"itemListElement\":[{\"@type\":\"ListItem\",\"position\":1,\"name\":\"Portada\",\"item\":\"https:\/\/ocorpino.org\/en\/home\/\"},{\"@type\":\"ListItem\",\"position\":2,\"name\":\"Pontifical Coronation\"}]},{\"@type\":\"WebSite\",\"@id\":\"https:\/\/ocorpino.org\/#website\",\"url\":\"https:\/\/ocorpino.org\/\",\"name\":\"Santuario O Corpi\u00f1o\",\"description\":\"Web oficial del Santuario\",\"publisher\":{\"@id\":\"https:\/\/ocorpino.org\/#organization\"},\"potentialAction\":[{\"@type\":\"SearchAction\",\"target\":{\"@type\":\"EntryPoint\",\"urlTemplate\":\"https:\/\/ocorpino.org\/?s={search_term_string}\"},\"query-input\":\"required name=search_term_string\"}],\"inLanguage\":\"en-US\"},{\"@type\":\"Organization\",\"@id\":\"https:\/\/ocorpino.org\/#organization\",\"name\":\"DIOCESE DE LUGO. SANTUARIO DA NOSA SE\u00d1ORA DO CORPI\u00d1O\",\"url\":\"https:\/\/ocorpino.org\/\",\"logo\":{\"@type\":\"ImageObject\",\"inLanguage\":\"en-US\",\"@id\":\"https:\/\/ocorpino.org\/#\/schema\/logo\/image\/\",\"url\":\"https:\/\/dev.ocorpino.org\/wp-content\/uploads\/2017\/06\/logo-completo1.png\",\"contentUrl\":\"https:\/\/dev.ocorpino.org\/wp-content\/uploads\/2017\/06\/logo-completo1.png\",\"width\":535,\"height\":535,\"caption\":\"DIOCESE DE LUGO. SANTUARIO DA NOSA SE\u00d1ORA DO CORPI\u00d1O\"},\"image\":{\"@id\":\"https:\/\/ocorpino.org\/#\/schema\/logo\/image\/\"},\"sameAs\":[\"https:\/\/www.facebook.com\/santuariodeocorpino\",\"https:\/\/twitter.com\/ocorpino\",\"https:\/\/www.instagram.com\/ocorpino\/\",\"https:\/\/www.youtube.com\/user\/Santuariocorpino\"]}]}<\/script>\n<!-- \/ Yoast SEO plugin. -->","yoast_head_json":{"title":"Pontifical Coronation - Santuario O Corpi\u00f1o","robots":{"index":"index","follow":"follow","max-snippet":"max-snippet:-1","max-image-preview":"max-image-preview:large","max-video-preview":"max-video-preview:-1"},"canonical":"https:\/\/ocorpino.org\/en\/pontifical-coronation\/","og_locale":"en_US","og_type":"article","og_title":"Pontifical Coronation - Santuario O Corpi\u00f1o","og_url":"https:\/\/ocorpino.org\/en\/pontifical-coronation\/","og_site_name":"Santuario O Corpi\u00f1o","article_publisher":"https:\/\/www.facebook.com\/santuariodeocorpino","article_modified_time":"2022-04-22T16:35:54+00:00","twitter_card":"summary_large_image","twitter_site":"@ocorpino","twitter_misc":{"Est. reading time":"5 minutes"},"schema":{"@context":"https:\/\/schema.org","@graph":[{"@type":"WebPage","@id":"https:\/\/ocorpino.org\/en\/pontifical-coronation\/","url":"https:\/\/ocorpino.org\/en\/pontifical-coronation\/","name":"Pontifical Coronation - Santuario O Corpi\u00f1o","isPartOf":{"@id":"https:\/\/ocorpino.org\/#website"},"datePublished":"2017-06-29T12:04:58+00:00","dateModified":"2022-04-22T16:35:54+00:00","breadcrumb":{"@id":"https:\/\/ocorpino.org\/en\/pontifical-coronation\/#breadcrumb"},"inLanguage":"en-US","potentialAction":[{"@type":"ReadAction","target":["https:\/\/ocorpino.org\/en\/pontifical-coronation\/"]}]},{"@type":"BreadcrumbList","@id":"https:\/\/ocorpino.org\/en\/pontifical-coronation\/#breadcrumb","itemListElement":[{"@type":"ListItem","position":1,"name":"Portada","item":"https:\/\/ocorpino.org\/en\/home\/"},{"@type":"ListItem","position":2,"name":"Pontifical Coronation"}]},{"@type":"WebSite","@id":"https:\/\/ocorpino.org\/#website","url":"https:\/\/ocorpino.org\/","name":"Santuario O Corpi\u00f1o","description":"Web oficial del Santuario","publisher":{"@id":"https:\/\/ocorpino.org\/#organization"},"potentialAction":[{"@type":"SearchAction","target":{"@type":"EntryPoint","urlTemplate":"https:\/\/ocorpino.org\/?s={search_term_string}"},"query-input":"required name=search_term_string"}],"inLanguage":"en-US"},{"@type":"Organization","@id":"https:\/\/ocorpino.org\/#organization","name":"DIOCESE DE LUGO. SANTUARIO DA NOSA SE\u00d1ORA DO CORPI\u00d1O","url":"https:\/\/ocorpino.org\/","logo":{"@type":"ImageObject","inLanguage":"en-US","@id":"https:\/\/ocorpino.org\/#\/schema\/logo\/image\/","url":"https:\/\/dev.ocorpino.org\/wp-content\/uploads\/2017\/06\/logo-completo1.png","contentUrl":"https:\/\/dev.ocorpino.org\/wp-content\/uploads\/2017\/06\/logo-completo1.png","width":535,"height":535,"caption":"DIOCESE DE LUGO. SANTUARIO DA NOSA SE\u00d1ORA DO CORPI\u00d1O"},"image":{"@id":"https:\/\/ocorpino.org\/#\/schema\/logo\/image\/"},"sameAs":["https:\/\/www.facebook.com\/santuariodeocorpino","https:\/\/twitter.com\/ocorpino","https:\/\/www.instagram.com\/ocorpino\/","https:\/\/www.youtube.com\/user\/Santuariocorpino"]}]}},"_links":{"self":[{"href":"https:\/\/ocorpino.org\/en\/wp-json\/wp\/v2\/pages\/2650"}],"collection":[{"href":"https:\/\/ocorpino.org\/en\/wp-json\/wp\/v2\/pages"}],"about":[{"href":"https:\/\/ocorpino.org\/en\/wp-json\/wp\/v2\/types\/page"}],"author":[{"embeddable":true,"href":"https:\/\/ocorpino.org\/en\/wp-json\/wp\/v2\/users\/1"}],"replies":[{"embeddable":true,"href":"https:\/\/ocorpino.org\/en\/wp-json\/wp\/v2\/comments?post=2650"}],"version-history":[{"count":4,"href":"https:\/\/ocorpino.org\/en\/wp-json\/wp\/v2\/pages\/2650\/revisions"}],"predecessor-version":[{"id":5936,"href":"https:\/\/ocorpino.org\/en\/wp-json\/wp\/v2\/pages\/2650\/revisions\/5936"}],"wp:attachment":[{"href":"https:\/\/ocorpino.org\/en\/wp-json\/wp\/v2\/media?parent=2650"}],"curies":[{"name":"wp","href":"https:\/\/api.w.org\/{rel}","templated":true}]}}