{"id":2609,"date":"2016-04-25T09:39:24","date_gmt":"2016-04-25T09:39:24","guid":{"rendered":"https:\/\/ocorpino.org\/aviso-legal\/"},"modified":"2017-12-18T09:22:23","modified_gmt":"2017-12-18T09:22:23","slug":"aviso-legal","status":"publish","type":"page","link":"https:\/\/ocorpino.org\/en\/aviso-legal\/","title":{"rendered":"Legal Notice"},"content":{"rendered":"<div id='av_section_1'  class='avia-section av-av_section-31779286dc2676a8567fef3678c764df main_color avia-section-default avia-no-shadow  avia-builder-el-0  avia-builder-el-no-sibling  avia-bg-style-scroll container_wrap fullsize'  ><div class='container av-section-cont-open' ><main  role=\"main\" itemprop=\"mainContentOfPage\"  class='template-page content  av-content-full alpha units'><div class='post-entry post-entry-type-page post-entry-2609'><div class='entry-content-wrapper clearfix'>\n\n<style type=\"text\/css\" data-created_by=\"avia_inline_auto\" id=\"style-css-av-av_one_full-6126cab7d8fab8d08143dd2dacdf673c\">\n.flex_column.av-av_one_full-6126cab7d8fab8d08143dd2dacdf673c{\n-webkit-border-radius:0px 0px 0px 0px;\n-moz-border-radius:0px 0px 0px 0px;\nborder-radius:0px 0px 0px 0px;\npadding:0px 0px 0px 0px;\n}\n<\/style>\n<div class='flex_column av-av_one_full-6126cab7d8fab8d08143dd2dacdf673c av_one_full  avia-builder-el-1  avia-builder-el-no-sibling  first flex_column_div av-zero-column-padding '     ><section  class='av_textblock_section av-av_textblock-396ddf1f42196ca838231e61a4602801'  itemscope=\"itemscope\" itemtype=\"https:\/\/schema.org\/CreativeWork\" ><div class='avia_textblock'  itemprop=\"text\" ><h3>Aviso Legal<\/h3>\n<p>Todos los derechos reservados. Los contenidos totales o parciales de este Sitio WEB no podr\u00e1n ser reproducidos, distribuidos, comunicados p\u00fablicamente en forma alguna ni almacenados sin la previa autorizaci\u00f3n por escrito del Santuario de \u00a0Nuestra Se\u00f1ora la Virgen de O Corpi\u00f1o (en adelante Santuario de O Corpi\u00f1o).<\/p>\n<p><b>Santuario de O Corpi\u00f1o<\/b> expresamente proh\u00edbe el acceso a los contenidos de este sitio web a trav\u00e9s de sistemas robot o cualquier otro sistema mecanizado que no se corresponda con el acceso personal de usuarios a sus p\u00e1ginas.<\/p>\n<p>En caso de que est\u00e9 interesado en reproducir, distribuir, comunicar, almacenar o utilizar en cualquier forma los contenidos de este Sitio WEB, dirija su petici\u00f3n por escrito al Santuario de O Corpi\u00f1o con el fin de poder gestionar la autorizaci\u00f3n necesaria.<\/p>\n<p><b>1<\/b> <b>DATOS IDENTIFICATIVOS<\/b>. En cumplimiento con el deber de informaci\u00f3n recogido en art\u00edculo 10 de la Ley 34\/2002, de 11 de julio, de Servicios de la Sociedad de la Informaci\u00f3n y del Comercio Electr\u00f3nico, a continuaci\u00f3n se reflejan los siguientes datos: Di\u00f3cesis de Lugo, Santuario de Nuestra Se\u00f1ora la Virgen de O Corpi\u00f1o, Santa Eulalia de Los\u00f3n s\/n, CP: 36512 Lal\u00edn, Pontevedra, Espa\u00f1a., CIF: R2700002E (En adelante Santuario de O Corpi\u00f1o) y la tienda online que posee domicilio social y tienda f\u00edsica en la misma ubicaci\u00f3n.<\/p>\n<h3><\/h3>\n<p><b>2<\/b> <b>USUARIOS<\/b>: El acceso y\/o uso de los sitios web del Santuario de O Corpi\u00f1o atribuye la condici\u00f3n de USUARIO, que acepta, desde dicho acceso y\/o uso, las Condiciones Generales de Uso aqu\u00ed reflejadas. Las citadas condiciones ser\u00e1n de aplicaci\u00f3n independientemente de las Condiciones Generales de Contrataci\u00f3n que en su caso resulten de obligado cumplimiento.<\/p>\n<p><b>3<\/b> <b>USO DEL SITIO WEB<\/b>: el sitio Web del Santuario de O Corpi\u00f1o proporciona el acceso a multitud de informaciones, servicios, herramientas, datos, etc. (en adelante, \u201clos contenidos\u201d) en Internet pertenecientes al Santuario de O Corpi\u00f1o, y a los que el USUARIO puede tener acceso. El USUARIO asume la responsabilidad del uso del sitio web.<\/p>\n<p><b>4<\/b> <b>El USUARIO<\/b> se compromete a hacer un uso adecuado de los contenidos y servicios que el Santuario de O Corpi\u00f1o ofrece a trav\u00e9s de su sitio web. EL Santuario de O Corpi\u00f1o se reserva el derecho de retirar todos aquellos comentarios y aportaciones que vulneren el respeto a la dignidad de la persona, que sean discriminatorios, est\u00e9n en contra de la fe o Iglesia Cat\u00f3lica, xen\u00f3fobos, racistas, groseros, que atenten contra la juventud o la infancia, el orden o la seguridad p\u00fablica o que, a su juicio, no resultar\u00e1n adecuados para su publicaci\u00f3n en la p\u00e1gina web de la Iglesia Cat\u00f3lica. En cualquier caso, el Santuario de O Corpi\u00f1o \u00a0no ser\u00e1 responsable de las opiniones vertidas por los usuarios a trav\u00e9s de cualquier comentario u opini\u00f3n publicada por ellos.<\/p>\n<p><b>5<\/b> <b>PROTECCI\u00d3N DE DATOS: <\/b>El Santuario de O Corpi\u00f1o cumple con las directrices de la Ley Org\u00e1nica 15\/1999 de 13 de diciembre de Protecci\u00f3n de Datos de Car\u00e1cter Personal, el Real Decreto 1720\/2007 de 21 de diciembre por el que se aprueba el Reglamento de desarrollo de la Ley Org\u00e1nica y dem\u00e1s normativa vigente en cada momento, y vela por garantizar un correcto uso y tratamiento de los datos personales del usuario. Para ello, junto a cada formulario de recabo de datos de car\u00e1cter personal, en los servicios que el USUARIO pueda solicitar al Santuario de O Corpi\u00f1o, har\u00e1 saber al USUARIO de la existencia y aceptaci\u00f3n de las condiciones particulares del tratamiento de sus datos en cada caso, inform\u00e1ndole de la responsabilidad del fichero creado, la direcci\u00f3n del responsable, la posibilidad de ejercer sus derechos de acceso, rectificaci\u00f3n, cancelaci\u00f3n u oposici\u00f3n, la finalidad del tratamiento y las comunicaciones de datos a terceros en su caso. Asimismo, el Santuario de O Corpi\u00f1o informa que da cumplimiento a la Ley 34\/2002 de 11 de julio, de Servicios de la Sociedad de la Informaci\u00f3n y el Comercio Electr\u00f3nico y le solicitar\u00e1 su consentimiento al tratamiento de su correo electr\u00f3nico con fines comerciales en cada momento.<\/p>\n<h3><\/h3>\n<p><b>6<\/b> <b>EXCLUSI\u00d3N DE GARANT\u00cdAS Y RESPONSABILIDAD<\/b>: El Santuario de O Corpi\u00f1o \u00a0no se hace responsable, en ning\u00fan caso, de los da\u00f1os y perjuicios de cualquier naturaleza que pudieran ocasionar, a t\u00edtulo enunciativo: errores u omisiones en los contenidos, falta de disponibilidad del portal o la transmisi\u00f3n de virus o programas maliciosos o lesivos en los contenidos, a pesar de haber adoptado todas las medidas tecnol\u00f3gicas necesarias para evitarlo.<\/p>\n<h3><\/h3>\n<p><b>7<\/b> <b>MODIFICACIONES<\/b>: El Santuario de O Corpi\u00f1o se reserva el derecho de efectuar sin previo aviso las modificaciones que considere oportunas en su sitio web, pudiendo cambiar, suprimir o a\u00f1adir tanto los contenidos y servicios que se presten a trav\u00e9s de la misma como la forma en la que \u00e9stos aparezcan presentados o localizados en su sitio web.<\/p>\n<h3><\/h3>\n<p><b>8<\/b> <b>EMPLEO DE COOKIES<\/b>: El Santuario de O Corpi\u00f1o podr\u00e1 utilizar cookies para personalizar y facilitar al m\u00e1ximo la navegaci\u00f3n del USUARIO por su sitio web. Las cookies se asocian \u00fanicamente a un USUARIO an\u00f3nimo y su ordenador y no proporcionan referencias que permitan deducir datos personales del USUARIO. El USUARIO podr\u00e1 configurar su navegador para que notifique y rechace la instalaci\u00f3n de las cookies enviadas por el Santuario de O Corpi\u00f1o, sin que ello perjudique la posibilidad del USUARIO de acceder a los Contenidos.<\/p>\n<h3><\/h3>\n<p><b>9<\/b> <b>ENLACES<\/b>: En el caso de que en el sitio web se dispusiesen enlaces o hiperv\u00ednculos hac\u00eda otros sitios de Internet, el Santuario de O Corpi\u00f1o no ejercer\u00e1 ning\u00fan tipo de control sobre dichos sitios y contenidos. En ning\u00fan caso asumir\u00e1 responsabilidad alguna por los contenidos de alg\u00fan enlace perteneciente a un sitio web ajeno, ni garantizar\u00e1 la disponibilidad t\u00e9cnica, calidad, fiabilidad, exactitud, amplitud, veracidad, validez y constitucionalidad de cualquier material o informaci\u00f3n contenida en ninguno de dichos hiperv\u00ednculos u otros sitios de Internet. Igualmente la inclusi\u00f3n de estas conexiones externas no implicar\u00e1 ning\u00fan tipo de asociaci\u00f3n, fusi\u00f3n o participaci\u00f3n con las entidades conectadas.<\/p>\n<p><b>10 DERECHO DE EXCLUSI\u00d3N<\/b>: Santuario de O Corpi\u00f1o se reserva el derecho a denegar o retirar el acceso a su sitio web y\/o los servicios ofrecidos sin necesidad de preaviso, a instancia propia o de un tercero, a aquellos usuarios que incumplan las presentes Condiciones Generales de Uso.<\/p>\n<p><b>11 GENERALIDADES<\/b>: El Santuario de O Corpi\u00f1o \u00a0perseguir\u00e1 el incumplimiento de las presentes condiciones as\u00ed como cualquier utilizaci\u00f3n indebida de su sitio web ejerciendo todas las acciones civiles y penales que le puedan corresponder en derecho.<\/p>\n<p><b>12 MODIFICACI\u00d3N DE LAS PRESENTES CONDICIONES Y DURACI\u00d3N<\/b>: El Santuario de O Corpi\u00f1o podr\u00e1 modificar en cualquier momento las condiciones aqu\u00ed determinadas, siendo debidamente publicadas como aqu\u00ed aparecen. La vigencia de las citadas condiciones ir\u00e1 en funci\u00f3n de su exposici\u00f3n y estar\u00e1n vigentes hasta que sean modificadas por otras debidamente publicadas.<\/p>\n<p><b>13 LEGISLACI\u00d3N APLICABLE Y JURISDICCI\u00d3N<\/b>: La relaci\u00f3n entre el Santuario de O Corpi\u00f1o \u00a0y el USUARIO se regir\u00e1 por la normativa espa\u00f1ola vigente y cualquier controversia se someter\u00e1 a los Juzgados y tribunales de Espa\u00f1a.<\/p>\n<\/div><\/section><\/div>\n","protected":false},"excerpt":{"rendered":"","protected":false},"author":1,"featured_media":0,"parent":0,"menu_order":0,"comment_status":"closed","ping_status":"closed","template":"","meta":[],"yoast_head":"<!-- This site is optimized with the Yoast SEO plugin v20.5 - https:\/\/yoast.com\/wordpress\/plugins\/seo\/ -->\n<title>Legal Notice - Santuario O Corpi\u00f1o<\/title>\n<meta name=\"robots\" content=\"noindex, nofollow\" \/>\n<meta property=\"og:locale\" content=\"en_US\" \/>\n<meta property=\"og:type\" content=\"article\" \/>\n<meta property=\"og:title\" content=\"Legal Notice - Santuario O Corpi\u00f1o\" \/>\n<meta property=\"og:url\" content=\"https:\/\/ocorpino.org\/en\/aviso-legal\/\" \/>\n<meta property=\"og:site_name\" content=\"Santuario O Corpi\u00f1o\" \/>\n<meta property=\"article:publisher\" content=\"https:\/\/www.facebook.com\/santuariodeocorpino\" \/>\n<meta property=\"article:modified_time\" content=\"2017-12-18T09:22:23+00:00\" \/>\n<meta name=\"twitter:card\" content=\"summary_large_image\" \/>\n<meta name=\"twitter:site\" content=\"@ocorpino\" \/>\n<meta name=\"twitter:label1\" content=\"Est. reading time\" \/>\n\t<meta name=\"twitter:data1\" content=\"7 minutes\" \/>\n<script type=\"application\/ld+json\" class=\"yoast-schema-graph\">{\"@context\":\"https:\/\/schema.org\",\"@graph\":[{\"@type\":\"WebPage\",\"@id\":\"https:\/\/ocorpino.org\/en\/aviso-legal\/\",\"url\":\"https:\/\/ocorpino.org\/en\/aviso-legal\/\",\"name\":\"Legal Notice - Santuario O Corpi\u00f1o\",\"isPartOf\":{\"@id\":\"https:\/\/ocorpino.org\/#website\"},\"datePublished\":\"2016-04-25T09:39:24+00:00\",\"dateModified\":\"2017-12-18T09:22:23+00:00\",\"breadcrumb\":{\"@id\":\"https:\/\/ocorpino.org\/en\/aviso-legal\/#breadcrumb\"},\"inLanguage\":\"en-US\",\"potentialAction\":[{\"@type\":\"ReadAction\",\"target\":[\"https:\/\/ocorpino.org\/en\/aviso-legal\/\"]}]},{\"@type\":\"BreadcrumbList\",\"@id\":\"https:\/\/ocorpino.org\/en\/aviso-legal\/#breadcrumb\",\"itemListElement\":[{\"@type\":\"ListItem\",\"position\":1,\"name\":\"Portada\",\"item\":\"https:\/\/ocorpino.org\/en\/home\/\"},{\"@type\":\"ListItem\",\"position\":2,\"name\":\"Legal Notice\"}]},{\"@type\":\"WebSite\",\"@id\":\"https:\/\/ocorpino.org\/#website\",\"url\":\"https:\/\/ocorpino.org\/\",\"name\":\"Santuario O Corpi\u00f1o\",\"description\":\"Web oficial del Santuario\",\"publisher\":{\"@id\":\"https:\/\/ocorpino.org\/#organization\"},\"potentialAction\":[{\"@type\":\"SearchAction\",\"target\":{\"@type\":\"EntryPoint\",\"urlTemplate\":\"https:\/\/ocorpino.org\/?s={search_term_string}\"},\"query-input\":\"required name=search_term_string\"}],\"inLanguage\":\"en-US\"},{\"@type\":\"Organization\",\"@id\":\"https:\/\/ocorpino.org\/#organization\",\"name\":\"DIOCESE DE LUGO. SANTUARIO DA NOSA SE\u00d1ORA DO CORPI\u00d1O\",\"url\":\"https:\/\/ocorpino.org\/\",\"logo\":{\"@type\":\"ImageObject\",\"inLanguage\":\"en-US\",\"@id\":\"https:\/\/ocorpino.org\/#\/schema\/logo\/image\/\",\"url\":\"https:\/\/dev.ocorpino.org\/wp-content\/uploads\/2017\/06\/logo-completo1.png\",\"contentUrl\":\"https:\/\/dev.ocorpino.org\/wp-content\/uploads\/2017\/06\/logo-completo1.png\",\"width\":535,\"height\":535,\"caption\":\"DIOCESE DE LUGO. SANTUARIO DA NOSA SE\u00d1ORA DO CORPI\u00d1O\"},\"image\":{\"@id\":\"https:\/\/ocorpino.org\/#\/schema\/logo\/image\/\"},\"sameAs\":[\"https:\/\/www.facebook.com\/santuariodeocorpino\",\"https:\/\/twitter.com\/ocorpino\",\"https:\/\/www.instagram.com\/ocorpino\/\",\"https:\/\/www.youtube.com\/user\/Santuariocorpino\"]}]}<\/script>\n<!-- \/ Yoast SEO plugin. -->","yoast_head_json":{"title":"Legal Notice - Santuario O Corpi\u00f1o","robots":{"index":"noindex","follow":"nofollow"},"og_locale":"en_US","og_type":"article","og_title":"Legal Notice - Santuario O Corpi\u00f1o","og_url":"https:\/\/ocorpino.org\/en\/aviso-legal\/","og_site_name":"Santuario O Corpi\u00f1o","article_publisher":"https:\/\/www.facebook.com\/santuariodeocorpino","article_modified_time":"2017-12-18T09:22:23+00:00","twitter_card":"summary_large_image","twitter_site":"@ocorpino","twitter_misc":{"Est. reading time":"7 minutes"},"schema":{"@context":"https:\/\/schema.org","@graph":[{"@type":"WebPage","@id":"https:\/\/ocorpino.org\/en\/aviso-legal\/","url":"https:\/\/ocorpino.org\/en\/aviso-legal\/","name":"Legal Notice - Santuario O Corpi\u00f1o","isPartOf":{"@id":"https:\/\/ocorpino.org\/#website"},"datePublished":"2016-04-25T09:39:24+00:00","dateModified":"2017-12-18T09:22:23+00:00","breadcrumb":{"@id":"https:\/\/ocorpino.org\/en\/aviso-legal\/#breadcrumb"},"inLanguage":"en-US","potentialAction":[{"@type":"ReadAction","target":["https:\/\/ocorpino.org\/en\/aviso-legal\/"]}]},{"@type":"BreadcrumbList","@id":"https:\/\/ocorpino.org\/en\/aviso-legal\/#breadcrumb","itemListElement":[{"@type":"ListItem","position":1,"name":"Portada","item":"https:\/\/ocorpino.org\/en\/home\/"},{"@type":"ListItem","position":2,"name":"Legal Notice"}]},{"@type":"WebSite","@id":"https:\/\/ocorpino.org\/#website","url":"https:\/\/ocorpino.org\/","name":"Santuario O Corpi\u00f1o","description":"Web oficial del Santuario","publisher":{"@id":"https:\/\/ocorpino.org\/#organization"},"potentialAction":[{"@type":"SearchAction","target":{"@type":"EntryPoint","urlTemplate":"https:\/\/ocorpino.org\/?s={search_term_string}"},"query-input":"required name=search_term_string"}],"inLanguage":"en-US"},{"@type":"Organization","@id":"https:\/\/ocorpino.org\/#organization","name":"DIOCESE DE LUGO. SANTUARIO DA NOSA SE\u00d1ORA DO CORPI\u00d1O","url":"https:\/\/ocorpino.org\/","logo":{"@type":"ImageObject","inLanguage":"en-US","@id":"https:\/\/ocorpino.org\/#\/schema\/logo\/image\/","url":"https:\/\/dev.ocorpino.org\/wp-content\/uploads\/2017\/06\/logo-completo1.png","contentUrl":"https:\/\/dev.ocorpino.org\/wp-content\/uploads\/2017\/06\/logo-completo1.png","width":535,"height":535,"caption":"DIOCESE DE LUGO. SANTUARIO DA NOSA SE\u00d1ORA DO CORPI\u00d1O"},"image":{"@id":"https:\/\/ocorpino.org\/#\/schema\/logo\/image\/"},"sameAs":["https:\/\/www.facebook.com\/santuariodeocorpino","https:\/\/twitter.com\/ocorpino","https:\/\/www.instagram.com\/ocorpino\/","https:\/\/www.youtube.com\/user\/Santuariocorpino"]}]}},"_links":{"self":[{"href":"https:\/\/ocorpino.org\/en\/wp-json\/wp\/v2\/pages\/2609"}],"collection":[{"href":"https:\/\/ocorpino.org\/en\/wp-json\/wp\/v2\/pages"}],"about":[{"href":"https:\/\/ocorpino.org\/en\/wp-json\/wp\/v2\/types\/page"}],"author":[{"embeddable":true,"href":"https:\/\/ocorpino.org\/en\/wp-json\/wp\/v2\/users\/1"}],"replies":[{"embeddable":true,"href":"https:\/\/ocorpino.org\/en\/wp-json\/wp\/v2\/comments?post=2609"}],"version-history":[{"count":2,"href":"https:\/\/ocorpino.org\/en\/wp-json\/wp\/v2\/pages\/2609\/revisions"}],"predecessor-version":[{"id":3037,"href":"https:\/\/ocorpino.org\/en\/wp-json\/wp\/v2\/pages\/2609\/revisions\/3037"}],"wp:attachment":[{"href":"https:\/\/ocorpino.org\/en\/wp-json\/wp\/v2\/media?parent=2609"}],"curies":[{"name":"wp","href":"https:\/\/api.w.org\/{rel}","templated":true}]}}